{"id":9812,"date":"2021-06-11T14:42:23","date_gmt":"2021-06-11T12:42:23","guid":{"rendered":"https:\/\/www.editions-libel.fr\/maison-edition\/?post_type=product&#038;p=9812"},"modified":"2024-04-24T15:07:22","modified_gmt":"2024-04-24T13:07:22","slug":"les-dix-recommandements","status":"publish","type":"product","link":"https:\/\/dev.editions-libel.fr\/2019\/boutique\/les-dix-recommandements\/","title":{"rendered":"Les Dix Recommandements"},"content":{"rendered":"[vc_row][vc_column][\/vc_column][\/vc_row]\n","protected":false},"excerpt":{"rendered":"<p class=\"p1\">Manifeste directement issu des r\u00e9flexions du <a href=\"https:\/\/www.editions-libel.fr\/maison-edition\/boutique\/traite-durbanisme-enchanteur\/\" target=\"_blank\" rel=\"noopener\"><em><strong>Trait\u00e9 d&rsquo;urbanisme enchanteur<\/strong><\/em><\/a>, <em>Les Dix Recommandement<\/em>s est un \u00e9crit post-choc traumatique du 1er confinement dans lequel Charles Altorffer invite les m\u00e9tropoles \u00e0 s&rsquo;engager sur le chemin de la \u00ab m\u00e9tano\u00efa \u00bb territoriale : un changement d&rsquo;\u00e9tat d&rsquo;esprit par rapport \u00e0 quelque chose qui nous d\u00e9passe, <span id=\"js-showResume\" class=\"showResume\">comme un d\u00e9r\u00e8glement climatique ou un changement civilisationnel.<\/span><\/p>\n<p>&nbsp;<\/p>\n","protected":false},"featured_media":9813,"template":"","meta":[],"product_cat":[77,82,84,43,25,26],"product_tag":[],"class_list":["post-9812","product","type-product","status-publish","has-post-thumbnail","hentry","product_cat-histoire-2","product_cat-libel","product_cat-offres-speciales","product_cat-patrimoines","product_cat-societe","product_cat-urbanisme"],"_links":{"self":[{"href":"https:\/\/dev.editions-libel.fr\/2019\/wp-json\/wp\/v2\/product\/9812","targetHints":{"allow":["GET"]}}],"collection":[{"href":"https:\/\/dev.editions-libel.fr\/2019\/wp-json\/wp\/v2\/product"}],"about":[{"href":"https:\/\/dev.editions-libel.fr\/2019\/wp-json\/wp\/v2\/types\/product"}],"wp:featuredmedia":[{"embeddable":true,"href":"https:\/\/dev.editions-libel.fr\/2019\/wp-json\/wp\/v2\/media\/9813"}],"wp:attachment":[{"href":"https:\/\/dev.editions-libel.fr\/2019\/wp-json\/wp\/v2\/media?parent=9812"}],"wp:term":[{"taxonomy":"product_cat","embeddable":true,"href":"https:\/\/dev.editions-libel.fr\/2019\/wp-json\/wp\/v2\/product_cat?post=9812"},{"taxonomy":"product_tag","embeddable":true,"href":"https:\/\/dev.editions-libel.fr\/2019\/wp-json\/wp\/v2\/product_tag?post=9812"}],"curies":[{"name":"wp","href":"https:\/\/api.w.org\/{rel}","templated":true}]}}