{"id":9743,"date":"2024-03-25T16:25:50","date_gmt":"2024-03-25T15:25:50","guid":{"rendered":"https:\/\/www.editions-libel.fr\/maison-edition\/?post_type=product&#038;p=9743"},"modified":"2024-12-13T14:25:04","modified_gmt":"2024-12-13T13:25:04","slug":"quitte-a-etre-mere-autant-etre-lesbienne","status":"publish","type":"product","link":"https:\/\/dev.editions-libel.fr\/2019\/boutique\/quitte-a-etre-mere-autant-etre-lesbienne\/","title":{"rendered":"\u00ab Quitte \u00e0 \u00eatre m\u00e8re, autant \u00eatre lesbienne \u00bb"},"content":{"rendered":"[vc_row][vc_column][vc_column_text]<a href=\"https:\/\/heyzine.com\/flip-book\/0d201b8340.html\" target=\"_blank\" rel=\"noopener\"><span style=\"text-decoration: underline;\">Feuilleter un extrait<\/span><\/a><br \/>\n<a href=\"https:\/\/www.editions-libel.fr\/maison-edition\/wp-content\/uploads\/COMMUNIQUE-QUITTE-A-ETRE-MERE_LIBEL.pdf\" target=\"_blank\" rel=\"noopener\"><span style=\"text-decoration: underline;\">Dossier de presse<\/span><\/a><br \/>\n<a href=\"https:\/\/www.editions-libel.fr\/maison-edition\/wp-content\/uploads\/NOTICE_LIBEL_QUITTE-A-ETRE-MERE.pdf\"><span style=\"text-decoration: underline;\">Notice libraire<\/span><\/a>[\/vc_column_text][\/vc_column][\/vc_row]\n","protected":false},"excerpt":{"rendered":"<div id=\"tab-2c94af60-a783-10\" class=\"wpb_tab ui-tabs-panel wpb_ui-tabs-hide vc_clearfix ui-widget-content ui-corner-bottom\" role=\"tabpanel\" aria-labelledby=\"ui-id-1\" aria-hidden=\"false\">\n<div class=\"wpb_text_column wpb_content_element \">\n<div class=\"wpb_wrapper\">\n<p><strong>Une approche sociologique des parentalit\u00e9s lesbiennes et f\u00e9ministes<br \/>\n<\/strong><\/p>\n<p class=\"p1\">Ce travail s\u2019int\u00e9resse \u00e0 l\u2019influence mutuelle de l\u2019identit\u00e9 lesbienne et de l\u2019exp\u00e9rience de la parentalit\u00e9. L\u2019analyse s\u2019appuie sur treize entretiens avec des personnes lesbiennes ayant un ou des enfants issu\u00b7es d\u2019un projet lesbo-conjugal ou d\u2019une relation h\u00e9t\u00e9rosexuelle ant\u00e9rieure, ainsi que sur l\u2019\u00e9tude d\u2019une partie de la presse lesbienne apparue au tournant des ann\u00e9es 1980.<br \/>\nCe m\u00e9moire cherche \u00e0 comprendre comment la distance entre l\u2019homoparentalit\u00e9 et la norme h\u00e9t\u00e9rosexuelle rend difficile l\u2019acc\u00e8s et l\u2019exp\u00e9rience de la parentalit\u00e9 pour les lesbiennes \u2013 et comment certains facteurs peuvent constituer des conditions rendant possible la transgression de cette norme.<br \/>\nIl questionne \u00e9galement l\u2019influence de la socialisation f\u00e9ministe et lesbienne dans la mani\u00e8re de concevoir la parentalit\u00e9, et la fa\u00e7on dont elle s\u2019actualise dans l\u2019exp\u00e9rience lesboparentale, ainsi que dans l\u2019acc\u00e8s aux espaces de socialisation et de politisation autour des parentalit\u00e9s minoritaires.<\/p>\n<p class=\"bodytext\"><strong>Prix du m\u00e9moire de Sciences Po Lyon 2022.\u00a0<\/strong><\/p>\n<p><strong><span style=\"color: #eb8367;\">\u00c9galement \u00e9dit\u00e9s dans la collection <\/span>: <em><a href=\"https:\/\/www.editions-libel.fr\/maison-edition\/boutique\/art-cloche-yonna-soltner\/\">Art-Cloche. Les oubli\u00e9s de l&rsquo;histoire ?<\/a>,\u00a0<a href=\"https:\/\/www.editions-libel.fr\/maison-edition\/boutique\/rwanda-1994-et-instrumentalisation-du-corps-des-femmes\/\">Rwanda 1994 et instrumentalisation du corps des femmes<\/a>,<\/em>\u00a0<em><a href=\"https:\/\/www.editions-libel.fr\/maison-edition\/boutique\/les-ecosystemes-ont-ils-des-droits\/\">Les \u00e9cosyst\u00e8mes ont-ils des droits ?<\/a> et <a href=\"https:\/\/www.editions-libel.fr\/maison-edition\/boutique\/dix-ans-de-reconstruction-du-tohoku-apres-la-triple-catastrophe-du-11-mars-2011\/\">Dix ans de reconstruction du T\u00f4hoku apr\u00e8s la triple catastrophe du 11 mars 2011<\/a><\/em><\/strong><\/p>\n<\/div>\n<\/div>\n<\/div>\n","protected":false},"featured_media":9744,"template":"","meta":[],"product_cat":[88,77,82,7,22,25],"product_tag":[],"class_list":["post-9743","product","type-product","status-publish","has-post-thumbnail","hentry","product_cat-collection-sciences-po","product_cat-histoire-2","product_cat-libel","product_cat-nouveautes","product_cat-recit","product_cat-societe"],"_links":{"self":[{"href":"https:\/\/dev.editions-libel.fr\/2019\/wp-json\/wp\/v2\/product\/9743","targetHints":{"allow":["GET"]}}],"collection":[{"href":"https:\/\/dev.editions-libel.fr\/2019\/wp-json\/wp\/v2\/product"}],"about":[{"href":"https:\/\/dev.editions-libel.fr\/2019\/wp-json\/wp\/v2\/types\/product"}],"wp:featuredmedia":[{"embeddable":true,"href":"https:\/\/dev.editions-libel.fr\/2019\/wp-json\/wp\/v2\/media\/9744"}],"wp:attachment":[{"href":"https:\/\/dev.editions-libel.fr\/2019\/wp-json\/wp\/v2\/media?parent=9743"}],"wp:term":[{"taxonomy":"product_cat","embeddable":true,"href":"https:\/\/dev.editions-libel.fr\/2019\/wp-json\/wp\/v2\/product_cat?post=9743"},{"taxonomy":"product_tag","embeddable":true,"href":"https:\/\/dev.editions-libel.fr\/2019\/wp-json\/wp\/v2\/product_tag?post=9743"}],"curies":[{"name":"wp","href":"https:\/\/api.w.org\/{rel}","templated":true}]}}