{"id":9652,"date":"2024-01-10T13:47:02","date_gmt":"2024-01-10T12:47:02","guid":{"rendered":"https:\/\/www.editions-libel.fr\/maison-edition\/?post_type=product&#038;p=9652"},"modified":"2024-12-13T14:26:30","modified_gmt":"2024-12-13T13:26:30","slug":"bas-arts-lyonnais","status":"publish","type":"product","link":"https:\/\/dev.editions-libel.fr\/2019\/boutique\/bas-arts-lyonnais\/","title":{"rendered":"Bas arts lyonnais"},"content":{"rendered":"[vc_row][vc_column][vc_column_text]<a href=\"https:\/\/heyzine.com\/flip-book\/401f35f9fd.html\" target=\"_blank\" rel=\"noopener\"><span style=\"text-decoration: underline;\">Feuilleter un extrait<\/span><\/a><br \/>\n<a href=\"https:\/\/www.editions-libel.fr\/maison-edition\/wp-content\/uploads\/LIBEL_DP_BAS-ARTS-2.pdf\"><span style=\"text-decoration: underline;\">Dossier de presse<\/span><\/a><br \/>\n<a href=\"https:\/\/www.editions-libel.fr\/maison-edition\/wp-content\/uploads\/NOTICE_LIBEL_BAS-ARTS-LYONNAIS.pdf\"><span style=\"text-decoration: underline;\">Notice libraire<\/span><\/a>[\/vc_column_text][\/vc_column][\/vc_row][vc_row][vc_column][vc_column_text]<strong>Sommaire<br \/>\n<\/strong><em>Lyon et ses artistes<\/em> par Denis Vaginay<br \/>\n<em>Mouvances d&rsquo;apr\u00e8s-guerre<\/em> par Denis Vaginay<br \/>\n<em>Lyon et la haine de l&rsquo;art. Henri B\u00e9raud ou le mythe d&rsquo;une \u00e9cole moderne de peinture lyonnaise<\/em> par Jean-Christophe Stuccilli<br \/>\n<em>Ziniar et l&rsquo;estampe<\/em> par Philippe Brunel<br \/>\n<em>Jean Epstein au Promenoir<\/em> par Jo\u00ebl Daire<br \/>\n<em>La vie musicale \u00e0 Lyon entre 1910 et 1940<\/em> par J\u00e9r\u00f4me Dorival<br \/>\n<em>\u0152uvres et artistes<\/em> par Denis Vaginay[\/vc_column_text][\/vc_column][\/vc_row]\n","protected":false},"excerpt":{"rendered":"<div id=\"tab-2c94af60-a783-10\" class=\"wpb_tab ui-tabs-panel wpb_ui-tabs-hide vc_clearfix ui-widget-content ui-corner-bottom\" role=\"tabpanel\" aria-labelledby=\"ui-id-1\" aria-hidden=\"false\">\n<div class=\"wpb_text_column wpb_content_element \">\n<div class=\"wpb_wrapper\">\n<p><strong>Remous artistiques 1900-1925<br \/>\n<\/strong><\/p>\n<p class=\"p1\">Au d\u00e9but du xxe si\u00e8cle, de nombreux artistes lyonnais tentent leur r\u00e9volution culturelle, au service d\u2019une modernit\u00e9 voulue et revendiqu\u00e9e. Les murs de la ville tremblent. Deux nouveaux Salons sont cr\u00e9\u00e9s, le Salon d\u2019Automne d\u2019abord, dans un \u00e9lan bient\u00f4t temp\u00e9r\u00e9 par la Grande Guerre qui mod\u00e8re les vell\u00e9it\u00e9s d\u2019une cr\u00e9ation lib\u00e9r\u00e9e\u2009; celui du Sud-Est ensuite, dont l\u2019ambition est bien de secouer la torpeur ambiante. Les artistes novateurs se regroupent : les discrets Ind\u00e9pendants et, surtout, les tonitruants Ziniar et leurs trois albums de bois et de pochoirs \u2013 du jamais vu. Malgr\u00e9 ces \u00e9lans collectifs, la diversit\u00e9 reste de r\u00e8gle et d\u2019\u00e9tonnantes personnalit\u00e9s se d\u00e9tachent, prometteuses. Mais Lyon demeure, impassible et oublieuse.<\/p>\n<\/div>\n<\/div>\n<\/div>\n","protected":false},"featured_media":9655,"template":"","meta":[],"product_cat":[71,82,13,17,43],"product_tag":[],"class_list":["post-9652","product","type-product","status-publish","has-post-thumbnail","hentry","product_cat-arts","product_cat-libel","product_cat-beaux-arts","product_cat-lyon","product_cat-patrimoines"],"_links":{"self":[{"href":"https:\/\/dev.editions-libel.fr\/2019\/wp-json\/wp\/v2\/product\/9652","targetHints":{"allow":["GET"]}}],"collection":[{"href":"https:\/\/dev.editions-libel.fr\/2019\/wp-json\/wp\/v2\/product"}],"about":[{"href":"https:\/\/dev.editions-libel.fr\/2019\/wp-json\/wp\/v2\/types\/product"}],"wp:featuredmedia":[{"embeddable":true,"href":"https:\/\/dev.editions-libel.fr\/2019\/wp-json\/wp\/v2\/media\/9655"}],"wp:attachment":[{"href":"https:\/\/dev.editions-libel.fr\/2019\/wp-json\/wp\/v2\/media?parent=9652"}],"wp:term":[{"taxonomy":"product_cat","embeddable":true,"href":"https:\/\/dev.editions-libel.fr\/2019\/wp-json\/wp\/v2\/product_cat?post=9652"},{"taxonomy":"product_tag","embeddable":true,"href":"https:\/\/dev.editions-libel.fr\/2019\/wp-json\/wp\/v2\/product_tag?post=9652"}],"curies":[{"name":"wp","href":"https:\/\/api.w.org\/{rel}","templated":true}]}}