{"id":9643,"date":"2024-01-09T11:16:58","date_gmt":"2024-01-09T10:16:58","guid":{"rendered":"https:\/\/www.editions-libel.fr\/maison-edition\/?post_type=product&#038;p=9643"},"modified":"2025-04-14T09:08:22","modified_gmt":"2025-04-14T07:08:22","slug":"frhommages","status":"publish","type":"product","link":"https:\/\/dev.editions-libel.fr\/2019\/boutique\/frhommages\/","title":{"rendered":"Fr(h)ommages"},"content":{"rendered":"[vc_row][vc_column][vc_column_text]<a href=\"https:\/\/heyzine.com\/flip-book\/18708bd6f2.html\" target=\"_blank\" rel=\"noopener\"><span style=\"text-decoration: underline;\">Feuilleter un extrait<\/span><\/a><br \/>\n<a href=\"https:\/\/www.editions-libel.fr\/maison-edition\/wp-content\/uploads\/LIBEL_DP_FRHOMMAGES.pdf\"><span style=\"text-decoration: underline;\">Dossier de presse<\/span><\/a><br \/>\n<a href=\"https:\/\/www.editions-libel.fr\/maison-edition\/wp-content\/uploads\/NOTICE_LIBEL_FRHOMMAGES.pdf\" target=\"_blank\" rel=\"noopener\"><span style=\"text-decoration: underline;\">Notice libraire<\/span><\/a>[\/vc_column_text][\/vc_column][\/vc_row][vc_row][vc_column][vc_column_text]\n<h4><strong>On en parle !<\/strong><\/h4>\n<p>Lire l&rsquo;article paru dans <strong>Le Monde<\/strong> : <a href=\"https:\/\/www.lemonde.fr\/m-styles\/article\/2024\/06\/22\/le-fromage-une-invitation-aux-mariages_6242301_4497319.html#:~:text=Pens%C3%A9%20comme%20un%20manuel%20didactique,plus%20de%20deux%20mille%20vari%C3%A9t%C3%A9s.\" target=\"_blank\" rel=\"noopener\">\u00ab\u00a0Le fromage, une invitation aux mariages\u00a0\u00bb[\/vc_column_text][\/vc_column][\/vc_row][vc_row][vc_column][\/vc_column][\/vc_row][vc_row][vc_column][vc_column_text]<\/a>[\/vc_column_text][\/vc_column][\/vc_row]\n","protected":false},"excerpt":{"rendered":"<div id=\"tab-2c94af60-a783-10\" class=\"wpb_tab ui-tabs-panel wpb_ui-tabs-hide vc_clearfix ui-widget-content ui-corner-bottom\" role=\"tabpanel\" aria-labelledby=\"ui-id-1\" aria-hidden=\"false\">\n<div class=\"wpb_text_column wpb_content_element \">\n<div class=\"wpb_wrapper\">\n<p>&nbsp;<\/p>\n<p><strong>En r\u00e9impression !<\/strong><\/p>\n<p><strong><span style=\"color: #cc0000;\">Laur\u00e9at parmi les prix \u00ab\u00a0Livres et Savoirs\u00a0\u00bb 2024 de l&rsquo;Acad\u00e9mie Nationale de Cuisine<\/span><\/strong><\/p>\n<\/div>\n<div class=\"wpb_wrapper\">\n<p><strong>Grammaire des accords fromagers \u00e0 l\u2019usage des amateurs et des \u00e9picurieux<\/strong><\/p>\n<p class=\"p1\">La plupart du temps, il suffit de quelques secondes pour choisir ses fruits et ses l\u00e9gumes\u2026 l\u2019affaire se corse quand il s\u2019agit de fromages. Ce n\u2019est pas \u00e9tonnant : la France en compte plus de 2000 vari\u00e9t\u00e9s. M\u00eame en consommant 5 fromages par jour, vous ne parviendriez pas \u00e0 embrasser cette richesse fromag\u00e8re sur une ann\u00e9e enti\u00e8re ! Audacieux et didactique, le pr\u00e9sent ouvrage \u2013 par son aspect pratique et \u00e0 travers ses descriptions fromag\u00e8res d\u00e9taill\u00e9es \u2013 se donne pour objectif d\u2019instruire l\u2019amateur comme le professionnel sur cette diversit\u00e9 unique au monde, selon deux grands axes : un axe sensoriel et un axe technologique. V\u00e9ritable \u00ab antis\u00e8che \u00bb pour vous rep\u00e9rer chez votre fromager pr\u00e9f\u00e9r\u00e9, choisir un fromage et l\u2019accorder deviendront un v\u00e9ritable jeu d\u2019enfant !<\/p>\n<p>&nbsp;<\/p>\n<p><img decoding=\"async\" style=\"width: 30px;\" src=\"https:\/\/www.editions-libel.fr\/maison-edition\/picto-fablyo-rose.svg\" \/> <strong><span style=\"color: #eb8367;\"><b> \u00c9galement disponible en eBook <a href=\"https:\/\/www.editions-fablyo.fr\/produit\/frhommages\/\"><em>ici<\/em><\/a><\/b><\/span><\/strong><\/p>\n<div id=\"tab-2c94af60-a783-10\" class=\"wpb_tab ui-tabs-panel wpb_ui-tabs-hide vc_clearfix ui-widget-content ui-corner-bottom\" role=\"tabpanel\" aria-labelledby=\"ui-id-1\" aria-hidden=\"false\">\n<div class=\"wpb_text_column wpb_content_element \">\n<div class=\"wpb_wrapper\"><\/div>\n<\/div>\n<\/div>\n<\/div>\n<\/div>\n<\/div>\n","protected":false},"featured_media":9647,"template":"","meta":[],"product_cat":[76,82,43,23],"product_tag":[],"class_list":["post-9643","product","type-product","status-publish","has-post-thumbnail","hentry","product_cat-gastronomie","product_cat-libel","product_cat-patrimoines","product_cat-regionalisme"],"_links":{"self":[{"href":"https:\/\/dev.editions-libel.fr\/2019\/wp-json\/wp\/v2\/product\/9643","targetHints":{"allow":["GET"]}}],"collection":[{"href":"https:\/\/dev.editions-libel.fr\/2019\/wp-json\/wp\/v2\/product"}],"about":[{"href":"https:\/\/dev.editions-libel.fr\/2019\/wp-json\/wp\/v2\/types\/product"}],"wp:featuredmedia":[{"embeddable":true,"href":"https:\/\/dev.editions-libel.fr\/2019\/wp-json\/wp\/v2\/media\/9647"}],"wp:attachment":[{"href":"https:\/\/dev.editions-libel.fr\/2019\/wp-json\/wp\/v2\/media?parent=9643"}],"wp:term":[{"taxonomy":"product_cat","embeddable":true,"href":"https:\/\/dev.editions-libel.fr\/2019\/wp-json\/wp\/v2\/product_cat?post=9643"},{"taxonomy":"product_tag","embeddable":true,"href":"https:\/\/dev.editions-libel.fr\/2019\/wp-json\/wp\/v2\/product_tag?post=9643"}],"curies":[{"name":"wp","href":"https:\/\/api.w.org\/{rel}","templated":true}]}}