{"id":962,"date":"2015-11-28T08:06:30","date_gmt":"2015-11-28T07:06:30","guid":{"rendered":"http:\/\/www.editions-libel.fr\/2016\/?post_type=product&#038;p=962"},"modified":"2024-01-15T12:08:24","modified_gmt":"2024-01-15T11:08:24","slug":"10-ans-dexpositions-au-grand-sechoir","status":"publish","type":"product","link":"https:\/\/dev.editions-libel.fr\/2019\/boutique\/10-ans-dexpositions-au-grand-sechoir\/","title":{"rendered":"10 ans d\u2019expositions au Grand S\u00e9choir"},"content":{"rendered":"[vc_row][vc_column][vc_column_text]<span style=\"text-decoration: underline;\"><a href=\"https:\/\/issuu.com\/libel\/docs\/libel_noix-issuu\" target=\"_blank\" rel=\"noopener noreferrer\">Feuilleter un extrait<\/a><\/span><br \/>\n<a href=\"http:\/\/dev.editions-libel.fr\/2019\/wp-content\/uploads\/NOTICE_NOIX1.pdf\" target=\"_blank\" rel=\"noopener noreferrer\"><span style=\"text-decoration: underline;\">Notice libraire<\/span><\/a>[\/vc_column_text][\/vc_column][\/vc_row]\n","protected":false},"excerpt":{"rendered":"<p><strong>Journal anniversaire 2005\/2015<br \/>\n<\/strong>Le Grand S\u00e9choir \u2013 Maison du Pays de la noix a ouvert ses portes en 2005 dans la commune de Vinay en Is\u00e8re. Depuis 10 ans, par des expositions de qualit\u00e9, ses animateurs contribuent \u00e0 la patrimonialisation de la noix, de sa culture tant culinaire que cin\u00e9matographique ou litt\u00e9raire, et de la vie quotidienne des habitants de son territoire.<\/p>\n<p>Ouvrage \u00e9dit\u00e9 en partenariat avec le <strong><a href=\"https:\/\/www.legrandsechoir.fr\/\">Grand S\u00e9choir \u2013 Maison du Pays de la noix<\/a>.<\/strong><\/p>\n<p><em><br \/>\nL\u2019exposition permanente du <strong>Grand S\u00e9choir \u2013 Maison du Pays de la noix\u00a0<\/strong>situ\u00e9 \u00e0 Vinay, pr\u00e8s de Grenoble, pr\u00e9sente toutes les facettes de l\u2019histoire et de la culture de ce fruit mondialement connu et appr\u00e9ci\u00e9. Ses expositions temporaires sont consacr\u00e9es tant \u00e0 l\u2019imaginaire autour de la noix \u2013 films, livres pour la jeunesse, cuisine !,\u00a0 qu\u2019\u00e0 la vie des populations de ce territoire de noyeraies.<\/em><\/p>\n","protected":false},"featured_media":5681,"template":"","meta":[],"product_cat":[76,77,82,15,43,23,24,25],"product_tag":[],"class_list":["post-962","product","type-product","status-publish","has-post-thumbnail","hentry","product_cat-gastronomie","product_cat-histoire-2","product_cat-libel","product_cat-histoire","product_cat-patrimoines","product_cat-regionalisme","product_cat-sciences","product_cat-societe"],"_links":{"self":[{"href":"https:\/\/dev.editions-libel.fr\/2019\/wp-json\/wp\/v2\/product\/962","targetHints":{"allow":["GET"]}}],"collection":[{"href":"https:\/\/dev.editions-libel.fr\/2019\/wp-json\/wp\/v2\/product"}],"about":[{"href":"https:\/\/dev.editions-libel.fr\/2019\/wp-json\/wp\/v2\/types\/product"}],"wp:featuredmedia":[{"embeddable":true,"href":"https:\/\/dev.editions-libel.fr\/2019\/wp-json\/wp\/v2\/media\/5681"}],"wp:attachment":[{"href":"https:\/\/dev.editions-libel.fr\/2019\/wp-json\/wp\/v2\/media?parent=962"}],"wp:term":[{"taxonomy":"product_cat","embeddable":true,"href":"https:\/\/dev.editions-libel.fr\/2019\/wp-json\/wp\/v2\/product_cat?post=962"},{"taxonomy":"product_tag","embeddable":true,"href":"https:\/\/dev.editions-libel.fr\/2019\/wp-json\/wp\/v2\/product_tag?post=962"}],"curies":[{"name":"wp","href":"https:\/\/api.w.org\/{rel}","templated":true}]}}