{"id":961,"date":"2015-11-20T08:04:45","date_gmt":"2015-11-20T07:04:45","guid":{"rendered":"http:\/\/www.editions-libel.fr\/2016\/?post_type=product&#038;p=961"},"modified":"2024-01-15T12:08:24","modified_gmt":"2024-01-15T11:08:24","slug":"sacre-beton","status":"publish","type":"product","link":"https:\/\/dev.editions-libel.fr\/2019\/boutique\/sacre-beton\/","title":{"rendered":"Sacr\u00e9 b\u00e9ton !"},"content":{"rendered":"[vc_row][vc_column][vc_column_text]<span style=\"text-decoration: underline;\"><a href=\"https:\/\/issuu.com\/libel\/docs\/libel_beton_issuu\" target=\"_blank\" rel=\"noopener noreferrer\">Feuilleter un extrait<\/a><br \/>\n<a href=\"https:\/\/www.editions-libel.fr\/maison-edition\/wp-content\/uploads\/SACRE-BETON-SOMMAIRE.pdf\" target=\"_blank\" rel=\"noopener noreferrer\">Voir le sommaire<\/a><\/span><br \/>\n<span style=\"text-decoration: underline;\"><a href=\"http:\/\/wpwoocom2.editions-libel.fr\/wp-content\/uploads\/2016\/02\/BETON-presse.pdf\" target=\"_blank\" rel=\"noopener noreferrer\">Dossier de presse<\/a><\/span><br \/>\n<span style=\"text-decoration: underline;\"><a href=\"https:\/\/www.editions-libel.fr\/maison-edition\/wp-content\/uploads\/2015\/11\/NOTICE_BETON.pdf\" target=\"_blank\" rel=\"noopener noreferrer\">Notice libraire<\/a><\/span><\/p>\n<p>&nbsp;<\/p>\n<p><strong>On en parle :\u00a0<\/strong>[\/vc_column_text][\/vc_column][\/vc_row][vc_row][vc_column][vc_tta_pageable][vc_tta_section title=\u00a0\u00bbSection 1&Prime; tab_id=\u00a0\u00bb1591101963720-1e68cbf2-b584&Prime;][vc_column_text]<em>Toutes mes f\u00e9licitations pour ce travail de grande qualit\u00e9, tant pour la mise en \u0153uvre de l&rsquo;ouvrage que pour sa fabrication.<\/em><br \/>\nPierre Gras, auteur[\/vc_column_text][\/vc_tta_section][vc_tta_section title=\u00a0\u00bbSection 1&Prime; tab_id=\u00a0\u00bb1591101977248-006016c2-1865&Prime;][vc_column_text]<em>Je viens de recevoir ce jour votre belle et tr\u00e8s int\u00e9ressante publication \u00ab Sacr\u00e9 b\u00e9ton \u00bb et je vous remercie beaucoup pour cet envoi qui enrichira utilement la biblioth\u00e8que de notre service.<\/em><br \/>\nFran\u00e7oise B\u00e9doussac, Archives de Boulogne-Billancourt[\/vc_column_text][\/vc_tta_section][vc_tta_section title=\u00a0\u00bbSection 1&Prime; tab_id=\u00a0\u00bb1591102014477-a73889bc-350d\u00a0\u00bb][vc_column_text]<em>Quelle magnifique \u00e9dition tant par les textes, les photos, que par la qualit\u00e9 typographique et de mise en page. Un grand bravo et surtout un grand merci.<\/em><br \/>\nJean-Michel D.[\/vc_column_text][\/vc_tta_section][\/vc_tta_pageable][\/vc_column][\/vc_row]\n","protected":false},"excerpt":{"rendered":"<p><strong><span style=\"color: #cc0000;\"><b>\u00c9puis\u00e9<br \/>\n<\/b><\/span><\/strong><strong>Fabrique et l\u00e9gende d&rsquo;un mat\u00e9riau du futur<\/strong> [Collectif]<strong><br \/>\n<\/strong>Produit d\u2019une histoire longue datant de l\u2019\u00e9poque romaine et v\u00e9ritable \u00ab h\u00e9ros \u00bb de la Modernit\u00e9, le b\u00e9ton reste pourtant un myst\u00e8re. <em>Sacr\u00e9 b\u00e9ton !\u00a0<\/em>retrace la saga de ce mat\u00e9riau, de son invention collective jusqu\u2019aux applications les plus sophistiqu\u00e9es, interrogeant au passage ses implications \u00e9conomiques, politiques, sociales ou environnementales.<\/p>\n<p>Ouvrage dirig\u00e9 par <strong><a href=\"https:\/\/www.editions-libel.fr\/maison-edition\/author-book\/philippe-genestier\/\">Philippe Genestier<\/a>\u00a0<\/strong>et <a href=\"https:\/\/www.editions-libel.fr\/maison-edition\/author-book\/pierre-gras\/\"><strong>Pierre Gras <\/strong><\/a>et \u00e9dit\u00e9 en partenariat avec le <a href=\"http:\/\/www.museeurbaintonygarnier.com\/\"><strong>Mus\u00e9e urbain Tony Garnier<\/strong><\/a> et les <strong>Grands Ateliers<\/strong>, avec l\u2019appui de <strong>l\u2019ENTPE<\/strong>, <strong>l\u2019ENSALyon<\/strong>, <strong>l\u2019ENSAGrenoble<\/strong>.<\/p>\n<p>&nbsp;<\/p>\n","protected":false},"featured_media":8820,"template":"","meta":[],"product_cat":[82,11,13,8,26],"product_tag":[],"class_list":["post-961","product","type-product","status-publish","has-post-thumbnail","hentry","product_cat-libel","product_cat-architecture","product_cat-beaux-arts","product_cat-epuises","product_cat-urbanisme"],"_links":{"self":[{"href":"https:\/\/dev.editions-libel.fr\/2019\/wp-json\/wp\/v2\/product\/961","targetHints":{"allow":["GET"]}}],"collection":[{"href":"https:\/\/dev.editions-libel.fr\/2019\/wp-json\/wp\/v2\/product"}],"about":[{"href":"https:\/\/dev.editions-libel.fr\/2019\/wp-json\/wp\/v2\/types\/product"}],"wp:featuredmedia":[{"embeddable":true,"href":"https:\/\/dev.editions-libel.fr\/2019\/wp-json\/wp\/v2\/media\/8820"}],"wp:attachment":[{"href":"https:\/\/dev.editions-libel.fr\/2019\/wp-json\/wp\/v2\/media?parent=961"}],"wp:term":[{"taxonomy":"product_cat","embeddable":true,"href":"https:\/\/dev.editions-libel.fr\/2019\/wp-json\/wp\/v2\/product_cat?post=961"},{"taxonomy":"product_tag","embeddable":true,"href":"https:\/\/dev.editions-libel.fr\/2019\/wp-json\/wp\/v2\/product_tag?post=961"}],"curies":[{"name":"wp","href":"https:\/\/api.w.org\/{rel}","templated":true}]}}