{"id":9560,"date":"2023-11-07T11:12:33","date_gmt":"2023-11-07T10:12:33","guid":{"rendered":"https:\/\/www.editions-libel.fr\/maison-edition\/?post_type=product&#038;p=9560"},"modified":"2024-11-06T11:27:11","modified_gmt":"2024-11-06T10:27:11","slug":"le-chat","status":"publish","type":"product","link":"https:\/\/dev.editions-libel.fr\/2019\/boutique\/le-chat\/","title":{"rendered":"Le Chat"},"content":{"rendered":"[vc_row][vc_column][vc_column_text]<a href=\"https:\/\/heyzine.com\/flip-book\/b94673f585.html\" target=\"_blank\" rel=\"noopener\"><span style=\"text-decoration: underline;\">Feuilleter un extrait<\/span><\/a><br \/>\n<a href=\"https:\/\/www.editions-libel.fr\/maison-edition\/wp-content\/uploads\/DP_LIBEL_LE-CHAT.pdf\" target=\"_blank\" rel=\"noopener\"><span style=\"text-decoration: underline;\">Dossier de presse<\/span><\/a><br \/>\n<a href=\"https:\/\/www.editions-libel.fr\/maison-edition\/wp-content\/uploads\/NOTICE_LIBEL_LE-CHAT.pdf\" target=\"_blank\" rel=\"noopener\"><span style=\"text-decoration: underline;\">Notice libraire<\/span><\/a>[\/vc_column_text][\/vc_column][\/vc_row]\n","protected":false},"excerpt":{"rendered":"<div id=\"tab-2c94af60-a783-10\" class=\"wpb_tab ui-tabs-panel wpb_ui-tabs-hide vc_clearfix ui-widget-content ui-corner-bottom\" role=\"tabpanel\" aria-labelledby=\"ui-id-1\" aria-hidden=\"false\">\n<div class=\"wpb_text_column wpb_content_element \">\n<div class=\"wpb_wrapper\">\n<a class=\"ebook\" href=\"https:\/\/www.editions-fablyo.fr\/produit\/le-chat\/\" target=\"_blank\" rel=\"noopener noreferrer\"><img decoding=\"async\" style=\"width: 30px;\" src=\"https:\/\/www.editions-libel.fr\/maison-edition\/picto-fablyo-rose.svg\" \/>Ebook disponible ici<\/a><\/p>\n<div id=\"tab-2c94af60-a783-10\" class=\"wpb_tab ui-tabs-panel wpb_ui-tabs-hide vc_clearfix ui-widget-content ui-corner-bottom\" role=\"tabpanel\" aria-labelledby=\"ui-id-1\" aria-hidden=\"false\">\n<div class=\"wpb_text_column wpb_content_element \">\n<div class=\"wpb_wrapper\">\n<strong>suivi de <em>La Premi\u00e8re pierre<\/em><\/strong><\/p>\n<p class=\"p1\">Un chat a \u00e9t\u00e9 retrouv\u00e9 devant le coll\u00e8ge Marcel-Pagnol. Il est mal en point. Une \u00e9l\u00e8ve tente de le secourir. Une autre intervient\u00a0: elle pense s\u2019y prendre mieux. Premier d\u00e9saccord, premiers heurts. En parall\u00e8le, nous suivons l\u2019histoire de Louna, en conflit avec ses amies, et que l\u2019\u00e9quipe p\u00e9dagogique tente d\u2019aider. Les deux r\u00e9cits vont se m\u00ealer, entra\u00eenant une cascade de r\u00e9actions.<\/p>\n<p class=\"p1\"><em>En 2021, Fran\u00e7ois Hien passe un mois en immersion au sein du coll\u00e8ge Henri-Barbusse de Vaulx-en-Velin, pour y \u00e9crire une pi\u00e8ce de th\u00e9\u00e2tre \u00e0 destination de coll\u00e9giens, sur une commande du metteur en sc\u00e8ne Yann Lheureux. C\u2019est dans ce contexte que na\u00eet <\/em>Le Chat<em>, une pi\u00e8ce sur le harc\u00e8lement scolaire. Plus tard, l\u2019auteur \u00e9prouvera le besoin de revenir sur ce processus d\u2019\u00e9criture dans <\/em>La Premi\u00e8re pierre<em>. Ce texte intime, o\u00f9 il examine sa propre scolarit\u00e9, d\u00e9ploie \u00e0 la premi\u00e8re personne une r\u00e9flexion profonde sur le harc\u00e8lement. Ces deux approches, diff\u00e9rentes, mais convergentes d\u2019un m\u00eame ph\u00e9nom\u00e8ne, sont r\u00e9unies au sein du pr\u00e9sent ouvrage.<\/em><\/p>\n<p><strong><span style=\"color: #eb8367;\"><b>\u00c9galement paru dans la collection : <\/b><\/span><a href=\"https:\/\/www.editions-libel.fr\/maison-edition\/boutique\/la-revolte-des-canuts\/\"><em>\u00c9chos de la fabrique<\/em><\/a><em> &amp; <a href=\"https:\/\/www.editions-libel.fr\/maison-edition\/boutique\/mort-dune-montagne\/\">Mort d&rsquo;une montagne<\/a><\/em><\/strong><\/p>\n<p><strong><em>\u00a0<\/em><\/strong><\/p>\n<\/div>\n<\/div>\n<\/div>\n","protected":false},"featured_media":9568,"template":"","meta":[],"product_cat":[89,77,82,70,25],"product_tag":[],"class_list":["post-9560","product","type-product","status-publish","has-post-thumbnail","hentry","product_cat-collection-theatre","product_cat-histoire-2","product_cat-libel","product_cat-litterature","product_cat-societe"],"_links":{"self":[{"href":"https:\/\/dev.editions-libel.fr\/2019\/wp-json\/wp\/v2\/product\/9560","targetHints":{"allow":["GET"]}}],"collection":[{"href":"https:\/\/dev.editions-libel.fr\/2019\/wp-json\/wp\/v2\/product"}],"about":[{"href":"https:\/\/dev.editions-libel.fr\/2019\/wp-json\/wp\/v2\/types\/product"}],"wp:featuredmedia":[{"embeddable":true,"href":"https:\/\/dev.editions-libel.fr\/2019\/wp-json\/wp\/v2\/media\/9568"}],"wp:attachment":[{"href":"https:\/\/dev.editions-libel.fr\/2019\/wp-json\/wp\/v2\/media?parent=9560"}],"wp:term":[{"taxonomy":"product_cat","embeddable":true,"href":"https:\/\/dev.editions-libel.fr\/2019\/wp-json\/wp\/v2\/product_cat?post=9560"},{"taxonomy":"product_tag","embeddable":true,"href":"https:\/\/dev.editions-libel.fr\/2019\/wp-json\/wp\/v2\/product_tag?post=9560"}],"curies":[{"name":"wp","href":"https:\/\/api.w.org\/{rel}","templated":true}]}}