{"id":956,"date":"2015-03-15T07:46:31","date_gmt":"2015-03-15T06:46:31","guid":{"rendered":"http:\/\/www.editions-libel.fr\/2016\/?post_type=product&#038;p=956"},"modified":"2024-01-15T12:08:25","modified_gmt":"2024-01-15T11:08:25","slug":"la-saone-au-coeur-de-lyon","status":"publish","type":"product","link":"https:\/\/dev.editions-libel.fr\/2019\/boutique\/la-saone-au-coeur-de-lyon\/","title":{"rendered":"La Sa\u00f4ne au c\u0153ur de Lyon"},"content":{"rendered":"[vc_row][vc_column][vc_column_text]<span style=\"text-decoration: underline;\"><a href=\"https:\/\/issuu.com\/libel\/docs\/libel_saone_issuu\" target=\"_blank\" rel=\"noopener noreferrer\">Feuilleter un extrait<\/a><br \/>\n<a href=\"https:\/\/www.editions-libel.fr\/maison-edition\/wp-content\/uploads\/Saone-SOMMAIRE.pdf\" target=\"_blank\" rel=\"noopener noreferrer\">Voir le sommaire<\/a><\/span><br \/>\n<span style=\"text-decoration: underline;\"><a href=\"https:\/\/www.editions-libel.fr\/maison-edition\/wp-content\/uploads\/2015\/10\/PRESSE-SAONE.pdf\" target=\"_blank\" rel=\"noopener noreferrer\">Dossier de presse<\/a><\/span><br \/>\n<span style=\"text-decoration: underline;\"><a href=\"https:\/\/www.editions-libel.fr\/maison-edition\/wp-content\/uploads\/2015\/10\/NOTICE_SAONE2.pdf\" target=\"_blank\" rel=\"noopener noreferrer\">Notice libraire<\/a><\/span>[\/vc_column_text][\/vc_column][\/vc_row]\n","protected":false},"excerpt":{"rendered":"<p><strong>Deux mille ans d&rsquo;histoire qui ont fait la ville<br \/>\n<\/strong>La Sa\u00f4ne a longtemps \u00e9t\u00e9 le c\u0153ur de la ville, l\u2019art\u00e8re principale de la cit\u00e9 lyonnaise. Bord\u00e9e d\u2019\u00e9glises et de palais, famili\u00e8re \u00e0 chacun, elle accueillait ports et march\u00e9s, vogues et processions. D\u00e9couvrez le roman de la Sa\u00f4ne accompagn\u00e9 des plus beaux documents issus des archives et mus\u00e9es lyonnais.<\/p>\n<p><strong>\u00c9galement disponibles dans la collection : <\/strong><a href=\"https:\/\/www.editions-libel.fr\/maison-edition\/categorie-produit\/collection-lignes-de-villes\/\" target=\"_blank\" rel=\"noopener noreferrer\">Lignes de vi[ll]es<\/a><\/p>\n","protected":false},"featured_media":5691,"template":"","meta":[],"product_cat":[77,82,15,17,43,23,26,44],"product_tag":[],"class_list":["post-956","product","type-product","status-publish","has-post-thumbnail","hentry","product_cat-histoire-2","product_cat-libel","product_cat-histoire","product_cat-lyon","product_cat-patrimoines","product_cat-regionalisme","product_cat-urbanisme","product_cat-collection-lignes-de-villes"],"_links":{"self":[{"href":"https:\/\/dev.editions-libel.fr\/2019\/wp-json\/wp\/v2\/product\/956","targetHints":{"allow":["GET"]}}],"collection":[{"href":"https:\/\/dev.editions-libel.fr\/2019\/wp-json\/wp\/v2\/product"}],"about":[{"href":"https:\/\/dev.editions-libel.fr\/2019\/wp-json\/wp\/v2\/types\/product"}],"wp:featuredmedia":[{"embeddable":true,"href":"https:\/\/dev.editions-libel.fr\/2019\/wp-json\/wp\/v2\/media\/5691"}],"wp:attachment":[{"href":"https:\/\/dev.editions-libel.fr\/2019\/wp-json\/wp\/v2\/media?parent=956"}],"wp:term":[{"taxonomy":"product_cat","embeddable":true,"href":"https:\/\/dev.editions-libel.fr\/2019\/wp-json\/wp\/v2\/product_cat?post=956"},{"taxonomy":"product_tag","embeddable":true,"href":"https:\/\/dev.editions-libel.fr\/2019\/wp-json\/wp\/v2\/product_tag?post=956"}],"curies":[{"name":"wp","href":"https:\/\/api.w.org\/{rel}","templated":true}]}}