{"id":954,"date":"2014-06-30T07:43:21","date_gmt":"2014-06-30T06:43:21","guid":{"rendered":"http:\/\/www.editions-libel.fr\/2016\/?post_type=product&#038;p=954"},"modified":"2024-01-15T12:08:25","modified_gmt":"2024-01-15T11:08:25","slug":"traits-resistants","status":"publish","type":"product","link":"https:\/\/dev.editions-libel.fr\/2019\/boutique\/traits-resistants\/","title":{"rendered":"Traits r\u00e9sistants"},"content":{"rendered":"[vc_row][vc_column][vc_column_text]<span style=\"text-decoration: underline;\"><a href=\"http:\/\/issuu.com\/libel\/docs\/libel_tr_bd_\" target=\"_blank\" rel=\"noopener noreferrer\">Feuilleter un extrait<\/a><\/span><br \/>\n<span style=\"text-decoration: underline;\"><a href=\"https:\/\/www.editions-libel.fr\/maison-edition\/wp-content\/uploads\/2015\/10\/PRESSE-TRAITS-RESISTANTS.pdf\" target=\"_blank\" rel=\"noopener noreferrer\">Dossier de presse<\/a><\/span><br \/>\n<span style=\"text-decoration: underline;\"><a href=\"https:\/\/www.editions-libel.fr\/maison-edition\/wp-content\/uploads\/2015\/10\/notice-traits-r%C3%A9sistants2.pdf\" target=\"_blank\" rel=\"noopener noreferrer\">Notice libraire<\/a><\/span><\/p>\n<p>&nbsp;<\/p>\n<p><strong>On en parle :\u00a0<\/strong>[\/vc_column_text][\/vc_column][\/vc_row][vc_row][vc_column][vc_column_text]<em>Cet ouvrage a d\u00e9cid\u00e9ment trouv\u00e9 son public, il faut dire que c\u2019est le seul sur ce sujet et \u2026qu\u2019il est magnifique !<\/em><br \/>\nIsabelle Dor\u00e9-Riv\u00e9, directrice du Centre d&rsquo;histoire de la R\u00e9sistance et de la d\u00e9portation de Lyon[\/vc_column_text][\/vc_column][\/vc_row]\n","protected":false},"excerpt":{"rendered":"<p><strong><span style=\"color: #cc0000;\"><b>\u00c9puis\u00e9<br \/>\n<\/b><\/span>La R\u00e9sistance dans la bande dessin\u00e9e de 1944 \u00e0 nos jours<\/strong> [Collectif]<br \/>\nDes illustr\u00e9s pour la jeunesse \u00e0 la Lib\u00e9ration aux mangas d\u2019aujourd\u2019hui, la Seconde Guerre mondiale n\u2019a jamais quitt\u00e9 les vignettes de nos bandes dessin\u00e9es. Historiens et auteurs de BD reviennent sur l\u2019importance r\u00e9elle et symbolique de la R\u00e9sistance dans nos consciences et notre imaginaire collectif, au fil du temps et des albums.<\/p>\n<p><em>R\u00e9\u00e9dition d\u2019un ouvrage paru en 2010<\/em><\/p>\n<p>Ouvrage dirig\u00e9 par <strong>Isabelle Dor\u00e9-Riv\u00e9,<\/strong> CHRD, et de <strong>Guy Krivopissko<\/strong>, Mus\u00e9e de la R\u00e9sistance Nationale de Champigny-sur-Marne, \u00e0 l\u2019occasion de l\u2019exposition \u201cTraits r\u00e9sistants. La R\u00e9sistance dans la bande-dessin\u00e9e de 1944 \u00e0 nos jours\u201d organis\u00e9e au <strong>CHRD<\/strong> de Lyon.<\/p>\n<div id=\"tab-1444942031895-3-6\" class=\"wpb_tab ui-tabs-panel wpb_ui-tabs-hide vc_clearfix ui-widget-content ui-corner-bottom\" role=\"tabpanel\" aria-labelledby=\"ui-id-4\" aria-hidden=\"false\">\n<div class=\"wpb_text_column wpb_content_element \">\n<div class=\"wpb_wrapper\">\n<p><em><br \/>\nLe <strong><a href=\"http:\/\/www.chrd.lyon.fr\/\" target=\"_blank\" rel=\"noopener noreferrer\">Centre d\u2019histoire de la r\u00e9sistance et de la d\u00e9portation<\/a>\u00a0<\/strong>pr\u00e9sente depuis 2012 une exposition permanente sur la Seconde Guerre mondiale \u00e0 Lyon. Au fil d\u2019expositions temporaires, il propose de d\u00e9couvrir la vie des populations et des victimes du conflit. Le CHRD propose \u00e9galement des expositions temporaires photographiques en lien avec l\u2019actualit\u00e9.<\/em><\/p>\n<\/div>\n<\/div>\n<\/div>\n","protected":false},"featured_media":6773,"template":"","meta":[],"product_cat":[82,15,16],"product_tag":[],"class_list":["post-954","product","type-product","status-publish","has-post-thumbnail","hentry","product_cat-libel","product_cat-histoire","product_cat-histoire-des-conflits"],"_links":{"self":[{"href":"https:\/\/dev.editions-libel.fr\/2019\/wp-json\/wp\/v2\/product\/954","targetHints":{"allow":["GET"]}}],"collection":[{"href":"https:\/\/dev.editions-libel.fr\/2019\/wp-json\/wp\/v2\/product"}],"about":[{"href":"https:\/\/dev.editions-libel.fr\/2019\/wp-json\/wp\/v2\/types\/product"}],"wp:featuredmedia":[{"embeddable":true,"href":"https:\/\/dev.editions-libel.fr\/2019\/wp-json\/wp\/v2\/media\/6773"}],"wp:attachment":[{"href":"https:\/\/dev.editions-libel.fr\/2019\/wp-json\/wp\/v2\/media?parent=954"}],"wp:term":[{"taxonomy":"product_cat","embeddable":true,"href":"https:\/\/dev.editions-libel.fr\/2019\/wp-json\/wp\/v2\/product_cat?post=954"},{"taxonomy":"product_tag","embeddable":true,"href":"https:\/\/dev.editions-libel.fr\/2019\/wp-json\/wp\/v2\/product_tag?post=954"}],"curies":[{"name":"wp","href":"https:\/\/api.w.org\/{rel}","templated":true}]}}