{"id":949,"date":"2013-05-14T07:35:22","date_gmt":"2013-05-14T06:35:22","guid":{"rendered":"http:\/\/www.editions-libel.fr\/2016\/?post_type=product&#038;p=949"},"modified":"2024-01-15T12:08:26","modified_gmt":"2024-01-15T11:08:26","slug":"lyon-ville-internationale","status":"publish","type":"product","link":"https:\/\/dev.editions-libel.fr\/2019\/boutique\/lyon-ville-internationale\/","title":{"rendered":"Lyon, ville internationale"},"content":{"rendered":"[vc_row][vc_column][vc_column_text]<span style=\"text-decoration: underline;\"><a href=\"https:\/\/issuu.com\/libel\/docs\/libel_lvi_issuu\" target=\"_blank\" rel=\"noopener noreferrer\">Feuilleter un extrait<\/a><br \/>\n<a href=\"https:\/\/www.editions-libel.fr\/maison-edition\/wp-content\/uploads\/SOMMAIRE-LVI.pdf\" target=\"_blank\" rel=\"noopener noreferrer\">Voir le sommaire<\/a><\/span><br \/>\n<span style=\"text-decoration: underline;\"><a href=\"https:\/\/www.editions-libel.fr\/maison-edition\/wp-content\/uploads\/2015\/10\/PRESSE-LVI.pdf\" target=\"_blank\" rel=\"noopener noreferrer\">Dossier de presse<\/a><\/span><br \/>\n<span style=\"text-decoration: underline;\"><a href=\"https:\/\/www.editions-libel.fr\/maison-edition\/wp-content\/uploads\/2015\/10\/NOTICE_LVI.pdf\" target=\"_blank\" rel=\"noopener noreferrer\">Notice libraire<\/a><\/span>[\/vc_column_text][\/vc_column][\/vc_row]\n","protected":false},"excerpt":{"rendered":"<p><strong>La m\u00e9tropole lyonnaise \u00e0 l&rsquo;assaut de la sc\u00e8ne internationale <\/strong>[Collectif]<strong><br \/>\n<\/strong><span class=\"Texte\"><span class=\"SousTitre\">Lyon a longtemps \u00e9t\u00e9 vue comme un carrefour, une ville au croisement des routes \u00e9conomiques, religieuses et culturelles. Historiens, g\u00e9ographes et chercheurs en science politique explorent les strat\u00e9gies de rayonnement et l\u2019internationalisation de Lyon de 1914 \u00e0 nos jours.<\/span><\/span><\/p>\n<p>Ouvrage dirig\u00e9 par <a href=\"https:\/\/www.editions-libel.fr\/maison-edition\/author-book\/renaud-payre\/\" target=\"_blank\" rel=\"noopener noreferrer\"><strong>Renaud Payre<\/strong><\/a> et <a href=\"https:\/\/www.editions-libel.fr\/maison-edition\/author-book\/anouk-flamant\/\" target=\"_blank\" rel=\"noopener noreferrer\"><strong>Anouk Flamant<\/strong><\/a>.<\/p>\n","protected":false},"featured_media":5401,"template":"","meta":[],"product_cat":[82,15,17,25],"product_tag":[],"class_list":["post-949","product","type-product","status-publish","has-post-thumbnail","hentry","product_cat-libel","product_cat-histoire","product_cat-lyon","product_cat-societe"],"_links":{"self":[{"href":"https:\/\/dev.editions-libel.fr\/2019\/wp-json\/wp\/v2\/product\/949","targetHints":{"allow":["GET"]}}],"collection":[{"href":"https:\/\/dev.editions-libel.fr\/2019\/wp-json\/wp\/v2\/product"}],"about":[{"href":"https:\/\/dev.editions-libel.fr\/2019\/wp-json\/wp\/v2\/types\/product"}],"wp:featuredmedia":[{"embeddable":true,"href":"https:\/\/dev.editions-libel.fr\/2019\/wp-json\/wp\/v2\/media\/5401"}],"wp:attachment":[{"href":"https:\/\/dev.editions-libel.fr\/2019\/wp-json\/wp\/v2\/media?parent=949"}],"wp:term":[{"taxonomy":"product_cat","embeddable":true,"href":"https:\/\/dev.editions-libel.fr\/2019\/wp-json\/wp\/v2\/product_cat?post=949"},{"taxonomy":"product_tag","embeddable":true,"href":"https:\/\/dev.editions-libel.fr\/2019\/wp-json\/wp\/v2\/product_tag?post=949"}],"curies":[{"name":"wp","href":"https:\/\/api.w.org\/{rel}","templated":true}]}}