{"id":9458,"date":"2023-10-09T09:44:16","date_gmt":"2023-10-09T07:44:16","guid":{"rendered":"https:\/\/www.editions-libel.fr\/maison-edition\/?post_type=product&#038;p=9458"},"modified":"2024-10-01T15:29:12","modified_gmt":"2024-10-01T13:29:12","slug":"la-roseraie-de-saint-clair","status":"publish","type":"product","link":"https:\/\/dev.editions-libel.fr\/2019\/boutique\/la-roseraie-de-saint-clair\/","title":{"rendered":"La roseraie de Saint-Clair"},"content":{"rendered":"[vc_row][vc_column][vc_column_text]<a href=\"https:\/\/heyzine.com\/flip-book\/e4e7d81afc.html\" target=\"_blank\" rel=\"noopener\"><span style=\"text-decoration: underline;\">Feuilleter un extrait<\/span><\/a><br \/>\n<a href=\"https:\/\/www.editions-libel.fr\/maison-edition\/wp-content\/uploads\/LIBEL_DP_ROSES_OKBR_maj.pdf\" target=\"_blank\" rel=\"noopener\"><span style=\"text-decoration: underline;\">Dossier de presse<\/span><\/a><br \/>\n<a href=\"https:\/\/www.editions-libel.fr\/maison-edition\/wp-content\/uploads\/NOTICE_LIBEL_ROSES_maj.pdf\" target=\"_blank\" rel=\"noopener\"><span style=\"text-decoration: underline;\">Notice libraire<\/span><\/a>[\/vc_column_text][\/vc_column][\/vc_row]\n","protected":false},"excerpt":{"rendered":"<div id=\"tab-2c94af60-a783-10\" class=\"wpb_tab ui-tabs-panel wpb_ui-tabs-hide vc_clearfix ui-widget-content ui-corner-bottom\" role=\"tabpanel\" aria-labelledby=\"ui-id-1\" aria-hidden=\"false\">\n<div class=\"wpb_text_column wpb_content_element \">\n<div class=\"wpb_wrapper\">\n<p class=\"p1\"><b>Une collection des roses du monde<br \/>\n<\/b><strong><span style=\"color: red;\">Prix sp\u00e9cial du jury P.J. Redout\u00e9 2024\u00a0<\/span><\/strong><\/p>\n<p class=\"p1\">La roseraie de Saint-Clair, sise \u00e0 Caluire-et-Cuire depuis 2012, est un lieu unique en son genre, v\u00e9ritable \u00ab Jardin des roses du monde \u00bb pr\u00e9sentant plus de 130 esp\u00e8ces pour pr\u00e8s de 500 rosiers. Aboutissement de 200 millions d\u2019ann\u00e9es d\u2019\u00e9volution, aujourd\u2019hui labellis\u00e9e Collection botanique nationale, la roseraie offre \u00e0 ses visiteurs une d\u00e9ambulation \u00ab augment\u00e9e \u00bb, pour une exp\u00e9rience \u00e0 la fois sensible et savante. Le livre est un voyage au coeur de cette collection vivante exceptionnelle, tout enti\u00e8re consacr\u00e9e \u00e0 la rose \u2014 reine des fleurs depuis l\u2019Antiquit\u00e9 et authentique joyau patrimonial.<\/p>\n<\/div>\n<\/div>\n<\/div>\n","protected":false},"featured_media":9461,"template":"","meta":[],"product_cat":[77,82,17,43,22,23,24,25],"product_tag":[],"class_list":["post-9458","product","type-product","status-publish","has-post-thumbnail","hentry","product_cat-histoire-2","product_cat-libel","product_cat-lyon","product_cat-patrimoines","product_cat-recit","product_cat-regionalisme","product_cat-sciences","product_cat-societe"],"_links":{"self":[{"href":"https:\/\/dev.editions-libel.fr\/2019\/wp-json\/wp\/v2\/product\/9458","targetHints":{"allow":["GET"]}}],"collection":[{"href":"https:\/\/dev.editions-libel.fr\/2019\/wp-json\/wp\/v2\/product"}],"about":[{"href":"https:\/\/dev.editions-libel.fr\/2019\/wp-json\/wp\/v2\/types\/product"}],"wp:featuredmedia":[{"embeddable":true,"href":"https:\/\/dev.editions-libel.fr\/2019\/wp-json\/wp\/v2\/media\/9461"}],"wp:attachment":[{"href":"https:\/\/dev.editions-libel.fr\/2019\/wp-json\/wp\/v2\/media?parent=9458"}],"wp:term":[{"taxonomy":"product_cat","embeddable":true,"href":"https:\/\/dev.editions-libel.fr\/2019\/wp-json\/wp\/v2\/product_cat?post=9458"},{"taxonomy":"product_tag","embeddable":true,"href":"https:\/\/dev.editions-libel.fr\/2019\/wp-json\/wp\/v2\/product_tag?post=9458"}],"curies":[{"name":"wp","href":"https:\/\/api.w.org\/{rel}","templated":true}]}}