{"id":943,"date":"2012-09-03T15:02:18","date_gmt":"2012-09-03T14:02:18","guid":{"rendered":"http:\/\/www.editions-libel.fr\/2016\/?post_type=product&#038;p=943"},"modified":"2024-01-15T12:08:26","modified_gmt":"2024-01-15T11:08:26","slug":"de-loise-a-la-lune","status":"publish","type":"product","link":"https:\/\/dev.editions-libel.fr\/2019\/boutique\/de-loise-a-la-lune\/","title":{"rendered":"De l&rsquo;Oise \u00e0 la Lune"},"content":{"rendered":"[vc_row][vc_column][vc_column_text]<span style=\"text-decoration: underline;\"><a href=\"https:\/\/issuu.com\/libel\/docs\/libel_fenet_issuu\" target=\"_blank\" rel=\"noopener noreferrer\">Feuilleter un extrait<\/a><\/span><br \/>\n<span style=\"text-decoration: underline;\"><a href=\"https:\/\/www.editions-libel.fr\/maison-edition\/wp-content\/uploads\/2015\/10\/PRESSE-Fenet.pdf\" target=\"_blank\" rel=\"noopener noreferrer\">Dossier de presse<\/a><\/span><br \/>\n<span style=\"text-decoration: underline;\"><a href=\"https:\/\/www.editions-libel.fr\/maison-edition\/wp-content\/uploads\/2015\/10\/notice-fenet.pdf\" target=\"_blank\" rel=\"noopener noreferrer\">Notice libraire<\/a><\/span>[\/vc_column_text][\/vc_column][\/vc_row]\n","protected":false},"excerpt":{"rendered":"<p><strong>L\u00e9on Fenet. Photographies 1883-1898 <\/strong>[Collectif]<strong><br \/>\n<\/strong>Membre fondateur de la Soci\u00e9t\u00e9 astronomique de France et arch\u00e9ologue amateur d\u2019art, L\u00e9on Fenet a aussi \u00e9t\u00e9 un observateur du ciel et un ethnologue passionn\u00e9. Il nous l\u00e8gue des clich\u00e9s hors du commun de la Lune et, en contrepoint, des photographies in\u00e9dites de l\u2019habitat rural du 19<sup>e<\/sup>si\u00e8cle.<\/p>\n<p>Ouvrage dirig\u00e9 par <strong>Bruno Ricard<\/strong>, \u00e0 l\u2019occasion de l\u2019exposition \u00e9ponyme organis\u00e9e aux <a href=\"http:\/\/archives.oise.fr\/\" target=\"_blank\" rel=\"noopener noreferrer\"><strong>Archives d\u00e9partementales de l\u2019Oise<\/strong><\/a>.<\/p>\n","protected":false},"featured_media":5421,"template":"","meta":[],"product_cat":[82,15,21,23],"product_tag":[],"class_list":["post-943","product","type-product","status-publish","has-post-thumbnail","hentry","product_cat-libel","product_cat-histoire","product_cat-photographie","product_cat-regionalisme"],"_links":{"self":[{"href":"https:\/\/dev.editions-libel.fr\/2019\/wp-json\/wp\/v2\/product\/943","targetHints":{"allow":["GET"]}}],"collection":[{"href":"https:\/\/dev.editions-libel.fr\/2019\/wp-json\/wp\/v2\/product"}],"about":[{"href":"https:\/\/dev.editions-libel.fr\/2019\/wp-json\/wp\/v2\/types\/product"}],"wp:featuredmedia":[{"embeddable":true,"href":"https:\/\/dev.editions-libel.fr\/2019\/wp-json\/wp\/v2\/media\/5421"}],"wp:attachment":[{"href":"https:\/\/dev.editions-libel.fr\/2019\/wp-json\/wp\/v2\/media?parent=943"}],"wp:term":[{"taxonomy":"product_cat","embeddable":true,"href":"https:\/\/dev.editions-libel.fr\/2019\/wp-json\/wp\/v2\/product_cat?post=943"},{"taxonomy":"product_tag","embeddable":true,"href":"https:\/\/dev.editions-libel.fr\/2019\/wp-json\/wp\/v2\/product_tag?post=943"}],"curies":[{"name":"wp","href":"https:\/\/api.w.org\/{rel}","templated":true}]}}