{"id":941,"date":"2012-06-29T13:25:32","date_gmt":"2012-06-29T12:25:32","guid":{"rendered":"http:\/\/www.editions-libel.fr\/2016\/?post_type=product&#038;p=941"},"modified":"2024-01-15T12:08:26","modified_gmt":"2024-01-15T11:08:26","slug":"berlioz-et-litalie-voyage-musical","status":"publish","type":"product","link":"https:\/\/dev.editions-libel.fr\/2019\/boutique\/berlioz-et-litalie-voyage-musical\/","title":{"rendered":"Berlioz et l&rsquo;Italie"},"content":{"rendered":"[vc_row][vc_column][vc_column_text]<span style=\"text-decoration: underline;\"><a href=\"https:\/\/issuu.com\/libel\/docs\/libel_italie_issuu\" target=\"_blank\" rel=\"noopener noreferrer\">Feuilleter un extrait<\/a><\/span><br \/>\n<span style=\"text-decoration: underline;\"><a href=\"https:\/\/www.editions-libel.fr\/maison-edition\/wp-content\/uploads\/2015\/10\/PRESSE-BERLIOZ-ITALIE.pdf\" target=\"_blank\" rel=\"noopener noreferrer\">Dossier de presse<\/a><\/span><br \/>\n<span style=\"text-decoration: underline;\"><a href=\"https:\/\/www.editions-libel.fr\/maison-edition\/wp-content\/uploads\/2015\/10\/Notice_Berlioz.pdf\" target=\"_blank\" rel=\"noopener noreferrer\">Notice libraire<\/a><\/span>[\/vc_column_text][\/vc_column][\/vc_row]\n","protected":false},"excerpt":{"rendered":"<p><strong>Voyage musical <\/strong>[Collectif]<strong><br \/>\n<\/strong>Apr\u00e8s avoir remport\u00e9 le grand prix de Rome pour sa cantate <em>Sardanapale<\/em>, Hector Berlioz s\u00e9journe en 1831 et 1832 \u00e0 la Villa M\u00e9dicis. D\u00e9\u00e7u par la ville \u00e9ternelle, il parcourt les villages et les montagnes italiennes, dont le pittoresque et les impressions ressenties laisseront leur empreinte dans l\u2019\u0153uvre du musicien.<\/p>\n<p>Ouvrage dirig\u00e9 par <strong>Chantal Spillemaecker<\/strong> et <strong>Antoine Troncy<\/strong>, \u00e0 l\u2019occasion de l\u2019exposition \u201cBerlioz et l\u2019Italie \u2013 Voyage musical\u201d pr\u00e9sent\u00e9e au <strong>Mus\u00e9e Hector-Berlioz<\/strong>.<\/p>\n<p><em><br \/>\nLa <a href=\"http:\/\/www.musee-hector-berlioz.fr\/\" target=\"_blank\" rel=\"noopener noreferrer\"><strong>maison natale d\u2019Hector Berlioz\u00a0<\/strong><\/a>\u00e0 La C\u00f4te-Saint-Andr\u00e9 pr\u00e9sente une exposition permanente sur la vie et l\u2019\u0153uvre du compositeur et des expositions temporaires aux th\u00e9matiques originales et vari\u00e9es.<\/em><\/p>\n","protected":false},"featured_media":5430,"template":"","meta":[],"product_cat":[82,13],"product_tag":[],"class_list":["post-941","product","type-product","status-publish","has-post-thumbnail","hentry","product_cat-libel","product_cat-beaux-arts"],"_links":{"self":[{"href":"https:\/\/dev.editions-libel.fr\/2019\/wp-json\/wp\/v2\/product\/941","targetHints":{"allow":["GET"]}}],"collection":[{"href":"https:\/\/dev.editions-libel.fr\/2019\/wp-json\/wp\/v2\/product"}],"about":[{"href":"https:\/\/dev.editions-libel.fr\/2019\/wp-json\/wp\/v2\/types\/product"}],"wp:featuredmedia":[{"embeddable":true,"href":"https:\/\/dev.editions-libel.fr\/2019\/wp-json\/wp\/v2\/media\/5430"}],"wp:attachment":[{"href":"https:\/\/dev.editions-libel.fr\/2019\/wp-json\/wp\/v2\/media?parent=941"}],"wp:term":[{"taxonomy":"product_cat","embeddable":true,"href":"https:\/\/dev.editions-libel.fr\/2019\/wp-json\/wp\/v2\/product_cat?post=941"},{"taxonomy":"product_tag","embeddable":true,"href":"https:\/\/dev.editions-libel.fr\/2019\/wp-json\/wp\/v2\/product_tag?post=941"}],"curies":[{"name":"wp","href":"https:\/\/api.w.org\/{rel}","templated":true}]}}