{"id":9382,"date":"2023-06-28T15:26:06","date_gmt":"2023-06-28T13:26:06","guid":{"rendered":"https:\/\/www.editions-libel.fr\/maison-edition\/?post_type=product&#038;p=9382"},"modified":"2024-10-01T15:29:29","modified_gmt":"2024-10-01T13:29:29","slug":"lost-in-camargue","status":"publish","type":"product","link":"https:\/\/dev.editions-libel.fr\/2019\/boutique\/lost-in-camargue\/","title":{"rendered":"Lost in Camargue"},"content":{"rendered":"[vc_row][vc_column][vc_column_text]<a href=\"https:\/\/www.editions-libel.fr\/maison-edition\/wp-content\/uploads\/DP-LIBEL-CAMARGUE.pdf\"><span style=\"text-decoration: underline;\">Dossier de presse<\/span><\/a><br \/>\n<span style=\"text-decoration: underline;\"><a href=\"https:\/\/www.editions-libel.fr\/maison-edition\/wp-content\/uploads\/NOTICE_LIBEL_CAMARGUE.pdf\" target=\"_blank\" rel=\"noopener\">Notice libraire<\/a><br \/>\n<a href=\"https:\/\/heyzine.com\/flip-book\/6e45aa9c17.html\" target=\"_blank\" rel=\"noopener\">Feuilleter un extrait<\/a><\/span>[\/vc_column_text][\/vc_column][\/vc_row]\n","protected":false},"excerpt":{"rendered":"<div id=\"tab-2c94af60-a783-10\" class=\"wpb_tab ui-tabs-panel wpb_ui-tabs-hide vc_clearfix ui-widget-content ui-corner-bottom\" role=\"tabpanel\" aria-labelledby=\"ui-id-1\" aria-hidden=\"false\">\n<div class=\"wpb_text_column wpb_content_element \">\n<div class=\"wpb_wrapper\">\n<p><strong>Photographies de Romain Boutillier<br \/>\n<\/strong><\/p>\n<p class=\"p1\">\u00abDepuis plus de dix ans je vis \u00e0 Arles, aux portes de la Camargue, ce territoire me semblait connu apr\u00e8s de nombreuses ann\u00e9es de vie arl\u00e9sienne. Suite \u00e0 la crise sanitaire que nous avons travers\u00e9e, un besoin d\u2019\u00e9vasion, de grands espaces et de nature s\u2019est fait ressentir. Pour photographier la Camargue, difficile de ne pas marcher dans les pas de grands photographes tels que Lucien Clergue, Peter Lindbergh ou encore Josef Koudelka. Mon parti pris du noir et blanc, au format carr\u00e9, en argentique accentue l\u2019aspect nostalgique de ce territoire charg\u00e9 d\u2019histoire. Tout au long de mes p\u00e9r\u00e9grinations, je me perds dans l\u2019espace et le temps, je d\u00e9couvre une Camargue intemporelle, myst\u00e9rieuse, un sentiment de bout du monde dans une nature unique en son genre&#8230; \u00bb<\/p>\n<\/div>\n<p class=\"p1\"><i>Pr\u00e9face d\u2019Estelle Rouquette, conservateur du patrimoine, directrice du mus\u00e9e de la Camargue.<\/i><\/p>\n<p class=\"p1\"><b>Cet ouvrage est issu d\u2019un r\u00e9cit photographique qui sera pr\u00e9sent\u00e9 lors d\u2019une exposition au mus\u00e9e de Camargue, dans le cadre du festival des Rencontres d\u2019Arles 2023.\u00a0<\/b><\/p>\n<\/div>\n<\/div>\n","protected":false},"featured_media":9384,"template":"","meta":[],"product_cat":[77,82,21,22,23],"product_tag":[],"class_list":["post-9382","product","type-product","status-publish","has-post-thumbnail","hentry","product_cat-histoire-2","product_cat-libel","product_cat-photographie","product_cat-recit","product_cat-regionalisme"],"_links":{"self":[{"href":"https:\/\/dev.editions-libel.fr\/2019\/wp-json\/wp\/v2\/product\/9382","targetHints":{"allow":["GET"]}}],"collection":[{"href":"https:\/\/dev.editions-libel.fr\/2019\/wp-json\/wp\/v2\/product"}],"about":[{"href":"https:\/\/dev.editions-libel.fr\/2019\/wp-json\/wp\/v2\/types\/product"}],"wp:featuredmedia":[{"embeddable":true,"href":"https:\/\/dev.editions-libel.fr\/2019\/wp-json\/wp\/v2\/media\/9384"}],"wp:attachment":[{"href":"https:\/\/dev.editions-libel.fr\/2019\/wp-json\/wp\/v2\/media?parent=9382"}],"wp:term":[{"taxonomy":"product_cat","embeddable":true,"href":"https:\/\/dev.editions-libel.fr\/2019\/wp-json\/wp\/v2\/product_cat?post=9382"},{"taxonomy":"product_tag","embeddable":true,"href":"https:\/\/dev.editions-libel.fr\/2019\/wp-json\/wp\/v2\/product_tag?post=9382"}],"curies":[{"name":"wp","href":"https:\/\/api.w.org\/{rel}","templated":true}]}}