{"id":938,"date":"2011-12-10T13:18:29","date_gmt":"2011-12-10T12:18:29","guid":{"rendered":"http:\/\/www.editions-libel.fr\/2016\/?post_type=product&#038;p=938"},"modified":"2024-01-30T11:47:10","modified_gmt":"2024-01-30T10:47:10","slug":"eugene-brouillard","status":"publish","type":"product","link":"https:\/\/dev.editions-libel.fr\/2019\/boutique\/eugene-brouillard\/","title":{"rendered":"Eug\u00e8ne Brouillard"},"content":{"rendered":"[vc_row][vc_column][vc_column_text]<span style=\"text-decoration: underline;\"><a href=\"https:\/\/issuu.com\/libel\/docs\/libel_brouillard\" target=\"_blank\" rel=\"noopener noreferrer\">Feuilleter un extrait<\/a><\/span><br \/>\n<span style=\"text-decoration: underline;\"><a href=\"https:\/\/www.editions-libel.fr\/maison-edition\/wp-content\/uploads\/2015\/10\/BROUILLARD_presse.pdf\" target=\"_blank\" rel=\"noopener noreferrer\">Dossier de presse<\/a><\/span><br \/>\n<span style=\"text-decoration: underline;\"><a href=\"http:\/\/dev.editions-libel.fr\/2019\/wp-content\/uploads\/eug\u00e8ne-brouillard_LIBEL.pdf\" target=\"_blank\" rel=\"noopener noreferrer\">Notice libraire<\/a><\/span>[\/vc_column_text][\/vc_column][\/vc_row]\n","protected":false},"excerpt":{"rendered":"<p><strong>Dialogues avec la modernit\u00e9 1870-1950 <\/strong>[Collectif]<strong><br \/>\n<\/strong>Eug\u00e8ne Brouillard (1870-1950) est une figure majeure de la peinture lyonnaise du d\u00e9but du XXe si\u00e8cle. Fascin\u00e9 par la nature, notamment les arbres et les \u00e9tangs de la Dombes, il devient un paysagiste hors pair et renouvelle ce genre acad\u00e9mique avec talent.<\/p>\n<p>Ouvrage dirig\u00e9 par <strong>Didier Ranc<\/strong> et <strong>Denis Vaginay<\/strong>.<\/p>\n","protected":false},"featured_media":5436,"template":"","meta":[],"product_cat":[82,13,17],"product_tag":[],"class_list":["post-938","product","type-product","status-publish","has-post-thumbnail","hentry","product_cat-libel","product_cat-beaux-arts","product_cat-lyon"],"_links":{"self":[{"href":"https:\/\/dev.editions-libel.fr\/2019\/wp-json\/wp\/v2\/product\/938","targetHints":{"allow":["GET"]}}],"collection":[{"href":"https:\/\/dev.editions-libel.fr\/2019\/wp-json\/wp\/v2\/product"}],"about":[{"href":"https:\/\/dev.editions-libel.fr\/2019\/wp-json\/wp\/v2\/types\/product"}],"wp:featuredmedia":[{"embeddable":true,"href":"https:\/\/dev.editions-libel.fr\/2019\/wp-json\/wp\/v2\/media\/5436"}],"wp:attachment":[{"href":"https:\/\/dev.editions-libel.fr\/2019\/wp-json\/wp\/v2\/media?parent=938"}],"wp:term":[{"taxonomy":"product_cat","embeddable":true,"href":"https:\/\/dev.editions-libel.fr\/2019\/wp-json\/wp\/v2\/product_cat?post=938"},{"taxonomy":"product_tag","embeddable":true,"href":"https:\/\/dev.editions-libel.fr\/2019\/wp-json\/wp\/v2\/product_tag?post=938"}],"curies":[{"name":"wp","href":"https:\/\/api.w.org\/{rel}","templated":true}]}}