{"id":936,"date":"2011-07-22T13:13:50","date_gmt":"2011-07-22T12:13:50","guid":{"rendered":"http:\/\/www.editions-libel.fr\/2016\/?post_type=product&#038;p=936"},"modified":"2024-12-02T13:46:53","modified_gmt":"2024-12-02T12:46:53","slug":"des-chiffres-un-visage","status":"publish","type":"product","link":"https:\/\/dev.editions-libel.fr\/2019\/boutique\/des-chiffres-un-visage\/","title":{"rendered":"Des chiffres Un visage"},"content":{"rendered":"[vc_row][vc_column][vc_column_text]<span style=\"text-decoration: underline;\"><a href=\"https:\/\/issuu.com\/libel\/docs\/dcuv_issuu\" target=\"_blank\" rel=\"noopener noreferrer\">Feuilleter un extrait<\/a><\/span><br \/>\n<span style=\"text-decoration: underline;\"><a href=\"https:\/\/www.editions-libel.fr\/maison-edition\/wp-content\/uploads\/2015\/10\/PRESSE-DESCHIFFRES.pdf\" target=\"_blank\" rel=\"noopener noreferrer\">Dossier de presse<\/a><\/span><br \/>\n<span style=\"text-decoration: underline;\"><a href=\"https:\/\/www.editions-libel.fr\/maison-edition\/wp-content\/uploads\/2015\/10\/notice-deschiffres-unvisageOK.pdf\" target=\"_blank\" rel=\"noopener noreferrer\">Notice libraire<\/a><\/span>[\/vc_column_text][\/vc_column][\/vc_row]\n","protected":false},"excerpt":{"rendered":"<p><strong><span style=\"color: red;\">\u00c9puis\u00e9<\/span><\/strong><\/p>\n<p>Derri\u00e8re les chiffres des expulsions de sans papiers, il y a des hommes et des familles. Dans un photoreportage sensible, Bertrand Gaudill\u00e8re nous raconte le soutien re\u00e7u par Guilherme, p\u00e8re de deux enfants n\u00e9s et scolaris\u00e9s en France, qui a \u00e9chapp\u00e9 \u00e0 4 expulsions gr\u00e2ce \u00e0 des anonymes, voisins ou amis.<\/p>\n","protected":false},"featured_media":10112,"template":"","meta":[],"product_cat":[71,77,82,17,43,21,22,25],"product_tag":[],"class_list":["post-936","product","type-product","status-publish","has-post-thumbnail","hentry","product_cat-arts","product_cat-histoire-2","product_cat-libel","product_cat-lyon","product_cat-patrimoines","product_cat-photographie","product_cat-recit","product_cat-societe"],"_links":{"self":[{"href":"https:\/\/dev.editions-libel.fr\/2019\/wp-json\/wp\/v2\/product\/936","targetHints":{"allow":["GET"]}}],"collection":[{"href":"https:\/\/dev.editions-libel.fr\/2019\/wp-json\/wp\/v2\/product"}],"about":[{"href":"https:\/\/dev.editions-libel.fr\/2019\/wp-json\/wp\/v2\/types\/product"}],"wp:featuredmedia":[{"embeddable":true,"href":"https:\/\/dev.editions-libel.fr\/2019\/wp-json\/wp\/v2\/media\/10112"}],"wp:attachment":[{"href":"https:\/\/dev.editions-libel.fr\/2019\/wp-json\/wp\/v2\/media?parent=936"}],"wp:term":[{"taxonomy":"product_cat","embeddable":true,"href":"https:\/\/dev.editions-libel.fr\/2019\/wp-json\/wp\/v2\/product_cat?post=936"},{"taxonomy":"product_tag","embeddable":true,"href":"https:\/\/dev.editions-libel.fr\/2019\/wp-json\/wp\/v2\/product_tag?post=936"}],"curies":[{"name":"wp","href":"https:\/\/api.w.org\/{rel}","templated":true}]}}