{"id":935,"date":"2011-07-08T13:11:32","date_gmt":"2011-07-08T12:11:32","guid":{"rendered":"http:\/\/www.editions-libel.fr\/2016\/?post_type=product&#038;p=935"},"modified":"2024-01-15T12:09:00","modified_gmt":"2024-01-15T11:09:00","slug":"fantin-latour-interprete-berlioz","status":"publish","type":"product","link":"https:\/\/dev.editions-libel.fr\/2019\/boutique\/fantin-latour-interprete-berlioz\/","title":{"rendered":"Fantin-Latour interpr\u00e8te Berlioz"},"content":{"rendered":"[vc_row][vc_column][vc_column_text]<span style=\"text-decoration: underline;\"><a href=\"https:\/\/issuu.com\/libel\/docs\/latour_issuu\" target=\"_blank\" rel=\"noopener noreferrer\">Feuilleter un extrait<\/a><\/span><br \/>\n<span style=\"text-decoration: underline;\"><a href=\"https:\/\/www.editions-libel.fr\/maison-edition\/wp-content\/uploads\/2015\/10\/PRESSE-FANTIN-LATOUR.pdf\" target=\"_blank\" rel=\"noopener noreferrer\">Dossier de presse<\/a><\/span><br \/>\n<span style=\"text-decoration: underline;\"><a href=\"https:\/\/www.editions-libel.fr\/maison-edition\/wp-content\/uploads\/2015\/10\/notice-fantin-latourOK.pdf\" target=\"_blank\" rel=\"noopener noreferrer\">Notice libraire<\/a><\/span>[\/vc_column_text][\/vc_column][\/vc_row]\n","protected":false},"excerpt":{"rendered":"<p>Henri Fantin-Latour (1836-1904) aimait la musique presque autant que la peinture. Cette passion l\u2019a port\u00e9 vers la cr\u00e9ation d\u2019\u0153uvres inspir\u00e9es par les plus grands compositeurs romantiques de son temps, comme Hector Berlioz, dauphinois comme lui, dont il offre un prolongement plastique original en cette fin de 19<sup>e <\/sup>si\u00e8cle.<\/p>\n<p>Ouvrage dirig\u00e9 par <strong>Chantal Spillemaecker et Antoine Troncy<\/strong>, \u00e0 l\u2019occasion de l\u2019exposition \u201cFantin Latour interpr\u00e8te Berlioz\u201d pr\u00e9sent\u00e9e au <strong>Mus\u00e9e Hector-Berlioz<\/strong>.<\/p>\n<div id=\"tab-1444942031895-3-6\" class=\"wpb_tab ui-tabs-panel wpb_ui-tabs-hide vc_clearfix ui-widget-content ui-corner-bottom\" role=\"tabpanel\" aria-labelledby=\"ui-id-4\" aria-hidden=\"false\">\n<div class=\"wpb_text_column wpb_content_element \">\n<div class=\"wpb_wrapper\">\n<p><em>La <a href=\"http:\/\/www.musee-hector-berlioz.fr\/\" target=\"_blank\" rel=\"noopener noreferrer\"><strong>maison natale d\u2019Hector Berlioz<\/strong> <\/a>\u00e0 La C\u00f4te-Saint-Andr\u00e9 pr\u00e9sente une exposition permanente sur la vie et l\u2019\u0153uvre du compositeur et des expositions temporaires aux th\u00e9matiques originales et vari\u00e9es.<\/em><\/p>\n<\/div>\n<\/div>\n<\/div>\n","protected":false},"featured_media":5442,"template":"","meta":[],"product_cat":[82,13],"product_tag":[],"class_list":["post-935","product","type-product","status-publish","has-post-thumbnail","hentry","product_cat-libel","product_cat-beaux-arts"],"_links":{"self":[{"href":"https:\/\/dev.editions-libel.fr\/2019\/wp-json\/wp\/v2\/product\/935","targetHints":{"allow":["GET"]}}],"collection":[{"href":"https:\/\/dev.editions-libel.fr\/2019\/wp-json\/wp\/v2\/product"}],"about":[{"href":"https:\/\/dev.editions-libel.fr\/2019\/wp-json\/wp\/v2\/types\/product"}],"wp:featuredmedia":[{"embeddable":true,"href":"https:\/\/dev.editions-libel.fr\/2019\/wp-json\/wp\/v2\/media\/5442"}],"wp:attachment":[{"href":"https:\/\/dev.editions-libel.fr\/2019\/wp-json\/wp\/v2\/media?parent=935"}],"wp:term":[{"taxonomy":"product_cat","embeddable":true,"href":"https:\/\/dev.editions-libel.fr\/2019\/wp-json\/wp\/v2\/product_cat?post=935"},{"taxonomy":"product_tag","embeddable":true,"href":"https:\/\/dev.editions-libel.fr\/2019\/wp-json\/wp\/v2\/product_tag?post=935"}],"curies":[{"name":"wp","href":"https:\/\/api.w.org\/{rel}","templated":true}]}}