{"id":925,"date":"2009-11-03T12:41:44","date_gmt":"2009-11-03T11:41:44","guid":{"rendered":"http:\/\/www.editions-libel.fr\/2016\/?post_type=product&#038;p=925"},"modified":"2024-10-14T10:51:54","modified_gmt":"2024-10-14T08:51:54","slug":"lyon-des-photographes","status":"publish","type":"product","link":"https:\/\/dev.editions-libel.fr\/2019\/boutique\/lyon-des-photographes\/","title":{"rendered":"Lyon des photographes"},"content":{"rendered":"[vc_row full_width=\u00a0\u00bbstretch_row\u00a0\u00bb][vc_column][vc_column_text]\n<p style=\"text-align: left;\"><span style=\"text-decoration: underline;\"><a href=\"https:\/\/issuu.com\/libel\/docs\/ldesp_issuu\" target=\"_blank\" rel=\"noopener noreferrer\">Feuilleter un extrait<\/a><\/span><br \/>\n<span style=\"text-decoration: underline;\"><a href=\"https:\/\/www.editions-libel.fr\/maison-edition\/wp-content\/uploads\/2015\/10\/PRESSE_LDP.pdf\" target=\"_blank\" rel=\"noopener noreferrer\">Dossier de presse<\/a><\/span><br \/>\n<span style=\"text-decoration: underline;\"><a href=\"https:\/\/www.editions-libel.fr\/maison-edition\/wp-content\/uploads\/2015\/10\/NOTICE-LDP.pdf\" target=\"_blank\" rel=\"noopener noreferrer\">Notice libraire<\/a><\/span><\/p>\n[\/vc_column_text][\/vc_column][\/vc_row]\n","protected":false},"excerpt":{"rendered":"<p><strong><span style=\"color: #cc0000;\"><b>\u00c9puis\u00e9<br \/>\n<\/b><\/span><\/strong><strong>Une ville, 14 auteurs<br \/>\n<\/strong>Ils sont photographes, Lyonnais, et ont commenc\u00e9 \u00e0 travailler avant les ann\u00e9es 90 et l\u2019apparition du num\u00e9rique. Quatorze artistes livrent leur vision de la ville et de ses paysages le temps d\u2019une promenade argentique en noir et blanc sur pr\u00e8s de 50 ans.<\/p>\n<p><em><span class=\"SousTitre\">Les photographes :<\/span><\/em><strong><em><span class=\"SousTitre\"><br \/>\n<\/span><\/em><\/strong><em>Bernard Agreil, G\u00e9rard Amsellem, Jean-Paul Bajard, Ren\u00e9 Basset, Robert Deyrail, Georges Fessy, Andr\u00e9 Gamet, Christian Ganet, Yannick Hedel, Philippe Merchez, \u00c9velyne Rogniat, Jacqueline Salmon, Pierre Vallet, Gilles Verneret<\/em><\/p>\n","protected":false},"featured_media":6776,"template":"","meta":[],"product_cat":[71,77,82,8,15,17,43,21],"product_tag":[],"class_list":["post-925","product","type-product","status-publish","has-post-thumbnail","hentry","product_cat-arts","product_cat-histoire-2","product_cat-libel","product_cat-epuises","product_cat-histoire","product_cat-lyon","product_cat-patrimoines","product_cat-photographie"],"_links":{"self":[{"href":"https:\/\/dev.editions-libel.fr\/2019\/wp-json\/wp\/v2\/product\/925","targetHints":{"allow":["GET"]}}],"collection":[{"href":"https:\/\/dev.editions-libel.fr\/2019\/wp-json\/wp\/v2\/product"}],"about":[{"href":"https:\/\/dev.editions-libel.fr\/2019\/wp-json\/wp\/v2\/types\/product"}],"wp:featuredmedia":[{"embeddable":true,"href":"https:\/\/dev.editions-libel.fr\/2019\/wp-json\/wp\/v2\/media\/6776"}],"wp:attachment":[{"href":"https:\/\/dev.editions-libel.fr\/2019\/wp-json\/wp\/v2\/media?parent=925"}],"wp:term":[{"taxonomy":"product_cat","embeddable":true,"href":"https:\/\/dev.editions-libel.fr\/2019\/wp-json\/wp\/v2\/product_cat?post=925"},{"taxonomy":"product_tag","embeddable":true,"href":"https:\/\/dev.editions-libel.fr\/2019\/wp-json\/wp\/v2\/product_tag?post=925"}],"curies":[{"name":"wp","href":"https:\/\/api.w.org\/{rel}","templated":true}]}}