{"id":918,"date":"2009-06-30T10:06:48","date_gmt":"2009-06-30T09:06:48","guid":{"rendered":"http:\/\/www.editions-libel.fr\/2016\/?post_type=product&#038;p=918"},"modified":"2024-01-15T12:09:01","modified_gmt":"2024-01-15T11:09:01","slug":"jongkind-des-pays-bas-au-dauphine","status":"publish","type":"product","link":"https:\/\/dev.editions-libel.fr\/2019\/boutique\/jongkind-des-pays-bas-au-dauphine\/","title":{"rendered":"Jongkind, Des Pays-Bas au Dauphin\u00e9"},"content":{"rendered":"[vc_row][vc_column][vc_column_text]<span style=\"text-decoration: underline;\"><a href=\"https:\/\/issuu.com\/libel\/docs\/jongkind_issuu\" target=\"_blank\" rel=\"noopener noreferrer\">Feuilleter un extrait<\/a><\/span><br \/>\n<span style=\"text-decoration: underline;\"><a href=\"https:\/\/www.editions-libel.fr\/maison-edition\/wp-content\/uploads\/2015\/10\/JONGKIND-PRESSE.pdf\" target=\"_blank\" rel=\"noopener noreferrer\">Dossier de presse<\/a><\/span><br \/>\n<span style=\"text-decoration: underline;\"><a href=\"https:\/\/www.editions-libel.fr\/maison-edition\/wp-content\/uploads\/2015\/10\/LIBEL_notice_jongkind-BD.pdf\" target=\"_blank\" rel=\"noopener noreferrer\">Notice libraire<\/a><\/span>[\/vc_column_text][\/vc_column][\/vc_row]\n","protected":false},"excerpt":{"rendered":"<p><strong><span style=\"color: #cc0000;\"><b>\u00c9puis\u00e9<br \/>\n<\/b><\/span><\/strong><strong>Des Pays-Bas au Dauphin\u00e9 <\/strong>[Collectif]<strong><br \/>\n<\/strong>Peintre hollandais, Johan Barthold Jongkind (1819-1891) est consid\u00e9r\u00e9 comme le pr\u00e9curseur de l\u2019impressionnisme en France. Dans les plaines et les collines du Dauphin\u00e9 o\u00f9 il s\u2019installe, Jongkind d\u00e9veloppe, gr\u00e2ce \u00e0 l\u2019aquarelle, une \u00e9tonnante libert\u00e9 stylistique et signe des \u0153uvres qui frappent d\u2019\u00e9blouissement.<\/p>\n<p>Ouvrage dirig\u00e9 par <strong>Chantal Spillemaecker<\/strong> \u00e0 l\u2019occasion de l\u2019exposition \u201cJongkind, des Pays-Bas au Dauphin\u00e9\u201d organis\u00e9e au <strong>Mus\u00e9e Hector-Berlioz<\/strong>.<\/p>\n<p><em><br \/>\n<a href=\"http:\/\/www.musee-hector-berlioz.fr\/\" target=\"_blank\" rel=\"noopener noreferrer\">La <strong>maison natale d\u2019Hector Berlioz<\/strong>\u00a0<\/a>\u00e0 La C\u00f4te-Saint-Andr\u00e9 pr\u00e9sente une exposition permanente sur la vie et l\u2019\u0153uvre du compositeur et des expositions temporaires aux th\u00e9matiques originales et vari\u00e9es.<\/em><\/p>\n","protected":false},"featured_media":6778,"template":"","meta":[],"product_cat":[71,82,13,8,43,23],"product_tag":[],"class_list":["post-918","product","type-product","status-publish","has-post-thumbnail","hentry","product_cat-arts","product_cat-libel","product_cat-beaux-arts","product_cat-epuises","product_cat-patrimoines","product_cat-regionalisme"],"_links":{"self":[{"href":"https:\/\/dev.editions-libel.fr\/2019\/wp-json\/wp\/v2\/product\/918","targetHints":{"allow":["GET"]}}],"collection":[{"href":"https:\/\/dev.editions-libel.fr\/2019\/wp-json\/wp\/v2\/product"}],"about":[{"href":"https:\/\/dev.editions-libel.fr\/2019\/wp-json\/wp\/v2\/types\/product"}],"wp:featuredmedia":[{"embeddable":true,"href":"https:\/\/dev.editions-libel.fr\/2019\/wp-json\/wp\/v2\/media\/6778"}],"wp:attachment":[{"href":"https:\/\/dev.editions-libel.fr\/2019\/wp-json\/wp\/v2\/media?parent=918"}],"wp:term":[{"taxonomy":"product_cat","embeddable":true,"href":"https:\/\/dev.editions-libel.fr\/2019\/wp-json\/wp\/v2\/product_cat?post=918"},{"taxonomy":"product_tag","embeddable":true,"href":"https:\/\/dev.editions-libel.fr\/2019\/wp-json\/wp\/v2\/product_tag?post=918"}],"curies":[{"name":"wp","href":"https:\/\/api.w.org\/{rel}","templated":true}]}}