{"id":917,"date":"2009-06-08T10:05:20","date_gmt":"2009-06-08T09:05:20","guid":{"rendered":"http:\/\/www.editions-libel.fr\/2016\/?post_type=product&#038;p=917"},"modified":"2024-01-15T12:09:01","modified_gmt":"2024-01-15T11:09:01","slug":"nouvelles-frontieres","status":"publish","type":"product","link":"https:\/\/dev.editions-libel.fr\/2019\/boutique\/nouvelles-frontieres\/","title":{"rendered":"Nouvelles fronti\u00e8res"},"content":{"rendered":"[vc_row][vc_column][vc_column_text]<span style=\"text-decoration: underline;\"><a href=\"https:\/\/issuu.com\/libel\/docs\/nf_issuu\" target=\"_blank\" rel=\"noopener noreferrer\">Feuilleter un extrait<\/a><\/span>[\/vc_column_text][\/vc_column][\/vc_row]\n","protected":false},"excerpt":{"rendered":"<p><strong>Le paysage dans la photographie contemporaine<br \/>\n<\/strong>L\u2019urbanisme non ma\u00eetris\u00e9 des grandes m\u00e9tropoles, les d\u00e9tritus urbains dans les zones rurales ou encore les paysages g\u00e9om\u00e9tris\u00e9s sont autant des th\u00e8mes choisis par les photographes contemporains. Ils s\u2019attachent \u00e0 montrer le paysage rural d\u2019aujourd\u2019hui, dans son rapport \u00e0 la ville et \u00e0 l\u2019environnement.<\/p>\n<p><em>Ouvrage \u00e9dit\u00e9 en partenariat avec le Mus\u00e9e du Bugey-Valromey<br \/>\n<\/em><\/p>\n","protected":false},"featured_media":471,"template":"","meta":[],"product_cat":[71,82,12,21],"product_tag":[],"class_list":["post-917","product","type-product","status-publish","has-post-thumbnail","hentry","product_cat-arts","product_cat-libel","product_cat-art-contemporain","product_cat-photographie"],"_links":{"self":[{"href":"https:\/\/dev.editions-libel.fr\/2019\/wp-json\/wp\/v2\/product\/917","targetHints":{"allow":["GET"]}}],"collection":[{"href":"https:\/\/dev.editions-libel.fr\/2019\/wp-json\/wp\/v2\/product"}],"about":[{"href":"https:\/\/dev.editions-libel.fr\/2019\/wp-json\/wp\/v2\/types\/product"}],"wp:featuredmedia":[{"embeddable":true,"href":"https:\/\/dev.editions-libel.fr\/2019\/wp-json\/wp\/v2\/media\/471"}],"wp:attachment":[{"href":"https:\/\/dev.editions-libel.fr\/2019\/wp-json\/wp\/v2\/media?parent=917"}],"wp:term":[{"taxonomy":"product_cat","embeddable":true,"href":"https:\/\/dev.editions-libel.fr\/2019\/wp-json\/wp\/v2\/product_cat?post=917"},{"taxonomy":"product_tag","embeddable":true,"href":"https:\/\/dev.editions-libel.fr\/2019\/wp-json\/wp\/v2\/product_tag?post=917"}],"curies":[{"name":"wp","href":"https:\/\/api.w.org\/{rel}","templated":true}]}}