{"id":890,"date":"2008-10-08T14:51:53","date_gmt":"2008-10-08T13:51:53","guid":{"rendered":"http:\/\/www.editions-libel.fr\/2016\/?post_type=product&#038;p=890"},"modified":"2024-01-15T12:09:01","modified_gmt":"2024-01-15T11:09:01","slug":"jules-flandrin-examen-sensible","status":"publish","type":"product","link":"https:\/\/dev.editions-libel.fr\/2019\/boutique\/jules-flandrin-examen-sensible\/","title":{"rendered":"Jules Flandrin, Examen sensible"},"content":{"rendered":"[vc_row][vc_column][vc_column_text]<span style=\"text-decoration: underline;\"><a href=\"https:\/\/issuu.com\/libel\/docs\/flandrin_issuu\" target=\"_blank\" rel=\"noopener noreferrer\">Feuilleter un extrait<\/a><\/span><br \/>\n<span style=\"text-decoration: underline;\"><a href=\"https:\/\/www.editions-libel.fr\/maison-edition\/wp-content\/uploads\/2015\/10\/FLANDRIN_presse.pdf\" target=\"_blank\" rel=\"noopener noreferrer\">Dossier de presse<\/a><\/span><br \/>\n<span style=\"text-decoration: underline;\"><a href=\"https:\/\/www.editions-libel.fr\/maison-edition\/wp-content\/uploads\/2015\/10\/LIBEL_notice_flandrin.pdf\" target=\"_blank\" rel=\"noopener noreferrer\">Notice libraire<\/a><\/span>[\/vc_column_text][\/vc_column][\/vc_row]\n","protected":false},"excerpt":{"rendered":"<p><strong><span style=\"color: #cc0000;\"><b>\u00c9puis\u00e9<\/b><\/span><br \/>\n\u0152uvres de 1889 \u00e0 1914<br \/>\n<\/strong>Le paysagiste Jules Flandrin est, dans la premi\u00e8re moiti\u00e9 du XXe si\u00e8cle, le plus connu des artistes dauphinois. Dans sa vie comme dans son \u0153uvre, il offre l\u2019image d\u2019un homme partag\u00e9 entre art du pass\u00e9 et modernit\u00e9, entre ses grands ma\u00eetres et ses contemporains impressionnistes, Nabis ou Fauves.<span class=\"Apple-style-span\"><br \/>\n<\/span><\/p>\n<p><span class=\"Apple-style-span\">Ouvrage publi\u00e9 \u00e0 l\u2019occasion de l\u2019exposition \u201cJules Flandrin. Examen sensible. \u0153uvres de 1889 \u00e0 1914\u201d organis\u00e9e au <strong>Mus\u00e9e de l\u2019Ancien \u00c9v\u00each\u00e9<\/strong>.<\/span><\/p>\n<p><em><br \/>\nInstall\u00e9es dans les murs de l&rsquo;ancien palais des \u00c9v\u00eaques de Grenoble, les riches collections du <a href=\"http:\/\/www.ancien-eveche-isere.fr\/\" target=\"_blank\" rel=\"noopener noreferrer\"><strong>Mus\u00e9e de l\u2019Ancien \u00c9v\u00each\u00e9\u00a0<\/strong><\/a>racontent l\u2019histoire des populations du territoire is\u00e9rois de la Pr\u00e9histoire \u00e0 nos jours.<\/em><\/p>\n","protected":false},"featured_media":6934,"template":"","meta":[],"product_cat":[71,79,82,13,8],"product_tag":[],"class_list":["post-890","product","type-product","status-publish","has-post-thumbnail","hentry","product_cat-arts","product_cat-derniers-exemplaires","product_cat-libel","product_cat-beaux-arts","product_cat-epuises"],"_links":{"self":[{"href":"https:\/\/dev.editions-libel.fr\/2019\/wp-json\/wp\/v2\/product\/890","targetHints":{"allow":["GET"]}}],"collection":[{"href":"https:\/\/dev.editions-libel.fr\/2019\/wp-json\/wp\/v2\/product"}],"about":[{"href":"https:\/\/dev.editions-libel.fr\/2019\/wp-json\/wp\/v2\/types\/product"}],"wp:featuredmedia":[{"embeddable":true,"href":"https:\/\/dev.editions-libel.fr\/2019\/wp-json\/wp\/v2\/media\/6934"}],"wp:attachment":[{"href":"https:\/\/dev.editions-libel.fr\/2019\/wp-json\/wp\/v2\/media?parent=890"}],"wp:term":[{"taxonomy":"product_cat","embeddable":true,"href":"https:\/\/dev.editions-libel.fr\/2019\/wp-json\/wp\/v2\/product_cat?post=890"},{"taxonomy":"product_tag","embeddable":true,"href":"https:\/\/dev.editions-libel.fr\/2019\/wp-json\/wp\/v2\/product_tag?post=890"}],"curies":[{"name":"wp","href":"https:\/\/api.w.org\/{rel}","templated":true}]}}