{"id":8030,"date":"2021-10-04T16:33:14","date_gmt":"2021-10-04T14:33:14","guid":{"rendered":"https:\/\/www.editions-libel.fr\/maison-edition\/?post_type=product&#038;p=8030"},"modified":"2024-10-01T15:45:49","modified_gmt":"2024-10-01T13:45:49","slug":"au-dessus-des-regrets","status":"publish","type":"product","link":"https:\/\/dev.editions-libel.fr\/2019\/boutique\/au-dessus-des-regrets\/","title":{"rendered":"Au-dessus des regrets"},"content":{"rendered":"[vc_row][vc_column][vc_column_text]<a href=\"https:\/\/issuu.com\/libel\/docs\/au-dessus-des-regrets_xavier-raynal_extrait_libel_\" target=\"_blank\" rel=\"noopener noreferrer\"><span style=\"text-decoration: underline;\">F<\/span><span style=\"text-decoration: underline;\">euilleter un extrait<\/span><\/a><br \/>\n<a href=\"https:\/\/www.editions-libel.fr\/maison-edition\/wp-content\/uploads\/DP_LIBEL-ADDR-1.pdf\" target=\"_blank\" rel=\"noopener\"><span style=\"text-decoration: underline;\">Dossier de presse<\/span><\/a><br \/>\n<a href=\"https:\/\/www.editions-libel.fr\/maison-edition\/wp-content\/uploads\/NOTICE_LIBEL_ADDR_2024.pdf\" target=\"_blank\" rel=\"noopener noreferrer\"><span style=\"text-decoration: underline;\">N<\/span><span style=\"text-decoration: underline;\">otice libraire<\/span><\/a><\/p>\n<p>&nbsp;<\/p>\n<p><strong>On en parle :<\/strong>[\/vc_column_text][\/vc_column][\/vc_row][vc_row][vc_column][vc_tta_pageable][vc_tta_section title=\u00a0\u00bbSection 1&Prime; tab_id=\u00a0\u00bb1649172366859-cb8af184-4118&Prime;][vc_column_text]<em>Quelle claque ce roman !<\/em><br \/>\nLibrairie Decitre Part-Dieu[\/vc_column_text][\/vc_tta_section][vc_tta_section title=\u00a0\u00bbSection 2&Prime; tab_id=\u00a0\u00bb1649172366871-f7968782-e7f9&Prime;][vc_column_text]<em>Un tr\u00e8s bon premier roman qui nous transporte dans le Lyon du XVIII \u00e8me si\u00e8cle<\/em><br \/>\nFabrice, Babelio[\/vc_column_text][\/vc_tta_section][\/vc_tta_pageable][\/vc_column][\/vc_row]\n","protected":false},"excerpt":{"rendered":"<div id=\"tab-2c94af60-a783-10\" class=\"wpb_tab ui-tabs-panel wpb_ui-tabs-hide vc_clearfix ui-widget-content ui-corner-bottom\" role=\"tabpanel\" aria-labelledby=\"ui-id-1\" aria-hidden=\"false\">\n<div class=\"wpb_text_column wpb_content_element \">\n<div class=\"wpb_wrapper\">\n<p><a class=\"ebook\" href=\"https:\/\/www.editions-fablyo.fr\/produit\/au-dessus-des-regrets\/\" target=\"_blank\" rel=\"noopener noreferrer\"><img decoding=\"async\" style=\"width: 30px;\" src=\"https:\/\/www.editions-libel.fr\/maison-edition\/picto-fablyo-rose.svg\" \/>Ebook disponible ici<\/a><\/p>\n<p><strong>1783-1789<\/strong><\/p>\n<p class=\"p1\">Lyon, <span class=\"s1\">1783<\/span>. Jacques a douze ans lorsqu\u2019il est confi\u00e9 par ses parents \u00e0 Fournier-Martin, marchand de soie aust\u00e8re, mais r\u00e9put\u00e9. D\u2019abord attrist\u00e9 par ce sort, son apprentissage au sein de la Grande Fabrique devient le th\u00e9\u00e2tre de rencontres fondatrices, qui forgent peu \u00e0 peu son caract\u00e8re de jeune homme. Trois ans plus tard, quand la r\u00e9volte des Deux sous se pr\u00e9pare, opposant les ouvriers de la soie aux n\u00e9gociants, il se retrouve pris entre des vents contraires, devenu alli\u00e9 des deux camps. Prenant alors part aux \u00e9v\u00e9nements initiateurs des grandes insurrections du si\u00e8cle, Jacques assiste sans le savoir aux pr\u00e9mices de bouleversements qui marquent la fin de l\u2019\u00e9poque moderne.<\/p>\n<p><span style=\"color: #ff9900;\">\u00c9galement disponible :<\/span> <a href=\"https:\/\/www.editions-libel.fr\/maison-edition\/boutique\/le-cri-de-la-meute\/\"><em>Le cri de la meute<\/em><\/a><\/p>\n<p><strong><em>\u00a0<\/em><\/strong><\/p>\n<\/div>\n<\/div>\n<\/div>\n","protected":false},"featured_media":7973,"template":"","meta":[],"product_cat":[77,82,70,15,17,43,23,25],"product_tag":[],"class_list":["post-8030","product","type-product","status-publish","has-post-thumbnail","hentry","product_cat-histoire-2","product_cat-libel","product_cat-litterature","product_cat-histoire","product_cat-lyon","product_cat-patrimoines","product_cat-regionalisme","product_cat-societe"],"_links":{"self":[{"href":"https:\/\/dev.editions-libel.fr\/2019\/wp-json\/wp\/v2\/product\/8030","targetHints":{"allow":["GET"]}}],"collection":[{"href":"https:\/\/dev.editions-libel.fr\/2019\/wp-json\/wp\/v2\/product"}],"about":[{"href":"https:\/\/dev.editions-libel.fr\/2019\/wp-json\/wp\/v2\/types\/product"}],"wp:featuredmedia":[{"embeddable":true,"href":"https:\/\/dev.editions-libel.fr\/2019\/wp-json\/wp\/v2\/media\/7973"}],"wp:attachment":[{"href":"https:\/\/dev.editions-libel.fr\/2019\/wp-json\/wp\/v2\/media?parent=8030"}],"wp:term":[{"taxonomy":"product_cat","embeddable":true,"href":"https:\/\/dev.editions-libel.fr\/2019\/wp-json\/wp\/v2\/product_cat?post=8030"},{"taxonomy":"product_tag","embeddable":true,"href":"https:\/\/dev.editions-libel.fr\/2019\/wp-json\/wp\/v2\/product_tag?post=8030"}],"curies":[{"name":"wp","href":"https:\/\/api.w.org\/{rel}","templated":true}]}}