{"id":7807,"date":"2021-06-09T14:39:47","date_gmt":"2021-06-09T12:39:47","guid":{"rendered":"https:\/\/www.editions-libel.fr\/maison-edition\/?post_type=product&#038;p=7807"},"modified":"2024-10-01T15:45:38","modified_gmt":"2024-10-01T13:45:38","slug":"haute-auvergne-2000-ans-de-passages","status":"publish","type":"product","link":"https:\/\/dev.editions-libel.fr\/2019\/boutique\/haute-auvergne-2000-ans-de-passages\/","title":{"rendered":"Haute-Auvergne. 2000 ans de passages"},"content":{"rendered":"[vc_row][vc_column][vc_column_text]<a href=\"https:\/\/issuu.com\/libel\/docs\/issuu-haute-auvergne\" target=\"_blank\" rel=\"noopener\"><span style=\"text-decoration: underline;\">F<\/span><span style=\"text-decoration: underline;\">euilleter un extrait<\/span><\/a><br \/>\n<a href=\"https:\/\/www.editions-libel.fr\/maison-edition\/wp-content\/uploads\/COMMUNIQUE-PRESSE-HAUTE-AUVERGNE-LIBEL.pdf\" target=\"_blank\" rel=\"noopener\"><span style=\"text-decoration: underline;\">Co<\/span><span style=\"text-decoration: underline;\">mmuniqu\u00e9 de presse<\/span><\/a><br \/>\n<a href=\"https:\/\/www.editions-libel.fr\/maison-edition\/wp-content\/uploads\/NOTICE_LIBEL_HAUTE-AUVERGNE.pdf\" target=\"_blank\" rel=\"noopener\"><span style=\"text-decoration: underline;\">N<\/span><span style=\"text-decoration: underline;\">otice libraire<\/span><\/a>[\/vc_column_text][\/vc_column][\/vc_row]\n","protected":false},"excerpt":{"rendered":"<p><strong><br \/>\nDu chemin gaulois \u00e0 l&rsquo;A75<\/strong><\/p>\n<p>Ferm\u00e9e l\u2019Auvergne ? Repli\u00e9e sur elle-m\u00eame ? Et si ce fameux \u00ab enclavement \u00bb \u00e9tait r\u00e9cent ? Et s\u2019il \u00e9tait la cons\u00e9quence d\u2019autres facteurs que la g\u00e9ographie montagnarde ?<br \/>\nIssu de l\u2019exposition \u00ab 2 000 Ans de Passages. Du chemin gaulois \u00e0 l\u2019A 75 \u00bb, tenue au Mus\u00e9e de la Haute-Auvergne (Saint-Flour) en 2020-2021, ce catalogue int\u00e8gre les apports r\u00e9cents de l\u2019arch\u00e9ologie et de la recherche historique. L\u2019iconographie in\u00e9dite d\u2019objets et \u0153uvres peu connus nous convie \u00e0 un voyage historique sur de tr\u00e8s anciennes routes, toujours en usage pour certaines : des itin\u00e9raires antiques aux routes de postes, des sentiers muletiers aux chemins de fer traversant le volcan et enjambant des rivi\u00e8res sur des viaducs a\u00e9riens.<br \/>\nPrenons la route, en r\u00eavant aux marcheurs, cavaliers, routiers, colporteurs, postillons, gens d\u2019armes et gens de peu, qui nous y ont pr\u00e9c\u00e9d\u00e9s depuis plus de 2 000 ans.<\/p>\n","protected":false},"featured_media":7808,"template":"","meta":[],"product_cat":[82,15,43,23,25],"product_tag":[],"class_list":["post-7807","product","type-product","status-publish","has-post-thumbnail","hentry","product_cat-libel","product_cat-histoire","product_cat-patrimoines","product_cat-regionalisme","product_cat-societe"],"_links":{"self":[{"href":"https:\/\/dev.editions-libel.fr\/2019\/wp-json\/wp\/v2\/product\/7807","targetHints":{"allow":["GET"]}}],"collection":[{"href":"https:\/\/dev.editions-libel.fr\/2019\/wp-json\/wp\/v2\/product"}],"about":[{"href":"https:\/\/dev.editions-libel.fr\/2019\/wp-json\/wp\/v2\/types\/product"}],"wp:featuredmedia":[{"embeddable":true,"href":"https:\/\/dev.editions-libel.fr\/2019\/wp-json\/wp\/v2\/media\/7808"}],"wp:attachment":[{"href":"https:\/\/dev.editions-libel.fr\/2019\/wp-json\/wp\/v2\/media?parent=7807"}],"wp:term":[{"taxonomy":"product_cat","embeddable":true,"href":"https:\/\/dev.editions-libel.fr\/2019\/wp-json\/wp\/v2\/product_cat?post=7807"},{"taxonomy":"product_tag","embeddable":true,"href":"https:\/\/dev.editions-libel.fr\/2019\/wp-json\/wp\/v2\/product_tag?post=7807"}],"curies":[{"name":"wp","href":"https:\/\/api.w.org\/{rel}","templated":true}]}}