{"id":7736,"date":"2021-06-10T12:10:26","date_gmt":"2021-06-10T10:10:26","guid":{"rendered":"https:\/\/www.editions-libel.fr\/maison-edition\/?post_type=product&#038;p=7736"},"modified":"2024-11-06T11:35:22","modified_gmt":"2024-11-06T10:35:22","slug":"traite-durbanisme-enchanteur","status":"publish","type":"product","link":"https:\/\/dev.editions-libel.fr\/2019\/boutique\/traite-durbanisme-enchanteur\/","title":{"rendered":"Trait\u00e9 d&rsquo;urbanisme enchanteur"},"content":{"rendered":"[vc_row full_width=\u00a0\u00bbstretch_row\u00a0\u00bb][vc_column][vc_column_text css_animation=\u00a0\u00bbappear\u00a0\u00bb]\n<p style=\"text-align: left;\"><a href=\"https:\/\/issuu.com\/libel\/docs\/traite-d-urbanisme-enchanteur-extrait\" target=\"_blank\" rel=\"noopener noreferrer\"><span style=\"text-decoration: underline;\">Feuilleter un extrait<\/span><\/a><br \/>\n<a href=\"https:\/\/www.editions-libel.fr\/maison-edition\/wp-content\/uploads\/DP_LIBEL-TUE-OK.pdf\" target=\"_blank\" rel=\"noopener\"><span style=\"text-decoration: underline;\">Dossier de presse<\/span><\/a><br \/>\n<a href=\"https:\/\/www.editions-libel.fr\/maison-edition\/wp-content\/uploads\/NOTICE_LIBEL_TRAITE-URBANISME_OK.pdf\" target=\"_blank\" rel=\"noopener noreferrer\"><span style=\"text-decoration: underline;\">Notice libraire<\/span><\/a><\/p>\n<p>\u00a0[\/vc_column_text][\/vc_column][\/vc_row][vc_row][vc_column][vc_gallery type=\u00a0\u00bbimage_grid\u00a0\u00bb images=\u00a0\u00bb8110&Prime; img_size=\u00a0\u00bbmedium\u00a0\u00bb onclick=\u00a0\u00bbcustom_link\u00a0\u00bb custom_links_target=\u00a0\u00bb_blank\u00a0\u00bb title=\u00a0\u00bbActualit\u00e9s\u00a0\u00bb custom_links=\u00a0\u00bb#E-8_aHR0cHMlM0ElMkYlMkZ3d3cuZWRpdGlvbnMtbGliZWwuZnIlMkZtYWlzb24tZWRpdGlvbiUyRndwLWNvbnRlbnQlMkZ1cGxvYWRzJTJGcGFydXRpb24taW1taW5lbnRlLnBkZg==\u00a0\u00bb][\/vc_column][\/vc_row][vc_row][vc_column][\/vc_column][\/vc_row]\n","protected":false},"excerpt":{"rendered":"<p><strong><span style=\"color: #cc0000;\"><b>\u00c9puis\u00e9<\/b><\/span><\/strong><\/p>\n<div id=\"tab-2c94af60-a783-10\" class=\"wpb_tab ui-tabs-panel wpb_ui-tabs-hide vc_clearfix ui-widget-content ui-corner-bottom\" role=\"tabpanel\" aria-labelledby=\"ui-id-1\" aria-hidden=\"false\">\n<div class=\"wpb_text_column wpb_content_element \">\n<div class=\"wpb_wrapper\">\n<p><span class=\"\">Architecte, metteur en sc\u00e8ne et urbaniste enchanteur autoproclam\u00e9, Charles Altorffer est convaincu qu\u2019il est encore temps de r\u00eaver les villes de demain. Dans cet objet graphique surprenant, il dresse donc le portrait du monde urbain, et fait l\u2019inventaire des n\u00e9cessaires changements \u00e0 op\u00e9rer pour s\u2019adapter \u00e0 l\u2019avenir.\u00a0<\/span><span class=\"\">Tout au long de son expos\u00e9, la na\u00efvet\u00e9 se confronte au savoir. Urbain l\u2019enchanteur d\u2019un c\u00f4t\u00e9, Ma\u00eetre Corbu de l\u2019autre\u00a0: comme une conversation permanente dans la t\u00eate de l\u2019auteur, ces deux personnages abordent les sujets de l\u2019urbanisme, tentent de s\u2019accorder sur l\u2019\u00e9volution historique des villes et se prennent au jeu du projet salvateur\u2026<\/span><\/p>\n<p>&nbsp;<\/p>\n<p><img decoding=\"async\" style=\"width: 30px;\" src=\"https:\/\/www.editions-libel.fr\/maison-edition\/picto-fablyo-rose.svg\" \/> <strong><span style=\"color: #eb8367;\"><b> \u00c9galement disponible en eBook <a href=\"https:\/\/www.editions-fablyo.fr\/produit\/traite-durbanisme-enchanteur\/\"><em>ici<\/em><\/a><\/b><\/span><\/strong><\/p>\n<div id=\"tab-2c94af60-a783-10\" class=\"wpb_tab ui-tabs-panel wpb_ui-tabs-hide vc_clearfix ui-widget-content ui-corner-bottom\" role=\"tabpanel\" aria-labelledby=\"ui-id-1\" aria-hidden=\"false\">\n<div class=\"wpb_text_column wpb_content_element \">\n<div class=\"wpb_wrapper\"><\/div>\n<\/div>\n<\/div>\n<\/div>\n<\/div>\n<\/div>\n","protected":false},"featured_media":9878,"template":"","meta":[],"product_cat":[71,82,11,26],"product_tag":[],"class_list":["post-7736","product","type-product","status-publish","has-post-thumbnail","hentry","product_cat-arts","product_cat-libel","product_cat-architecture","product_cat-urbanisme"],"_links":{"self":[{"href":"https:\/\/dev.editions-libel.fr\/2019\/wp-json\/wp\/v2\/product\/7736","targetHints":{"allow":["GET"]}}],"collection":[{"href":"https:\/\/dev.editions-libel.fr\/2019\/wp-json\/wp\/v2\/product"}],"about":[{"href":"https:\/\/dev.editions-libel.fr\/2019\/wp-json\/wp\/v2\/types\/product"}],"wp:featuredmedia":[{"embeddable":true,"href":"https:\/\/dev.editions-libel.fr\/2019\/wp-json\/wp\/v2\/media\/9878"}],"wp:attachment":[{"href":"https:\/\/dev.editions-libel.fr\/2019\/wp-json\/wp\/v2\/media?parent=7736"}],"wp:term":[{"taxonomy":"product_cat","embeddable":true,"href":"https:\/\/dev.editions-libel.fr\/2019\/wp-json\/wp\/v2\/product_cat?post=7736"},{"taxonomy":"product_tag","embeddable":true,"href":"https:\/\/dev.editions-libel.fr\/2019\/wp-json\/wp\/v2\/product_tag?post=7736"}],"curies":[{"name":"wp","href":"https:\/\/api.w.org\/{rel}","templated":true}]}}