{"id":7483,"date":"2021-01-04T13:29:47","date_gmt":"2021-01-04T12:29:47","guid":{"rendered":"https:\/\/www.editions-libel.fr\/maison-edition\/?post_type=product&#038;p=7483"},"modified":"2024-10-01T15:35:23","modified_gmt":"2024-10-01T13:35:23","slug":"lencre-et-le-feu","status":"publish","type":"product","link":"https:\/\/dev.editions-libel.fr\/2019\/boutique\/lencre-et-le-feu\/","title":{"rendered":"L&rsquo;Encre et le feu"},"content":{"rendered":"[vc_row][vc_column][vc_column_text]<a href=\"https:\/\/issuu.com\/libel\/docs\/issuu-extrait-encre_et_feu\" target=\"_blank\" rel=\"noopener noreferrer\"><span style=\"text-decoration: underline;\">Feuilleter un extrait<\/span><\/a><br \/>\n<a href=\"https:\/\/www.editions-libel.fr\/maison-edition\/wp-content\/uploads\/NOUVEAU-DP-DENTS-NOIRES-WEB.pdf\" target=\"_blank\" rel=\"noopener noreferrer\"><span style=\"text-decoration: underline;\">Dossier de presse<\/span><\/a><br \/>\n<a href=\"https:\/\/www.editions-libel.fr\/maison-edition\/wp-content\/uploads\/NOTICE_LIBEL_LENCREETFEU.pdf\" target=\"_blank\" rel=\"noopener noreferrer\"><span style=\"text-decoration: underline;\">Notice libraire<\/span><\/a><\/p>\n<p>&nbsp;<\/p>\n<p><strong>On en parle :<\/strong>[\/vc_column_text][\/vc_column][\/vc_row]\n","protected":false},"excerpt":{"rendered":"<div id=\"tab-2c94af60-a783-10\" class=\"wpb_tab ui-tabs-panel wpb_ui-tabs-hide vc_clearfix ui-widget-content ui-corner-bottom\" role=\"tabpanel\" aria-labelledby=\"ui-id-1\" aria-hidden=\"false\">\n<div class=\"wpb_text_column wpb_content_element \">\n<div class=\"wpb_wrapper\"><!-- Bouton Ebook --><br \/>\n<a class=\"ebook\" href=\"https:\/\/www.editions-fablyo.fr\/produit\/lencre-et-le-feu\/\" target=\"_blank\" rel=\"noopener noreferrer\"><img decoding=\"async\" style=\"width: 30px;\" src=\"https:\/\/www.editions-libel.fr\/maison-edition\/picto-fablyo-rose.svg\" \/>Ebook disponible ici<\/a><br \/>\n<!-- \/ Bouton Ebook --><br \/>\n<strong><span style=\"color: #cc0000;\"><b><br \/>\n<\/b><\/span><\/strong><strong>Les Dents Noires, vol. 3<br \/>\n<\/strong><\/p>\n<p class=\"p1\">Troisi\u00e8me et dernier volet de la saga historique des \u00ab Dents noires \u00bb, <i>L\u2019Encre et le feu<\/i> suit Diana, fille de Dioneo et de Myriam, dans ses p\u00e9riples \u00e0 Paris, Venise, Lyon et Constantinople. Entre sa qu\u00eate de libert\u00e9, son amour des livres et sa soif de vengeance, son histoire plonge le lecteur au centre des tractations diplomatiques secr\u00e8tes de \u00ab\u2009l\u2019alliance impie\u2009\u00bb conclue en 1536 entre Fran\u00e7ois 1<sup>er<\/sup> et Soliman le Magnifique \u2014 et plus largement au c\u0153ur des grands bouleversements de la Renaissance.<\/p>\n<p><strong><span style=\"color: #eb8367;\"><b>D\u00e9j\u00e0 paru dans la saga : <\/b><\/span><a href=\"https:\/\/www.editions-libel.fr\/maison-edition\/boutique\/la-colline-aux-corbeaux\/\"><em>La Colline aux corbeaux <\/em><\/a>&amp; <a href=\"https:\/\/www.editions-libel.fr\/maison-edition\/boutique\/lhomme-au-gant\/\"><em>L&rsquo;Homme au gant<\/em><\/a><\/strong><\/p>\n<\/div>\n<\/div>\n<\/div>\n","protected":false},"featured_media":7496,"template":"","meta":[],"product_cat":[82,70,15,17,43,22],"product_tag":[],"class_list":["post-7483","product","type-product","status-publish","has-post-thumbnail","hentry","product_cat-libel","product_cat-litterature","product_cat-histoire","product_cat-lyon","product_cat-patrimoines","product_cat-recit"],"_links":{"self":[{"href":"https:\/\/dev.editions-libel.fr\/2019\/wp-json\/wp\/v2\/product\/7483","targetHints":{"allow":["GET"]}}],"collection":[{"href":"https:\/\/dev.editions-libel.fr\/2019\/wp-json\/wp\/v2\/product"}],"about":[{"href":"https:\/\/dev.editions-libel.fr\/2019\/wp-json\/wp\/v2\/types\/product"}],"wp:featuredmedia":[{"embeddable":true,"href":"https:\/\/dev.editions-libel.fr\/2019\/wp-json\/wp\/v2\/media\/7496"}],"wp:attachment":[{"href":"https:\/\/dev.editions-libel.fr\/2019\/wp-json\/wp\/v2\/media?parent=7483"}],"wp:term":[{"taxonomy":"product_cat","embeddable":true,"href":"https:\/\/dev.editions-libel.fr\/2019\/wp-json\/wp\/v2\/product_cat?post=7483"},{"taxonomy":"product_tag","embeddable":true,"href":"https:\/\/dev.editions-libel.fr\/2019\/wp-json\/wp\/v2\/product_tag?post=7483"}],"curies":[{"name":"wp","href":"https:\/\/api.w.org\/{rel}","templated":true}]}}