{"id":7199,"date":"2020-10-20T12:28:44","date_gmt":"2020-10-20T10:28:44","guid":{"rendered":"https:\/\/www.editions-libel.fr\/maison-edition\/?post_type=product&#038;p=7199"},"modified":"2024-10-01T15:36:07","modified_gmt":"2024-10-01T13:36:07","slug":"lecole-darchitecture-de-lyon","status":"publish","type":"product","link":"https:\/\/dev.editions-libel.fr\/2019\/boutique\/lecole-darchitecture-de-lyon\/","title":{"rendered":"L&rsquo;\u00c9cole d&rsquo;architecture de Lyon"},"content":{"rendered":"[vc_row][vc_column][vc_column_text]<a href=\"https:\/\/issuu.com\/libel\/docs\/libel_20ensal_20extrait_compressed_20_1_\" target=\"_blank\" rel=\"noopener noreferrer\"><span style=\"text-decoration: underline;\">Feuilleter un extrait<\/span><\/a><br \/>\n<span style=\"text-decoration: underline;\"><a href=\"https:\/\/www.editions-libel.fr\/maison-edition\/wp-content\/uploads\/NOTICE_LIBEL_ensal-ok.pdf\" target=\"_blank\" rel=\"noopener noreferrer\">Notice libraire<\/a><br \/>\n<a href=\"https:\/\/www.editions-libel.fr\/maison-edition\/wp-content\/uploads\/COMMUNIQUE-ensal-LIBEL-1.pdf\" target=\"_blank\" rel=\"noopener noreferrer\">Communiqu\u00e9 de presse<\/a><\/span>[\/vc_column_text][\/vc_column][\/vc_row]\n","protected":false},"excerpt":{"rendered":"<p><b>Un manifeste architectural <\/b>[Collectif]<br \/>\n<strong><span style=\"color: #ff0000;\"><b>\u00c9puis\u00e9<\/b><\/span><\/strong><\/p>\n<p class=\"p1\">L\u2019\u00c9cole d\u2019architecture de Lyon (prix sp\u00e9cial du jury de l\u2019\u00c9querre d\u2019argent en 1987), de Fran\u00e7oise-H\u00e9l\u00e8ne Jourda (1955-2015) et de Gilles Perraudin (1949), livr\u00e9e en 1988, se distingue comme l\u2019une des constructions publiques les plus singuli\u00e8res des ann\u00e9es 1980, v\u00e9ritable symbole du r\u00e9investissement de l\u2019\u00c9tat dans la formation des architectes. Pendant pr\u00e8s d\u2019une vingtaine d\u2019ann\u00e9es, les projets se multiplient dans l\u2019agglom\u00e9ration lyonnaise avant que le choix de la localisation de la nouvelle \u00c9cole d\u2019architecture ne se porte sur Vaulx-en-Velin, dans le cadre d\u2019un rapprochement avec l\u2019\u00c9cole nationale des travaux publics de l\u2019\u00c9tat, construite en 1976, mat\u00e9rialisant sa longue complicit\u00e9 avec les grandes \u00e9coles publiques d\u2019ing\u00e9nieurs et qui marque le d\u00e9but d\u2019une structuration des campus de ce qui deviendra l\u2019Universit\u00e9 de Lyon.<\/p>\n","protected":false},"featured_media":9867,"template":"","meta":[],"product_cat":[71,82,11,8,17,43],"product_tag":[],"class_list":["post-7199","product","type-product","status-publish","has-post-thumbnail","hentry","product_cat-arts","product_cat-libel","product_cat-architecture","product_cat-epuises","product_cat-lyon","product_cat-patrimoines"],"_links":{"self":[{"href":"https:\/\/dev.editions-libel.fr\/2019\/wp-json\/wp\/v2\/product\/7199","targetHints":{"allow":["GET"]}}],"collection":[{"href":"https:\/\/dev.editions-libel.fr\/2019\/wp-json\/wp\/v2\/product"}],"about":[{"href":"https:\/\/dev.editions-libel.fr\/2019\/wp-json\/wp\/v2\/types\/product"}],"wp:featuredmedia":[{"embeddable":true,"href":"https:\/\/dev.editions-libel.fr\/2019\/wp-json\/wp\/v2\/media\/9867"}],"wp:attachment":[{"href":"https:\/\/dev.editions-libel.fr\/2019\/wp-json\/wp\/v2\/media?parent=7199"}],"wp:term":[{"taxonomy":"product_cat","embeddable":true,"href":"https:\/\/dev.editions-libel.fr\/2019\/wp-json\/wp\/v2\/product_cat?post=7199"},{"taxonomy":"product_tag","embeddable":true,"href":"https:\/\/dev.editions-libel.fr\/2019\/wp-json\/wp\/v2\/product_tag?post=7199"}],"curies":[{"name":"wp","href":"https:\/\/api.w.org\/{rel}","templated":true}]}}