{"id":7192,"date":"2020-10-20T12:18:47","date_gmt":"2020-10-20T10:18:47","guid":{"rendered":"https:\/\/www.editions-libel.fr\/maison-edition\/?post_type=product&#038;p=7192"},"modified":"2024-10-01T15:48:05","modified_gmt":"2024-10-01T13:48:05","slug":"tresors-reveles-de-vendee","status":"publish","type":"product","link":"https:\/\/dev.editions-libel.fr\/2019\/boutique\/tresors-reveles-de-vendee\/","title":{"rendered":"Tr\u00e9sors r\u00e9v\u00e9l\u00e9s de Vend\u00e9e"},"content":{"rendered":"[vc_row][vc_column][vc_column_text]<a href=\"https:\/\/issuu.com\/libel\/docs\/extrait_20vendee_20libel_20ok\" target=\"_blank\" rel=\"noopener noreferrer\"><span style=\"text-decoration: underline;\">Feuilleter un extrait<\/span><\/a><br \/>\n<span style=\"text-decoration: underline;\"><a href=\"https:\/\/www.editions-libel.fr\/maison-edition\/wp-content\/uploads\/NOTICE_LIBEL_vendee-ok.pdf\" target=\"_blank\" rel=\"noopener noreferrer\">Notice libraire<\/a><br \/>\n<a href=\"https:\/\/www.editions-libel.fr\/maison-edition\/wp-content\/uploads\/COMMUNIQUE-vendee-LIBEL.pdf\" target=\"_blank\" rel=\"noopener noreferrer\">Communiqu\u00e9 de presse<\/a><\/span>[\/vc_column_text][\/vc_column][\/vc_row]\n","protected":false},"excerpt":{"rendered":"<p><strong><span style=\"color: #ff0000;\"><b><br \/>\n<\/b><\/span>Le Patrimoine d\u00e9poussi\u00e9r\u00e9 ! <\/strong>[Collectif]<strong><br \/>\n<\/strong><\/p>\n<p>Synonyme de m\u00e9moire et d\u2019identit\u00e9, le patrimoine est aussi un atout majeur pour le d\u00e9veloppement culturel, touristique et \u00e9conomique d\u2019un territoire. En \u00e9voquant les liens historiques entre les Vend\u00e9ens et leur patrimoine mat\u00e9riel et immat\u00e9riel, cette exposition et son catalogue abordent la notion de patrimoine dans toute sa richesse et dans sa grande diversit\u00e9.\u00a0 \u00a0Qu\u2019ils l\u2019\u00e9tudient, le restaurent\/conservent ou le valorisent, tous les acteurs du patrimoine (professionnels, propri\u00e9taires publics et priv\u00e9s, b\u00e9n\u00e9voles, amateurs et passionn\u00e9s\u2026) sont ici \u00e9voqu\u00e9s, repla\u00e7ant ainsi les hommes et les femmes au c\u0153ur du patrimoine.<\/p>\n<p>&nbsp;<\/p>\n<p><em>Cet ouvrage accompagne l&rsquo;exposition <strong>Tr\u00e9sors r\u00e9v\u00e9l\u00e9s de Vend\u00e9e, le Patrimoine d\u00e9poussi\u00e9r\u00e9 !<\/strong> pr\u00e9sent\u00e9e du <span class=\"date date-from\"><span class=\"date-day\">13<\/span>\u00a0<span class=\"date-month\">novembre<\/span>\u00a0<span class=\"date-year\">2020<\/span>\u00a0<\/span>au\u00a0<span class=\"date date-to\"><span class=\"date-day\">11<\/span>\u00a0<span class=\"date-month\">mars<\/span>\u00a0<span class=\"date-year\">2021<\/span> \u00e0<a href=\"http:\/\/www.sitesculturels.vendee.fr\/Historial-de-Vendee\" target=\"_blank\" rel=\"noopener noreferrer\"> l&rsquo;Historial de la Vend\u00e9e<\/a>.<\/span><\/em><\/p>\n<p>&nbsp;<\/p>\n<p>&nbsp;<\/p>\n<p>&nbsp;<\/p>\n","protected":false},"featured_media":7195,"template":"","meta":[],"product_cat":[71,77,82,13,15,43,23],"product_tag":[],"class_list":["post-7192","product","type-product","status-publish","has-post-thumbnail","hentry","product_cat-arts","product_cat-histoire-2","product_cat-libel","product_cat-beaux-arts","product_cat-histoire","product_cat-patrimoines","product_cat-regionalisme"],"_links":{"self":[{"href":"https:\/\/dev.editions-libel.fr\/2019\/wp-json\/wp\/v2\/product\/7192","targetHints":{"allow":["GET"]}}],"collection":[{"href":"https:\/\/dev.editions-libel.fr\/2019\/wp-json\/wp\/v2\/product"}],"about":[{"href":"https:\/\/dev.editions-libel.fr\/2019\/wp-json\/wp\/v2\/types\/product"}],"wp:featuredmedia":[{"embeddable":true,"href":"https:\/\/dev.editions-libel.fr\/2019\/wp-json\/wp\/v2\/media\/7195"}],"wp:attachment":[{"href":"https:\/\/dev.editions-libel.fr\/2019\/wp-json\/wp\/v2\/media?parent=7192"}],"wp:term":[{"taxonomy":"product_cat","embeddable":true,"href":"https:\/\/dev.editions-libel.fr\/2019\/wp-json\/wp\/v2\/product_cat?post=7192"},{"taxonomy":"product_tag","embeddable":true,"href":"https:\/\/dev.editions-libel.fr\/2019\/wp-json\/wp\/v2\/product_tag?post=7192"}],"curies":[{"name":"wp","href":"https:\/\/api.w.org\/{rel}","templated":true}]}}