{"id":7179,"date":"2020-10-20T12:02:52","date_gmt":"2020-10-20T10:02:52","guid":{"rendered":"https:\/\/www.editions-libel.fr\/maison-edition\/?post_type=product&#038;p=7179"},"modified":"2024-10-01T15:47:56","modified_gmt":"2024-10-01T13:47:56","slug":"la-noix-de-grenoble","status":"publish","type":"product","link":"https:\/\/dev.editions-libel.fr\/2019\/boutique\/la-noix-de-grenoble\/","title":{"rendered":"La Noix de Grenoble"},"content":{"rendered":"[vc_row][vc_column][vc_column_text]<a href=\"https:\/\/issuu.com\/libel\/docs\/la_noix_de_grenoble_edouar_-d_lynch_cing_libel_iss\" target=\"_blank\" rel=\"noopener noreferrer\"><span style=\"text-decoration: underline;\">Feuilleter un extrait<\/span><\/a><br \/>\n<span style=\"text-decoration: underline;\"><a href=\"https:\/\/www.editions-libel.fr\/maison-edition\/wp-content\/uploads\/NOTICE_LIBEL_noix.pdf\" target=\"_blank\" rel=\"noopener noreferrer\">Notice libraire<\/a><br \/>\n<a href=\"https:\/\/www.editions-libel.fr\/maison-edition\/wp-content\/uploads\/COMMUNIQUE-NOIX_LIBEL-1.pdf\" target=\"_blank\" rel=\"noopener noreferrer\">Communiqu\u00e9 de presse<\/a><\/span>[\/vc_column_text][\/vc_column][\/vc_row]\n","protected":false},"excerpt":{"rendered":"<p><strong><span style=\"color: #ff0000;\"><b><br \/>\n<\/b><\/span>Histoire(s) d\u2019une AOC pionni\u00e8re<br \/>\n<\/strong><\/p>\n<p>En 1938, les producteurs de noix de la basse vall\u00e9e de l\u2019Is\u00e8re obtiennent des pouvoirs publics la reconnaissance d\u2019une appellation d\u2019origine contr\u00f4l\u00e9e. C\u2019est la cons\u00e9cration originale et exceptionnellement pr\u00e9coce d\u2019une aventure commenc\u00e9e un demi-si\u00e8cle plus t\u00f4t, sur les coteaux du Gr\u00e9sivaudan, autour d\u2019une culture progressivement sp\u00e9cialis\u00e9e, la noix, export\u00e9e d\u2019abord vers les \u00c9tats-Unis puis dans toute l\u2019Europe et dont le succ\u00e8s s\u2019amplifie et se prolonge jusqu\u2019\u00e0 aujourd\u2019hui, marquant durablement le territoire et les g\u00e9n\u00e9rations de nuciculteurs. Une histoire \u00ab\u00a0locale\u00a0\u00bb et d\u2019un \u00ab\u00a0petit fruit\u00a0\u00bb, mais dont les succ\u00e8s, les doutes et les mutations s\u2019inscrivent pleinement dans les transformations profondes qu\u2019ont connues l\u2019agriculture et l\u2019alimentation dans la France du XX<sup>e<\/sup> si\u00e8cle.<\/p>\n<p>&nbsp;<\/p>\n<p>&nbsp;<\/p>\n<p>&nbsp;<\/p>\n<p>&nbsp;<\/p>\n","protected":false},"featured_media":7182,"template":"","meta":[],"product_cat":[76,77,82,15,17,43,23],"product_tag":[],"class_list":["post-7179","product","type-product","status-publish","has-post-thumbnail","hentry","product_cat-gastronomie","product_cat-histoire-2","product_cat-libel","product_cat-histoire","product_cat-lyon","product_cat-patrimoines","product_cat-regionalisme"],"_links":{"self":[{"href":"https:\/\/dev.editions-libel.fr\/2019\/wp-json\/wp\/v2\/product\/7179","targetHints":{"allow":["GET"]}}],"collection":[{"href":"https:\/\/dev.editions-libel.fr\/2019\/wp-json\/wp\/v2\/product"}],"about":[{"href":"https:\/\/dev.editions-libel.fr\/2019\/wp-json\/wp\/v2\/types\/product"}],"wp:featuredmedia":[{"embeddable":true,"href":"https:\/\/dev.editions-libel.fr\/2019\/wp-json\/wp\/v2\/media\/7182"}],"wp:attachment":[{"href":"https:\/\/dev.editions-libel.fr\/2019\/wp-json\/wp\/v2\/media?parent=7179"}],"wp:term":[{"taxonomy":"product_cat","embeddable":true,"href":"https:\/\/dev.editions-libel.fr\/2019\/wp-json\/wp\/v2\/product_cat?post=7179"},{"taxonomy":"product_tag","embeddable":true,"href":"https:\/\/dev.editions-libel.fr\/2019\/wp-json\/wp\/v2\/product_tag?post=7179"}],"curies":[{"name":"wp","href":"https:\/\/api.w.org\/{rel}","templated":true}]}}