{"id":7165,"date":"2020-10-20T11:40:14","date_gmt":"2020-10-20T09:40:14","guid":{"rendered":"https:\/\/www.editions-libel.fr\/maison-edition\/?post_type=product&#038;p=7165"},"modified":"2024-10-01T15:47:39","modified_gmt":"2024-10-01T13:47:39","slug":"loin-des-fronts","status":"publish","type":"product","link":"https:\/\/dev.editions-libel.fr\/2019\/boutique\/loin-des-fronts\/","title":{"rendered":"Loin des fronts ?"},"content":{"rendered":"[vc_row][vc_column][vc_column_text]<span style=\"text-decoration: underline;\"><a href=\"https:\/\/issuu.com\/libel\/docs\/loin_des_front_memorha_libel_extrait\" target=\"_blank\" rel=\"noopener noreferrer\">Feuilleter un extrait<\/a><br \/>\n<\/span><span style=\"text-decoration: underline;\"><a href=\"https:\/\/www.editions-libel.fr\/maison-edition\/wp-content\/uploads\/NOTICE_LIBEL_LDF.pdf\" target=\"_blank\" rel=\"noopener noreferrer\">Notice libraire<\/a><br \/>\n<a href=\"https:\/\/www.editions-libel.fr\/maison-edition\/wp-content\/uploads\/DP_LDF.pdf\" target=\"_blank\" rel=\"noopener noreferrer\">Dossier de presse<\/a><br \/>\n<a href=\"https:\/\/www.editions-libel.fr\/maison-edition\/wp-content\/uploads\/sommaire-loin-des-fronts-libel.pdf\" target=\"_blank\" rel=\"noopener noreferrer\">Voir le sommaire<\/a><\/span>[\/vc_column_text][\/vc_column][\/vc_row]\n","protected":false},"excerpt":{"rendered":"<p><strong><span style=\"color: #ff0000;\"><b><br \/>\n<\/b><\/span>Comm\u00e9moration(s) en action<\/strong><\/p>\n<p>Cet ouvrage richement illustr\u00e9 est l\u2019aboutissement d\u2019une exp\u00e9rience de terrain partag\u00e9e par des chercheurs et des responsables d\u2019institutions mus\u00e9ales sur ce qui fait la comm\u00e9moration, hier et aujourd\u2019hui, mais aussi sur ce qu\u2019elle fait, \u00e0 travers pratiques, usages et appropriations sociales auxquels elle donne lieu.<\/p>\n<p>Ouvrage dirig\u00e9 par\u00a0<b>Philippe Hanus <\/b>et<strong> Gilles Vergnon<\/strong>\u00a0en partenariat avec le\u00a0<strong>R\u00e9seau M\u00e9morha<\/strong>.<\/p>\n<p><strong>\u00c9galement \u00e9dit\u00e9 avec le R\u00e9seau M\u00e9morha :<br \/>\n<a href=\"https:\/\/www.editions-libel.fr\/maison-edition\/boutique\/prendre-le-maquis\/\"><em>Prendre le Maquis. Traces, histoires, m\u00e9moires<\/em><\/a><br \/>\n<\/strong><strong><em><a href=\"https:\/\/www.editions-libel.fr\/maison-edition\/boutique\/resistances-juives\/\">R\u00e9sistances juives. Solidarit\u00e9s, r\u00e9seaux, parcours <\/a><br \/>\n<\/em><\/strong><strong><a href=\"https:\/\/www.editions-libel.fr\/maison-edition\/boutique\/survie-des-juifs-en-europe\/\" target=\"_blank\" rel=\"noopener noreferrer\"><em>Survie des juifs en Europe. Pers\u00e9cut\u00e9s, sauveteurs, Justes<\/em><\/a><\/strong><\/p>\n<p><em><br \/>\n<a href=\"http:\/\/www.reseaumemorha.org\/\"><strong>Le R\u00e9seau M\u00e9morha\u00a0<\/strong><\/a>f\u00e9d\u00e8re depuis 2011 mus\u00e9es, m\u00e9moriaux, sites historiques et acteurs culturels, \u00e9ducatifs et scientifiques en Rh\u00f4ne-Alpes-Auvergne, avec pour mission premi\u00e8re de mener une r\u00e9flexion sur la transmission de l\u2019histoire de la Seconde Guerre mondiale ainsi que sur les nouvelles formes de repr\u00e9sentation de la p\u00e9riode dans l\u2019espace public. M\u00e9morha se veut \u00e9galement un lieu d\u2019\u00e9change d\u2019exp\u00e9riences scientifiques et professionnelles en France et en Europe.<\/em><\/p>\n<p>&nbsp;<\/p>\n<p>&nbsp;<\/p>\n<p>&nbsp;<\/p>\n","protected":false},"featured_media":7171,"template":"","meta":[],"product_cat":[77,82,15,16],"product_tag":[],"class_list":["post-7165","product","type-product","status-publish","has-post-thumbnail","hentry","product_cat-histoire-2","product_cat-libel","product_cat-histoire","product_cat-histoire-des-conflits"],"_links":{"self":[{"href":"https:\/\/dev.editions-libel.fr\/2019\/wp-json\/wp\/v2\/product\/7165","targetHints":{"allow":["GET"]}}],"collection":[{"href":"https:\/\/dev.editions-libel.fr\/2019\/wp-json\/wp\/v2\/product"}],"about":[{"href":"https:\/\/dev.editions-libel.fr\/2019\/wp-json\/wp\/v2\/types\/product"}],"wp:featuredmedia":[{"embeddable":true,"href":"https:\/\/dev.editions-libel.fr\/2019\/wp-json\/wp\/v2\/media\/7171"}],"wp:attachment":[{"href":"https:\/\/dev.editions-libel.fr\/2019\/wp-json\/wp\/v2\/media?parent=7165"}],"wp:term":[{"taxonomy":"product_cat","embeddable":true,"href":"https:\/\/dev.editions-libel.fr\/2019\/wp-json\/wp\/v2\/product_cat?post=7165"},{"taxonomy":"product_tag","embeddable":true,"href":"https:\/\/dev.editions-libel.fr\/2019\/wp-json\/wp\/v2\/product_tag?post=7165"}],"curies":[{"name":"wp","href":"https:\/\/api.w.org\/{rel}","templated":true}]}}