{"id":7050,"date":"2020-09-21T13:53:38","date_gmt":"2020-09-21T11:53:38","guid":{"rendered":"https:\/\/www.editions-libel.fr\/maison-edition\/?post_type=product&#038;p=7050"},"modified":"2024-01-15T12:07:06","modified_gmt":"2024-01-15T11:07:06","slug":"lyon-une-rencontre","status":"publish","type":"product","link":"https:\/\/dev.editions-libel.fr\/2019\/boutique\/lyon-une-rencontre\/","title":{"rendered":"Lyon, une rencontre"},"content":{"rendered":"[vc_row][vc_column][vc_column_text]<a href=\"https:\/\/issuu.com\/libel\/docs\/lyon-une-rencontre__optimis__\" target=\"_blank\" rel=\"noopener noreferrer\"><span style=\"text-decoration: underline;\">Feuilleter un extrait<\/span><\/a><br \/>\n<span style=\"text-decoration: underline;\"><a href=\"https:\/\/www.editions-libel.fr\/maison-edition\/wp-content\/uploads\/NOTICE_LIBEL_LYON_RENCONTRE.pdf\" target=\"_blank\" rel=\"noopener noreferrer\">Notice libraire<\/a><br \/>\n<a href=\"https:\/\/www.editions-libel.fr\/maison-edition\/wp-content\/uploads\/CP-BONNEAU.pdf\" target=\"_blank\" rel=\"noopener noreferrer\">Communiqu\u00e9 de presse<\/a><\/span>[\/vc_column_text][\/vc_column][\/vc_row]\n","protected":false},"excerpt":{"rendered":"<p><strong>\u00a0<\/strong><\/p>\n<p>En r\u00e9sidence \u00e0 Lyon, Marie Demunter et Laurent Bonneau ont promen\u00e9 leurs regards dans une cit\u00e9 qui leur est inconnue. Selon l\u2019humeur des saisons, le crayon et l\u2019objectif dessinent les contours intimes de la ville, en saisissant les formes discr\u00e8tes ou monumentales, en captent les lumi\u00e8res grises ou nocturnes. Demeurant \u00e0 distance de l\u2019imagerie flatteuse des cartes postales, le dessinateur et la photographe montrent des paysages et des visages lyonnais, qu\u2019on voudrait reconna\u00eetre sans toujours y parvenir. Parfois, une parole surgit, recueillie le temps d\u2019une br\u00e8ve rencontre. La conjugaison de leurs regards reconstruit des correspondances de lumi\u00e8re et de mati\u00e8re, formant le portrait provisoire d\u2019une ville toujours en mouvement.<\/p>\n<p><strong><em>Ouvrage \u00e9dit\u00e9 en partenariat avec <a href=\"http:\/\/www.gadagne.musees.lyon.fr\" target=\"_blank\" rel=\"noopener noreferrer\">les Mus\u00e9es Gadagne<\/a><\/em><\/strong><\/p>\n<p>&nbsp;<\/p>\n<p>&nbsp;<\/p>\n","protected":false},"featured_media":7069,"template":"","meta":[],"product_cat":[71,82,12,17,43,21,23,26],"product_tag":[],"class_list":["post-7050","product","type-product","status-publish","has-post-thumbnail","hentry","product_cat-arts","product_cat-libel","product_cat-art-contemporain","product_cat-lyon","product_cat-patrimoines","product_cat-photographie","product_cat-regionalisme","product_cat-urbanisme"],"_links":{"self":[{"href":"https:\/\/dev.editions-libel.fr\/2019\/wp-json\/wp\/v2\/product\/7050","targetHints":{"allow":["GET"]}}],"collection":[{"href":"https:\/\/dev.editions-libel.fr\/2019\/wp-json\/wp\/v2\/product"}],"about":[{"href":"https:\/\/dev.editions-libel.fr\/2019\/wp-json\/wp\/v2\/types\/product"}],"wp:featuredmedia":[{"embeddable":true,"href":"https:\/\/dev.editions-libel.fr\/2019\/wp-json\/wp\/v2\/media\/7069"}],"wp:attachment":[{"href":"https:\/\/dev.editions-libel.fr\/2019\/wp-json\/wp\/v2\/media?parent=7050"}],"wp:term":[{"taxonomy":"product_cat","embeddable":true,"href":"https:\/\/dev.editions-libel.fr\/2019\/wp-json\/wp\/v2\/product_cat?post=7050"},{"taxonomy":"product_tag","embeddable":true,"href":"https:\/\/dev.editions-libel.fr\/2019\/wp-json\/wp\/v2\/product_tag?post=7050"}],"curies":[{"name":"wp","href":"https:\/\/api.w.org\/{rel}","templated":true}]}}