{"id":6993,"date":"2020-08-04T15:28:03","date_gmt":"2020-08-04T13:28:03","guid":{"rendered":"https:\/\/www.editions-libel.fr\/maison-edition\/?post_type=product&#038;p=6993"},"modified":"2024-01-15T12:07:07","modified_gmt":"2024-01-15T11:07:07","slug":"une-etrange-defaite","status":"publish","type":"product","link":"https:\/\/dev.editions-libel.fr\/2019\/boutique\/une-etrange-defaite\/","title":{"rendered":"Une \u00e9trange d\u00e9faite ?"},"content":{"rendered":"[vc_row][vc_column][vc_column_text]<span style=\"text-decoration: underline;\"><a href=\"https:\/\/issuu.com\/libel\/docs\/mai_juin_1940_une_etrange_defaite_extrait_libel\" target=\"_blank\" rel=\"noopener noreferrer\">Feuilleter un extrait<\/a><\/span><br \/>\n<span style=\"text-decoration: underline;\"><a href=\"https:\/\/www.editions-libel.fr\/maison-edition\/wp-content\/uploads\/NOTICE_LIBEL_juin-40.pdf\" target=\"_blank\" rel=\"noopener noreferrer\">Notice libraire<\/a><\/span><br \/>\n<span style=\"text-decoration: underline;\"><a href=\"https:\/\/www.editions-libel.fr\/maison-edition\/wp-content\/uploads\/DP_LIBEL-JUIN-40.pdf\" target=\"_blank\" rel=\"noopener noreferrer\">Dossier de presse<\/a><\/span>[\/vc_column_text][\/vc_column][\/vc_row]\n","protected":false},"excerpt":{"rendered":"<p><strong><span style=\"color: #ff0000;\"><b><br \/>\n<\/b><\/span>Mai-juin 1940 <\/strong>[Collectif]<strong><br \/>\n<\/strong><\/p>\n<p class=\"p1\">D\u00e9sastre, d\u00e9route, naufrage, effondrement, catastrophe\u2026La d\u00e9faite en 1940 de l\u2019arm\u00e9e fran\u00e7aise est per\u00e7ue comme une v\u00e9ritable onde de choc. Sa rapidit\u00e9 et sa brutalit\u00e9 confortent la victoire id\u00e9ologique du futur gouvernement de Vichy et plongent le pays dans les heures les plus sombres de son histoire. Rien pourtant ne semble pouvoir entamer la vision tronqu\u00e9e qui colle \u00e0 cet \u00e9pisode, incarn\u00e9 aujourd\u2019hui encore et pour beaucoup par le film <i>La Septi\u00e8me Compagnie<\/i>. L\u2019ouvrage propose de revenir sur ces quelques semaines d\u00e9cisives, durant lesquelles la population fran\u00e7aise est sous le flot d\u2019\u00e9v\u00e9nements incessants, pour mieux interroger : que savons-nous des mois de mai et juin 1940 ?<\/p>\n<p><strong><em>Ouvrage \u00e9dit\u00e9 en partenariat avec le <a href=\"http:\/\/www.mtmad.fr\/fr\/Pages\/default.aspx\">Centre d&rsquo;Histoire de la R\u00e9sistance et de la D\u00e9portation.<\/a><\/em><\/strong><\/p>\n<p><strong><span style=\"color: #eb8367;\">\u00c9galement \u00e9dit\u00e9 avec ce partenaire :\u00a0 <\/span><i><a href=\"https:\/\/www.editions-libel.fr\/maison-edition\/boutique\/les-jours-sans\/\" target=\"_blank\" rel=\"noopener noreferrer\">Les Jours sans<\/a>, <a href=\"https:\/\/www.editions-libel.fr\/maison-edition\/boutique\/pour-vous-mesdames\/\" target=\"_blank\" rel=\"noopener noreferrer\">Pour vous, Mesdames !<\/a>, <a href=\"https:\/\/www.editions-libel.fr\/maison-edition\/boutique\/traits-resistants\/\" target=\"_blank\" rel=\"noopener noreferrer\">Traits r\u00e9sistants<\/a><br \/>\n<\/i><\/strong><\/p>\n<p>&nbsp;<\/p>\n","protected":false},"featured_media":6999,"template":"","meta":[],"product_cat":[77,82,15,16,17,43,25],"product_tag":[],"class_list":["post-6993","product","type-product","status-publish","has-post-thumbnail","hentry","product_cat-histoire-2","product_cat-libel","product_cat-histoire","product_cat-histoire-des-conflits","product_cat-lyon","product_cat-patrimoines","product_cat-societe"],"_links":{"self":[{"href":"https:\/\/dev.editions-libel.fr\/2019\/wp-json\/wp\/v2\/product\/6993","targetHints":{"allow":["GET"]}}],"collection":[{"href":"https:\/\/dev.editions-libel.fr\/2019\/wp-json\/wp\/v2\/product"}],"about":[{"href":"https:\/\/dev.editions-libel.fr\/2019\/wp-json\/wp\/v2\/types\/product"}],"wp:featuredmedia":[{"embeddable":true,"href":"https:\/\/dev.editions-libel.fr\/2019\/wp-json\/wp\/v2\/media\/6999"}],"wp:attachment":[{"href":"https:\/\/dev.editions-libel.fr\/2019\/wp-json\/wp\/v2\/media?parent=6993"}],"wp:term":[{"taxonomy":"product_cat","embeddable":true,"href":"https:\/\/dev.editions-libel.fr\/2019\/wp-json\/wp\/v2\/product_cat?post=6993"},{"taxonomy":"product_tag","embeddable":true,"href":"https:\/\/dev.editions-libel.fr\/2019\/wp-json\/wp\/v2\/product_tag?post=6993"}],"curies":[{"name":"wp","href":"https:\/\/api.w.org\/{rel}","templated":true}]}}