{"id":6985,"date":"2020-08-04T14:54:10","date_gmt":"2020-08-04T12:54:10","guid":{"rendered":"https:\/\/www.editions-libel.fr\/maison-edition\/?post_type=product&#038;p=6985"},"modified":"2024-01-15T12:07:07","modified_gmt":"2024-01-15T11:07:07","slug":"vivienne-westwood","status":"publish","type":"product","link":"https:\/\/dev.editions-libel.fr\/2019\/boutique\/vivienne-westwood\/","title":{"rendered":"Vivienne Westwood"},"content":{"rendered":"[vc_row][vc_column][vc_column_text]<a href=\"https:\/\/issuu.com\/libel\/docs\/vivienne_westwood_edtions_libel_issuu\" target=\"_blank\" rel=\"noopener noreferrer\"><span style=\"text-decoration: underline;\">Feuilleter un extrait<\/span><\/a><br \/>\n<a href=\"https:\/\/www.editions-libel.fr\/maison-edition\/wp-content\/uploads\/NOTICE_LIBEL_westwood-1.pdf\" target=\"_blank\" rel=\"noopener noreferrer\"><span style=\"text-decoration: underline;\">Notice libraire<\/span><\/a><br \/>\n<span style=\"text-decoration: underline;\"><a href=\"https:\/\/www.editions-libel.fr\/maison-edition\/wp-content\/uploads\/DP_LIBEL-WESTWOOD.pdf\" target=\"_blank\" rel=\"noopener noreferrer\">Dossier de presse<\/a><\/span>[\/vc_column_text][\/vc_column][\/vc_row]\n","protected":false},"excerpt":{"rendered":"<p><strong>Art, mode et subversion <\/strong>[Collectif]<strong><br \/>\n<\/strong><\/p>\n<p>Punk, historiciste, britannique, militante\u2026 la personnalit\u00e9 riche et singuli\u00e8re de la cr\u00e9atrice Vivienne Westwood influe depuis pr\u00e8s de cinquante ans sur la plan\u00e8te mode. Le mus\u00e9e des Tissus, \u00e0 Lyon, lui consacre sa premi\u00e8re exposition en France gr\u00e2ce au pr\u00eat de la collection Lee Price. Accompagnant l\u2019exposition\u00a0Vivienne Westwood. Art, mode et subversion, cet ouvrage richement illustr\u00e9 explore, d\u00e9crypte et resitue les diff\u00e9rents aspects de l\u2019\u0153uvre de la cr\u00e9atrice dans le contexte de l\u2019histoire et de la mode britanniques. Il poursuit le dialogue initi\u00e9 au sein du parcours de l\u2019exposition avec les collections de textiles et d\u2019arts d\u00e9coratifs du mus\u00e9e des Tissus.<\/p>\n<p><em>Une attention particuli\u00e8re a \u00e9t\u00e9 port\u00e9e \u00e0 la limitation de l\u2019empreinte \u00e9cologique lors de la fabrication de cet ouvrage.<\/em><\/p>\n<p><strong><em>Ouvrage \u00e9dit\u00e9 en partenariat avec le\u00a0<a href=\"http:\/\/www.mtmad.fr\/fr\/Pages\/default.aspx\">mus\u00e9e des Tissus de Lyon.<\/a><\/em><\/strong><\/p>\n<p><strong><span style=\"color: #f07c29;\">\u00c9galement \u00e9dit\u00e9 avec ce partenaire : <\/span><i>\u00a0<a href=\"https:\/\/www.editions-libel.fr\/maison-edition\/boutique\/yves-saint-laurent\/\">Yves Saint Laurent. Les coulisses de la haute couture \u00e0 Lyon<\/a><\/i><\/strong><\/p>\n<p>&nbsp;<\/p>\n<p>&nbsp;<\/p>\n<p>&nbsp;<\/p>\n","protected":false},"featured_media":6981,"template":"","meta":[],"product_cat":[71,77,82,19,25],"product_tag":[],"class_list":["post-6985","product","type-product","status-publish","has-post-thumbnail","hentry","product_cat-arts","product_cat-histoire-2","product_cat-libel","product_cat-mode","product_cat-societe"],"_links":{"self":[{"href":"https:\/\/dev.editions-libel.fr\/2019\/wp-json\/wp\/v2\/product\/6985","targetHints":{"allow":["GET"]}}],"collection":[{"href":"https:\/\/dev.editions-libel.fr\/2019\/wp-json\/wp\/v2\/product"}],"about":[{"href":"https:\/\/dev.editions-libel.fr\/2019\/wp-json\/wp\/v2\/types\/product"}],"wp:featuredmedia":[{"embeddable":true,"href":"https:\/\/dev.editions-libel.fr\/2019\/wp-json\/wp\/v2\/media\/6981"}],"wp:attachment":[{"href":"https:\/\/dev.editions-libel.fr\/2019\/wp-json\/wp\/v2\/media?parent=6985"}],"wp:term":[{"taxonomy":"product_cat","embeddable":true,"href":"https:\/\/dev.editions-libel.fr\/2019\/wp-json\/wp\/v2\/product_cat?post=6985"},{"taxonomy":"product_tag","embeddable":true,"href":"https:\/\/dev.editions-libel.fr\/2019\/wp-json\/wp\/v2\/product_tag?post=6985"}],"curies":[{"name":"wp","href":"https:\/\/api.w.org\/{rel}","templated":true}]}}