{"id":6688,"date":"2019-12-09T11:44:10","date_gmt":"2019-12-09T10:44:10","guid":{"rendered":"https:\/\/www.editions-libel.fr\/maison-edition\/?post_type=product&#038;p=6688"},"modified":"2024-01-15T12:07:07","modified_gmt":"2024-01-15T11:07:07","slug":"survie-des-juifs-en-europe","status":"publish","type":"product","link":"https:\/\/dev.editions-libel.fr\/2019\/boutique\/survie-des-juifs-en-europe\/","title":{"rendered":"Survie des juifs en Europe"},"content":{"rendered":"[vc_row][vc_column][vc_column_text]<span style=\"text-decoration: underline;\"><a href=\"https:\/\/issuu.com\/libel\/docs\/survie_des_juifs_libel_memorha_issuu\" target=\"_blank\" rel=\"noopener noreferrer\">Feuilleter un extrait<\/a><\/span><br \/>\n<span style=\"text-decoration: underline;\"><a href=\"https:\/\/www.editions-libel.fr\/maison-edition\/wp-content\/uploads\/DP_SJ.pdf\" target=\"_blank\" rel=\"noopener noreferrer\">Dossier de presse<\/a><\/span><br \/>\n<span style=\"text-decoration: underline;\"><a href=\"https:\/\/www.editions-libel.fr\/maison-edition\/wp-content\/uploads\/NOTICE_LIBEL_SURVIE-DES-JUIFS.pdf\" target=\"_blank\" rel=\"noopener noreferrer\">Notice libraire<\/a><\/span><br \/>\n<span style=\"text-decoration: underline;\"><a href=\"https:\/\/www.editions-libel.fr\/maison-edition\/wp-content\/uploads\/sommaire-SDJEE_OKBR-RESO_14112019.pdf\" target=\"_blank\" rel=\"noopener noreferrer\">Sommaire<\/a><\/span><\/p>\n<p>&nbsp;<\/p>\n<p><strong>On en parle :<\/strong>[\/vc_column_text][\/vc_column][\/vc_row][vc_row][vc_column][vc_tta_pageable no_fill_content_area=\u00a0\u00bb1&Prime; active_section=\u00a0\u00bb1&Prime; pagination_color=\u00a0\u00bborange\u00a0\u00bb][vc_tta_section title=\u00a0\u00bbSection 1&Prime; tab_id=\u00a0\u00bb1590493570812-f6368ba9-0f80&Prime;][vc_column_text]<em>Je tiens \u00e0 vous remercier pour votre travail et pour la tr\u00e8s bonne facture des portfolios.<br \/>\n<\/em>Anouk Richard, charg\u00e9e de valorisation patrimoniale[\/vc_column_text][\/vc_tta_section][vc_tta_section title=\u00a0\u00bbSection 2&Prime; tab_id=\u00a0\u00bb1590493570828-77873dc3-ecf3&Prime;][vc_column_text]<em>\u00a0Je tiens \u00e0 vous adresser ici mes vives f\u00e9licitations pour le gros travail d\u2019\u00e9dition et pour son r\u00e9sultat\u00a0: l\u2019ouvrage est magnifique. C\u2019est un honneur et un plaisir de figurer parmi les auteurs.<br \/>\n<\/em>Fran\u00e7ois Wisard, auteur[\/vc_column_text][\/vc_tta_section][\/vc_tta_pageable][\/vc_column][\/vc_row]\n","protected":false},"excerpt":{"rendered":"<p><strong><br \/>\nPers\u00e9cut\u00e9s, sauveteurs, Justes <\/strong>[Collectif]<\/p>\n<p>En 1939, neuf millions de juifs vivaient en Europe, cinq ans plus tard, les deux tiers avaient \u00e9t\u00e9 assassin\u00e9s, d\u00e9truits. Le pr\u00e9sent ouvrage s\u2019int\u00e9resse \u00e0 ceux qui ont surv\u00e9cu dans divers pays d\u2019Europe et \u00e0 ceux qui les ont aid\u00e9s, \u00e0 l&rsquo;aide de riches archives et t\u00e9moignages souvent in\u00e9dits ou peu connus du public fran\u00e7ais.<\/p>\n<p>Ouvrage dirig\u00e9 par <b>Corinne Bonafoux <\/b>et<strong> Olivier Vallade<\/strong>\u00a0en partenariat avec le\u00a0<strong>R\u00e9seau M\u00e9morha<\/strong>.<\/p>\n<p><strong><span style=\"color: #eb8367;\">\u00c9galement \u00e9dit\u00e9 avec le R\u00e9seau M\u00e9morha :\u00a0<\/span><a href=\"https:\/\/www.editions-libel.fr\/maison-edition\/boutique\/prendre-le-maquis\/\"><em>Prendre le Maquis. Traces, histoires, m\u00e9moires<\/em><\/a> <em>et <a href=\"https:\/\/www.editions-libel.fr\/maison-edition\/boutique\/resistances-juives\/\">R\u00e9sistances juives. Solidarit\u00e9s, r\u00e9seaux, parcours\u00a0<\/a><\/em><\/strong><\/p>\n<p><em><br \/>\n<a href=\"http:\/\/www.reseaumemorha.org\/\"><strong>Le R\u00e9seau M\u00e9morha\u00a0<\/strong><\/a>f\u00e9d\u00e8re depuis 2011 mus\u00e9es, m\u00e9moriaux, sites historiques et acteurs culturels, \u00e9ducatifs et scientifiques en Rh\u00f4ne-Alpes-Auvergne, avec pour mission premi\u00e8re de mener une r\u00e9flexion sur la transmission de l\u2019histoire de la Seconde Guerre mondiale ainsi que sur les nouvelles formes de repr\u00e9sentation de la p\u00e9riode dans l\u2019espace public. M\u00e9morha se veut \u00e9galement un lieu d\u2019\u00e9change d\u2019exp\u00e9riences scientifiques et professionnelles en France et en Europe.<\/em><\/p>\n<p>&nbsp;<\/p>\n","protected":false},"featured_media":6692,"template":"","meta":[],"product_cat":[77,82,15,16],"product_tag":[],"class_list":["post-6688","product","type-product","status-publish","has-post-thumbnail","hentry","product_cat-histoire-2","product_cat-libel","product_cat-histoire","product_cat-histoire-des-conflits"],"_links":{"self":[{"href":"https:\/\/dev.editions-libel.fr\/2019\/wp-json\/wp\/v2\/product\/6688","targetHints":{"allow":["GET"]}}],"collection":[{"href":"https:\/\/dev.editions-libel.fr\/2019\/wp-json\/wp\/v2\/product"}],"about":[{"href":"https:\/\/dev.editions-libel.fr\/2019\/wp-json\/wp\/v2\/types\/product"}],"wp:featuredmedia":[{"embeddable":true,"href":"https:\/\/dev.editions-libel.fr\/2019\/wp-json\/wp\/v2\/media\/6692"}],"wp:attachment":[{"href":"https:\/\/dev.editions-libel.fr\/2019\/wp-json\/wp\/v2\/media?parent=6688"}],"wp:term":[{"taxonomy":"product_cat","embeddable":true,"href":"https:\/\/dev.editions-libel.fr\/2019\/wp-json\/wp\/v2\/product_cat?post=6688"},{"taxonomy":"product_tag","embeddable":true,"href":"https:\/\/dev.editions-libel.fr\/2019\/wp-json\/wp\/v2\/product_tag?post=6688"}],"curies":[{"name":"wp","href":"https:\/\/api.w.org\/{rel}","templated":true}]}}