{"id":6606,"date":"2019-11-05T09:55:38","date_gmt":"2019-11-05T08:55:38","guid":{"rendered":"https:\/\/www.editions-libel.fr\/maison-edition\/?post_type=product&#038;p=6606"},"modified":"2024-01-15T12:07:08","modified_gmt":"2024-01-15T11:07:08","slug":"yves-saint-laurent","status":"publish","type":"product","link":"https:\/\/dev.editions-libel.fr\/2019\/boutique\/yves-saint-laurent\/","title":{"rendered":"Yves Saint Laurent"},"content":{"rendered":"[vc_row][vc_column][vc_column_text]<span style=\"text-decoration: underline;\"><a href=\"https:\/\/issuu.com\/libel\/docs\/libel_ysl_issuu\">Feuilleter un extrait<\/a><\/span><br \/>\n<span style=\"text-decoration: underline;\"><a href=\"https:\/\/www.editions-libel.fr\/maison-edition\/wp-content\/uploads\/DP_SAINT-LAURENT_141019.pdf\" target=\"_blank\" rel=\"noopener noreferrer\">Dossier de presse<\/a><\/span><br \/>\n<span style=\"text-decoration: underline;\"><a href=\"https:\/\/www.editions-libel.fr\/maison-edition\/wp-content\/uploads\/NOTICE_LIBEL_YSL.pdf\" target=\"_blank\" rel=\"noopener noreferrer\">Notice libraire<\/a><\/span>[\/vc_column_text][\/vc_column][\/vc_row]\n","protected":false},"excerpt":{"rendered":"<p><strong><span style=\"color: #ff0000;\"><b>\u00c9puis\u00e9<\/b><\/span><br \/>\nLes coulisses de la haute couture \u00e0 Lyon <\/strong>[Collectif]<\/p>\n<p>Industrie textile lyonnaise et haute couture parisienne sont riches d\u2019une histoire commune. Tout au long de sa carri\u00e8re, le couturier Yves Saint Laurent s\u2019est appuy\u00e9 sur les soyeux, fabricants et fournisseurs des tissus de la r\u00e9gion, y trouvant mati\u00e8re \u00e0 nourrir ses cr\u00e9ations et contribuant ainsi au rayonnement de ces grandes maisons. Cr\u00eapes, mousselines, taffetas, velours&#8230; du tissu \u00e0 la robe, le pr\u00e9sent ouvrage offre une plong\u00e9e dans le processus cr\u00e9atif d\u2019Yves Saint Laurent et rend hommage \u00e0 l\u2019embl\u00e9matique savoir-faire technique de tout un territoire.<\/p>\n<p class=\"bodytext\" style=\"text-align: justify;\"><b><i>Ouvrage \u00e9dit\u00e9 en partenariat avec le <a href=\"http:\/\/www.mtmad.fr\/fr\/Pages\/default.aspx\">mus\u00e9e des Tissus de Lyon<\/a> et le <a href=\"https:\/\/museeyslparis.com\/\">mus\u00e9e Yves Saint Laurent Paris<\/a>, co-organisateurs de l&rsquo;exposition \u00e9ponyme pr\u00e9sent\u00e9e au mus\u00e9e des Tissus, gr\u00e2ce \u00e0 la contribution des donateurs priv\u00e9s qui soutiennent le mus\u00e9e \u00e0 travers le fonds de dotation. <\/i><\/b><\/p>\n<p>&nbsp;<\/p>\n","protected":false},"featured_media":8076,"template":"","meta":[],"product_cat":[71,77,82,8,15,17,19,43],"product_tag":[],"class_list":["post-6606","product","type-product","status-publish","has-post-thumbnail","hentry","product_cat-arts","product_cat-histoire-2","product_cat-libel","product_cat-epuises","product_cat-histoire","product_cat-lyon","product_cat-mode","product_cat-patrimoines"],"_links":{"self":[{"href":"https:\/\/dev.editions-libel.fr\/2019\/wp-json\/wp\/v2\/product\/6606","targetHints":{"allow":["GET"]}}],"collection":[{"href":"https:\/\/dev.editions-libel.fr\/2019\/wp-json\/wp\/v2\/product"}],"about":[{"href":"https:\/\/dev.editions-libel.fr\/2019\/wp-json\/wp\/v2\/types\/product"}],"wp:featuredmedia":[{"embeddable":true,"href":"https:\/\/dev.editions-libel.fr\/2019\/wp-json\/wp\/v2\/media\/8076"}],"wp:attachment":[{"href":"https:\/\/dev.editions-libel.fr\/2019\/wp-json\/wp\/v2\/media?parent=6606"}],"wp:term":[{"taxonomy":"product_cat","embeddable":true,"href":"https:\/\/dev.editions-libel.fr\/2019\/wp-json\/wp\/v2\/product_cat?post=6606"},{"taxonomy":"product_tag","embeddable":true,"href":"https:\/\/dev.editions-libel.fr\/2019\/wp-json\/wp\/v2\/product_tag?post=6606"}],"curies":[{"name":"wp","href":"https:\/\/api.w.org\/{rel}","templated":true}]}}