{"id":6352,"date":"2019-07-29T09:42:26","date_gmt":"2019-07-29T08:42:26","guid":{"rendered":"https:\/\/www.editions-libel.fr\/maison-edition\/?post_type=product&#038;p=6352"},"modified":"2024-01-15T12:07:08","modified_gmt":"2024-01-15T11:07:08","slug":"portraits-de-loire","status":"publish","type":"product","link":"https:\/\/dev.editions-libel.fr\/2019\/boutique\/portraits-de-loire\/","title":{"rendered":"Portraits de Loire"},"content":{"rendered":"[vc_row][vc_column][vc_column_text]<a href=\"https:\/\/issuu.com\/libel\/docs\/portraits_de_loire_veronique_popine\" target=\"_blank\" rel=\"noopener noreferrer\"><span style=\"text-decoration: underline;\">Feuilleter un extrait<\/span><\/a><br \/>\n<a href=\"https:\/\/www.editions-libel.fr\/maison-edition\/wp-content\/uploads\/DP_LIBEL_PORTRAITS-DE-LOIRE.pdf\" target=\"_blank\" rel=\"noopener noreferrer\"><span style=\"text-decoration: underline;\">Dossier de presse<\/span><\/a><br \/>\n<a href=\"https:\/\/www.editions-libel.fr\/maison-edition\/wp-content\/uploads\/NOTICE_LIBEL_LOIRE.pdf\" target=\"_blank\" rel=\"noopener noreferrer\"><span style=\"text-decoration: underline;\">Notice libraire<\/span><\/a>[\/vc_column_text][\/vc_column][\/vc_row]\n","protected":false},"excerpt":{"rendered":"<p><a class=\"ebook\" href=\"https:\/\/www.editions-fablyo.fr\/produit\/portraits-de-loire\/\" target=\"_blank\" rel=\"noopener noreferrer\"><img loading=\"lazy\" decoding=\"async\" class=\"\" src=\"https:\/\/www.editions-libel.fr\/maison-edition\/picto-fablyo-rose.svg\" width=\"22\" height=\"22\" \/>Ebook disponible ici<\/a><\/p>\n<p><b>R\u00e9cits d&rsquo;un bord de fleuve<\/b>\u00a0<strong><br \/>\n<\/strong><\/p>\n<p>Pendant deux ans, V\u00e9ronique Popinet, auteure photographe, est all\u00e9e \u00e0 la rencontre des hommes et des femmes qui vivent et travaillent en bord de Loire. Elle a produit des images contemporaines et famili\u00e8res de la Loire et de la vie sur ses rives, qui explorent les liens entre les habitants et leur fleuve \u00e0 travers des usages tr\u00e8s diversifi\u00e9s et parfois \u00e9tonnants. Thierry Moulat, phonographe, a recueilli les t\u00e9moignages de ces riverains. Ce livre questionne aussi plus largement le rapport actuel de l\u2019homme au(x) fleuve(s), le paysage \u00e9tant l&rsquo;\u00e9l\u00e9ment r\u00e9v\u00e9lateur de cette interrelation. Quatre co-auteurs, enseignants-chercheurs, g\u00e9ographes, sociologue et paysagiste, apportent leur \u00e9clairage sur ce sujet.<\/p>\n<p class=\"bodytext\" style=\"text-align: justify;\">Ouvrage publi\u00e9 en partenariat avec l&rsquo;association<a href=\"https:\/\/www.fleuveloirefertile.fr\/\"><strong><span style=\"color: #eb8367;\"> Fleuve Loire Fertile <\/span><\/strong><\/a>et avec le soutien du <strong><a href=\"https:\/\/www.europe-en-france.gouv.fr\/fr\/fonds-europeens\/fonds-europeen-agricole-pour-le-developpement-rural-FEADER\" target=\"_blank\" rel=\"noopener noreferrer\"><span style=\"color: #eb8367;\">Fonds europ\u00e9en agricole pour le d\u00e9veloppement rural<\/span><\/a><\/strong>.<\/p>\n<p class=\"bodytext\" style=\"text-align: justify;\"><em><strong><br \/>\n<\/strong><strong>L&rsquo;association FLEUVE LOIRE FERTILE\u00a0<\/strong>a pour objet de\u00a0<strong>d\u00e9velopper un tourisme durable et social autour du fleuve Loire<\/strong>, de son patrimoine naturel et culturel, avec les habitants.<br \/>\n<\/em><\/p>\n","protected":false},"featured_media":6361,"template":"","meta":[],"product_cat":[77,82,43,23,25],"product_tag":[],"class_list":["post-6352","product","type-product","status-publish","has-post-thumbnail","hentry","product_cat-histoire-2","product_cat-libel","product_cat-patrimoines","product_cat-regionalisme","product_cat-societe"],"_links":{"self":[{"href":"https:\/\/dev.editions-libel.fr\/2019\/wp-json\/wp\/v2\/product\/6352","targetHints":{"allow":["GET"]}}],"collection":[{"href":"https:\/\/dev.editions-libel.fr\/2019\/wp-json\/wp\/v2\/product"}],"about":[{"href":"https:\/\/dev.editions-libel.fr\/2019\/wp-json\/wp\/v2\/types\/product"}],"wp:featuredmedia":[{"embeddable":true,"href":"https:\/\/dev.editions-libel.fr\/2019\/wp-json\/wp\/v2\/media\/6361"}],"wp:attachment":[{"href":"https:\/\/dev.editions-libel.fr\/2019\/wp-json\/wp\/v2\/media?parent=6352"}],"wp:term":[{"taxonomy":"product_cat","embeddable":true,"href":"https:\/\/dev.editions-libel.fr\/2019\/wp-json\/wp\/v2\/product_cat?post=6352"},{"taxonomy":"product_tag","embeddable":true,"href":"https:\/\/dev.editions-libel.fr\/2019\/wp-json\/wp\/v2\/product_tag?post=6352"}],"curies":[{"name":"wp","href":"https:\/\/api.w.org\/{rel}","templated":true}]}}