{"id":4161,"date":"2018-10-19T10:01:33","date_gmt":"2018-10-19T09:01:33","guid":{"rendered":"http:\/\/www.editions-libel.fr\/maison-edition\/boutique\/mustang-la-mecanique-de-la-passion\/"},"modified":"2024-01-15T12:07:44","modified_gmt":"2024-01-15T11:07:44","slug":"mustang-la-mecanique-de-la-passion","status":"publish","type":"product","link":"https:\/\/dev.editions-libel.fr\/2019\/boutique\/mustang-la-mecanique-de-la-passion\/","title":{"rendered":"Mustang"},"content":{"rendered":"[vc_row][vc_column][vc_column_text]<span style=\"text-decoration: underline;\"><a href=\"https:\/\/issuu.com\/libel\/docs\/libel_mustang_issuu\" target=\"_blank\" rel=\"noopener noreferrer\">Feuilleter un extrait<\/a><\/span><br \/>\n<span style=\"text-decoration: underline;\"><a href=\"https:\/\/www.editions-libel.fr\/maison-edition\/wp-content\/uploads\/DP_MUSTANG-BD-OK.pdf\" target=\"_blank\" rel=\"noopener noreferrer\">Dossier de presse<\/a><\/span><br \/>\n<span style=\"text-decoration: underline;\"><a href=\"https:\/\/www.editions-libel.fr\/maison-edition\/wp-content\/uploads\/Notice_MUSTANG-1.pdf\" target=\"_blank\" rel=\"noopener noreferrer\">Notice libraire<\/a><\/span><\/p>\n<p>&nbsp;<\/p>\n<p><strong>On en parle :<\/strong>[\/vc_column_text][\/vc_column][\/vc_row][vc_row][vc_column][vc_tta_pageable no_fill_content_area=\u00a0\u00bb1&Prime; active_section=\u00a0\u00bb1&Prime; pagination_color=\u00a0\u00bborange\u00a0\u00bb][vc_tta_section title=\u00a0\u00bbSection 1&Prime; tab_id=\u00a0\u00bb1590497463439-faf7d8a5-0d89&Prime;][vc_column_text]<em>J\u2019ai d\u00e9couvert votre ouvrage avec plaisir, qui m\u2019a bluff\u00e9 par son approche passionn\u00e9e, d\u00e9cal\u00e9e, pleine de sensibilit\u00e9, de tendresse\u2026 bref, d\u2019intelligence ! \u00c0 mille lieues de ce qu\u2019on peut habituellement lire au sujet de cette auto.<\/em><br \/>\nAdrien Malbsoc, r\u00e9dacteur en chef de R\u00e9troviseur[\/vc_column_text][\/vc_tta_section][vc_tta_section title=\u00a0\u00bbSection 2&Prime; tab_id=\u00a0\u00bb1590497463455-c79aced9-db92&Prime;][vc_column_text]<em>J&rsquo;ai tout lu en deux soirs ! Super bouquin, une vraie nouveaut\u00e9. Il faut prendre le temps de bien lire ce qui y est dit, il y a des passionn\u00e9s qui ont v\u00e9cu des choses incroyables avec leur Mustang, j&rsquo;adore. F\u00e9licitations \u00e0 l&rsquo;auteure.<\/em><br \/>\n\u00ab\u00a0Crayon\u00a0\u00bb, sur le forum Motob\u00e9cane Club de France[\/vc_column_text][\/vc_tta_section][\/vc_tta_pageable][\/vc_column][\/vc_row]\n","protected":false},"excerpt":{"rendered":"<div id=\"tab-2c94af60-a783-10\" class=\"wpb_tab ui-tabs-panel wpb_ui-tabs-hide vc_clearfix ui-widget-content ui-corner-bottom\" role=\"tabpanel\" aria-labelledby=\"ui-id-1\" aria-hidden=\"false\">\n<div class=\"wpb_text_column wpb_content_element \">\n<div class=\"wpb_wrapper\"><!-- Bouton Ebook --><br \/>\n<a class=\"ebook\" href=\"https:\/\/www.editions-fablyo.fr\/produit\/mustang-la-mecanique-de-la-passion\/\" target=\"_blank\" rel=\"noopener noreferrer\"><img decoding=\"async\" style=\"width: 30px;\" src=\"https:\/\/www.editions-libel.fr\/maison-edition\/picto-fablyo-rose.svg\" \/>Ebook disponible ici<\/a><br \/>\n<!-- \/ Bouton Ebook --><br \/>\n<strong>La m\u00e9canique de la passion<br \/>\n<\/strong>Consacr\u00e9 aux passionn\u00e9s de Ford Mustang, anciennes et r\u00e9centes, cet ouvrage aborde le rapport singulier de chaque propri\u00e9taire \u00e0 sa voiture, emmenant le lecteur au c\u0153ur d\u2019un mythe v\u00e9cu au quotidien \u2013 au travers d\u2019une s\u00e9rie de portraits photographiques d\u2019hommes et de femmes avec leur Mustang, et de textes in\u00e9dits. Un objet-livre pour d\u00e9voiler la facette humaine de la passion automobile, en 152 pages et plus de 50 illustrations.<\/div>\n<\/div>\n<\/div>\n","protected":false},"featured_media":5294,"template":"","meta":[],"product_cat":[71,77,82,21,22,25],"product_tag":[],"class_list":["post-4161","product","type-product","status-publish","has-post-thumbnail","hentry","product_cat-arts","product_cat-histoire-2","product_cat-libel","product_cat-photographie","product_cat-recit","product_cat-societe"],"_links":{"self":[{"href":"https:\/\/dev.editions-libel.fr\/2019\/wp-json\/wp\/v2\/product\/4161","targetHints":{"allow":["GET"]}}],"collection":[{"href":"https:\/\/dev.editions-libel.fr\/2019\/wp-json\/wp\/v2\/product"}],"about":[{"href":"https:\/\/dev.editions-libel.fr\/2019\/wp-json\/wp\/v2\/types\/product"}],"wp:featuredmedia":[{"embeddable":true,"href":"https:\/\/dev.editions-libel.fr\/2019\/wp-json\/wp\/v2\/media\/5294"}],"wp:attachment":[{"href":"https:\/\/dev.editions-libel.fr\/2019\/wp-json\/wp\/v2\/media?parent=4161"}],"wp:term":[{"taxonomy":"product_cat","embeddable":true,"href":"https:\/\/dev.editions-libel.fr\/2019\/wp-json\/wp\/v2\/product_cat?post=4161"},{"taxonomy":"product_tag","embeddable":true,"href":"https:\/\/dev.editions-libel.fr\/2019\/wp-json\/wp\/v2\/product_tag?post=4161"}],"curies":[{"name":"wp","href":"https:\/\/api.w.org\/{rel}","templated":true}]}}