{"id":4020,"date":"2018-09-18T09:40:03","date_gmt":"2018-09-18T08:40:03","guid":{"rendered":"http:\/\/www.editions-libel.fr\/maison-edition\/boutique\/eaux-fortes-limaginaire-du-fleuve-collector\/"},"modified":"2024-12-23T15:39:42","modified_gmt":"2024-12-23T14:39:42","slug":"eaux-fortes-limaginaire-du-fleuve-collector","status":"publish","type":"product","link":"https:\/\/dev.editions-libel.fr\/2019\/boutique\/eaux-fortes-limaginaire-du-fleuve-collector\/","title":{"rendered":"Eaux fortes &#8211; \u00c9dition limit\u00e9e"},"content":{"rendered":"[vc_row][vc_column][vc_column_text]<span style=\"text-decoration: underline;\"><a href=\"https:\/\/issuu.com\/libel\/docs\/libel_tardy_issuu\" target=\"_blank\" rel=\"noopener noreferrer\">Feuilleter un extrait<\/a><\/span><br \/>\n<span style=\"text-decoration: underline;\"><a href=\"https:\/\/www.editions-libel.fr\/maison-edition\/wp-content\/uploads\/DP_EAUX-FORTES.pdf\" target=\"_blank\" rel=\"noopener noreferrer\">Dossier de presse<\/a><\/span><br \/>\n<span style=\"text-decoration: underline;\"><a href=\"https:\/\/www.editions-libel.fr\/maison-edition\/wp-content\/uploads\/Notice_TARDY.pdf\" target=\"_blank\" rel=\"noopener noreferrer\">Notice libraire<\/a><\/span>[\/vc_column_text][\/vc_column][\/vc_row]\n","protected":false},"excerpt":{"rendered":"<p><strong>\u00c9puis\u00e9<\/strong><\/p>\n<p><strong><span style=\"color: #cc0000;\"><b>\u00c9dition limit\u00e9e, num\u00e9rot\u00e9e, sign\u00e9e et accompagn\u00e9e d&rsquo;une gravure originale<\/b><\/span><br \/>\nL&rsquo;imaginaire du fleuve<br \/>\n<\/strong>Philippe Tardy et Pierre Gras nous racontent leur propre imaginaire du fleuve, chacun \u00e0 partir de son moyen d\u2019expression privil\u00e9gi\u00e9 : la gravure en taille-douce pour Philippe, le r\u00e9cit pour Pierre.<br \/>\nPr\u00e9fac\u00e9 par\u00a0<strong>Erik Orsenna<\/strong>, ce bel ouvrage donne \u00e0 voir un floril\u00e8ge de gravures et de textes autour des th\u00e9matiques de l\u2019eau, de l\u2019environnement, du voyage et du monde fluvial.<\/p>\n<p><strong>35 exemplaires de t\u00eate ont \u00e9t\u00e9 tir\u00e9s pour c\u00e9l\u00e9brer l\u2019\u00e9dition de ce livre d\u2019artiste. Num\u00e9rot\u00e9s et sign\u00e9s par les auteurs, ces exemplaires sont accompagn\u00e9s\u00a0d\u2019une eau-forte originale de Philippe Tardy, \u201cLa rivi\u00e8re Li\u201d.<\/strong><\/p>\n<p><b><strong><span style=\"color: #f07c29;\">\u00c9galement disponible :<\/span><\/strong>\u00a0<\/b><a href=\"https:\/\/www.editions-libel.fr\/maison-edition\/boutique\/eaux-fortes-limaginaire-du-fleuve\/\">l&rsquo;\u00e9dition classique du livre <strong><em>Eaux fortes. L&rsquo;imaginaire du fleuve<\/em><\/strong><\/a><\/p>\n<p class=\"p1\"><em><br \/>\nOuvrage \u00e9dit\u00e9 avec le soutien des associations\u00a0<strong><a href=\"https:\/\/www.initiativesfleuves.org\/\" target=\"_blank\" rel=\"noopener noreferrer\">IAGF<\/a><\/strong>\u00a0&amp;\u00a0<a href=\"https:\/\/promofluvia.fr\/\" target=\"_blank\" rel=\"noopener noreferrer\"><strong>Promofluvia<\/strong><\/a>.<\/em><\/p>\n","protected":false},"featured_media":10173,"template":"","meta":[],"product_cat":[71,85,77,82,9,12,13,22],"product_tag":[],"class_list":["post-4020","product","type-product","status-publish","has-post-thumbnail","hentry","product_cat-arts","product_cat-editions-limitees","product_cat-histoire-2","product_cat-libel","product_cat-series-limitees","product_cat-art-contemporain","product_cat-beaux-arts","product_cat-recit"],"_links":{"self":[{"href":"https:\/\/dev.editions-libel.fr\/2019\/wp-json\/wp\/v2\/product\/4020","targetHints":{"allow":["GET"]}}],"collection":[{"href":"https:\/\/dev.editions-libel.fr\/2019\/wp-json\/wp\/v2\/product"}],"about":[{"href":"https:\/\/dev.editions-libel.fr\/2019\/wp-json\/wp\/v2\/types\/product"}],"wp:featuredmedia":[{"embeddable":true,"href":"https:\/\/dev.editions-libel.fr\/2019\/wp-json\/wp\/v2\/media\/10173"}],"wp:attachment":[{"href":"https:\/\/dev.editions-libel.fr\/2019\/wp-json\/wp\/v2\/media?parent=4020"}],"wp:term":[{"taxonomy":"product_cat","embeddable":true,"href":"https:\/\/dev.editions-libel.fr\/2019\/wp-json\/wp\/v2\/product_cat?post=4020"},{"taxonomy":"product_tag","embeddable":true,"href":"https:\/\/dev.editions-libel.fr\/2019\/wp-json\/wp\/v2\/product_tag?post=4020"}],"curies":[{"name":"wp","href":"https:\/\/api.w.org\/{rel}","templated":true}]}}