{"id":3994,"date":"2018-09-18T10:19:01","date_gmt":"2018-09-18T09:19:01","guid":{"rendered":"http:\/\/www.editions-libel.fr\/maison-edition\/boutique\/eaux-fortes-limaginaire-du-fleuve\/"},"modified":"2024-01-15T12:07:44","modified_gmt":"2024-01-15T11:07:44","slug":"eaux-fortes-limaginaire-du-fleuve","status":"publish","type":"product","link":"https:\/\/dev.editions-libel.fr\/2019\/boutique\/eaux-fortes-limaginaire-du-fleuve\/","title":{"rendered":"Eaux fortes"},"content":{"rendered":"[vc_row][vc_column][vc_column_text]<a href=\"https:\/\/issuu.com\/libel\/docs\/libel_tardy_issuu\">Feuilleter un extrait<\/a><br \/>\n<a href=\"https:\/\/www.editions-libel.fr\/maison-edition\/wp-content\/uploads\/DP_EAUX-FORTES.pdf\">Dossier de presse<\/a><br \/>\n<a href=\"https:\/\/www.editions-libel.fr\/maison-edition\/wp-content\/uploads\/Notice_TARDY-OK.pdf\">Notice libraire<\/a>[\/vc_column_text][\/vc_column][\/vc_row]\n","protected":false},"excerpt":{"rendered":"<p><strong><span style=\"color: #cc0000;\"><b>\u00c9puis\u00e9<\/b><\/span><br \/>\nL&rsquo;imaginaire du fleuve<br \/>\n<\/strong>Amazone, M\u00e9kong, Paran\u00e1, Saint-Laurent, Nil ou Rh\u00f4ne : qui n\u2019a jamais voyag\u00e9\u00a0en r\u00eavant de ces fleuves au long cours qui ont form\u00e9 depuis l\u2019enfance notre sens de\u00a0l\u2019imaginaire ? Leur histoire reste pourtant myst\u00e9rieuse et leur beaut\u00e9 secr\u00e8te.\u00a0Philippe Tardy et Pierre Gras nous racontent leur propre imaginaire du fleuve, chacun \u00e0 partir\u00a0de son moyen d\u2019expression privil\u00e9gi\u00e9 : la gravure en taille-douce pour Philippe, le r\u00e9cit pour\u00a0Pierre. Un parcours po\u00e9tique et pourtant r\u00e9aliste dans l\u2019univers des grands fleuves d\u2019aujourd\u2019hui,\u00a0mais aussi l\u2019histoire d\u2019une rencontre qui a donn\u00e9 naissance \u00e0 cet ouvrage original \u00e0 deux voix.<\/p>\n<p>Pr\u00e9fac\u00e9 par <strong>Erik Orsenna<\/strong>, ce bel ouvrage donne \u00e0 voir un floril\u00e8ge de gravures et de textes autour des th\u00e9matiques de l&rsquo;eau, de l&rsquo;environnement, du voyage et du monde fluvial.<\/p>\n<p><strong><span style=\"color: #f07c29;\"><b>\u00c9galement disponible :<\/b><\/span> <a href=\"https:\/\/www.editions-libel.fr\/maison-edition\/boutique\/eaux-fortes-limaginaire-du-fleuve-collector\/\">l&rsquo;\u00e9dition limit\u00e9e num\u00e9rot\u00e9e, sign\u00e9e et accompagn\u00e9e d\u2019une gravure originale<\/a><\/strong><\/p>\n<p class=\"p1\"><em><br \/>\nOuvrage \u00e9dit\u00e9 avec le soutien des associations <strong><a href=\"https:\/\/www.initiativesfleuves.org\/\" target=\"_blank\" rel=\"noopener noreferrer\">IAGF<\/a><\/strong> &amp; <a href=\"https:\/\/promofluvia.fr\/\" target=\"_blank\" rel=\"noopener noreferrer\"><strong>Promofluvia<\/strong><\/a>.<\/em><\/p>\n","protected":false},"featured_media":7697,"template":"","meta":[],"product_cat":[71,79,77,82,12,13,43,22],"product_tag":[],"class_list":["post-3994","product","type-product","status-publish","has-post-thumbnail","hentry","product_cat-arts","product_cat-derniers-exemplaires","product_cat-histoire-2","product_cat-libel","product_cat-art-contemporain","product_cat-beaux-arts","product_cat-patrimoines","product_cat-recit"],"_links":{"self":[{"href":"https:\/\/dev.editions-libel.fr\/2019\/wp-json\/wp\/v2\/product\/3994","targetHints":{"allow":["GET"]}}],"collection":[{"href":"https:\/\/dev.editions-libel.fr\/2019\/wp-json\/wp\/v2\/product"}],"about":[{"href":"https:\/\/dev.editions-libel.fr\/2019\/wp-json\/wp\/v2\/types\/product"}],"wp:featuredmedia":[{"embeddable":true,"href":"https:\/\/dev.editions-libel.fr\/2019\/wp-json\/wp\/v2\/media\/7697"}],"wp:attachment":[{"href":"https:\/\/dev.editions-libel.fr\/2019\/wp-json\/wp\/v2\/media?parent=3994"}],"wp:term":[{"taxonomy":"product_cat","embeddable":true,"href":"https:\/\/dev.editions-libel.fr\/2019\/wp-json\/wp\/v2\/product_cat?post=3994"},{"taxonomy":"product_tag","embeddable":true,"href":"https:\/\/dev.editions-libel.fr\/2019\/wp-json\/wp\/v2\/product_tag?post=3994"}],"curies":[{"name":"wp","href":"https:\/\/api.w.org\/{rel}","templated":true}]}}