{"id":3936,"date":"2018-08-27T15:39:09","date_gmt":"2018-08-27T14:39:09","guid":{"rendered":"http:\/\/www.editions-libel.fr\/maison-edition\/boutique\/la-colline-aux-corbeaux\/"},"modified":"2024-01-15T12:07:45","modified_gmt":"2024-01-15T11:07:45","slug":"la-colline-aux-corbeaux","status":"publish","type":"product","link":"https:\/\/dev.editions-libel.fr\/2019\/boutique\/la-colline-aux-corbeaux\/","title":{"rendered":"La Colline aux corbeaux"},"content":{"rendered":"[vc_row][vc_column][vc_column_text]<span style=\"text-decoration: underline;\"><a href=\"https:\/\/issuu.com\/libel\/docs\/pages_de_colline-issuu\" target=\"_blank\" rel=\"noopener noreferrer\">Feuilleter un extrait<\/a><\/span><br \/>\n<span style=\"text-decoration: underline;\"><a href=\"https:\/\/www.editions-libel.fr\/maison-edition\/wp-content\/uploads\/DP_Colline-bdef.pdf\" target=\"_blank\" rel=\"noopener noreferrer\">Dossier de presse<\/a><\/span><br \/>\n<span style=\"text-decoration: underline;\"><a href=\"https:\/\/www.editions-libel.fr\/maison-edition\/wp-content\/uploads\/Notice_COLLINE-bdef.pdf\" target=\"_blank\" rel=\"noopener noreferrer\">Notice libraire<\/a><\/span><\/p>\n<p>&nbsp;<\/p>\n<p><strong>On en parle :<\/strong>[\/vc_column_text][\/vc_column][\/vc_row][vc_row][vc_column][vc_tta_pageable no_fill_content_area=\u00a0\u00bb1&Prime; active_section=\u00a0\u00bb1&Prime; pagination_color=\u00a0\u00bborange\u00a0\u00bb][vc_tta_section title=\u00a0\u00bbSection 1&Prime; tab_id=\u00a0\u00bb1591087204084-d27f8f66-5f22&Prime;][vc_column_text]<em>Nous tenons \u00e0 vous dire que nous sommes tr\u00e8s touch\u00e9s par la qualit\u00e9 du travail qui est faite par tous votre \u00e9quipe.<br \/>\n<\/em>Heliane Bernard et Alexandre Faure, auteurs[\/vc_column_text][\/vc_tta_section][vc_tta_section title=\u00a0\u00bbSection 1&Prime; tab_id=\u00a0\u00bb1591087221291-e64ecca0-6781&Prime;][vc_column_text]<em>Excellent, il y avait longtemps que je n&rsquo;ai lu un aussi bon roman. Il allie l&rsquo;histoire de l&rsquo;\u00e9dition avec celles de deux villes, Lyon et Venise au XVI\u00b0 si\u00e8cle tout en nous faisant profiter d&rsquo;un bon polar! On attend la suite avec impatience&#8230;<br \/>\n<\/em>Isabelle R.[\/vc_column_text][\/vc_tta_section][vc_tta_section title=\u00a0\u00bbSection 1&Prime; tab_id=\u00a0\u00bb1591087606175-3edcaf93-70f5&Prime;][vc_column_text]<em>Tous les ingr\u00e9dients sont r\u00e9unis pour faire de \u00ab\u00a0La colline aux corbeaux\u00a0\u00bb un roman addictif dont on a h\u00e2te de conna\u00eetre le d\u00e9nouement, et qui, en plus de nous inciter \u00e0 tourner les pages toujours plus vite, vous plonge pleinement dans les m\u00e9andres et le pass\u00e9 de notre belle cit\u00e9.<br \/>\n<\/em>Blog in Lyon[\/vc_column_text][\/vc_tta_section][\/vc_tta_pageable][\/vc_column][\/vc_row]\n","protected":false},"excerpt":{"rendered":"<div id=\"tab-2c94af60-a783-10\" class=\"wpb_tab ui-tabs-panel wpb_ui-tabs-hide vc_clearfix ui-widget-content ui-corner-bottom\" role=\"tabpanel\" aria-labelledby=\"ui-id-1\" aria-hidden=\"false\">\n<div class=\"wpb_text_column wpb_content_element \">\n<div class=\"wpb_wrapper\"><!-- Bouton Ebook --><br \/>\n<a class=\"ebook\" href=\"https:\/\/www.editions-fablyo.fr\/produit\/la-colline-aux-corbeaux\/\" target=\"_blank\" rel=\"noopener noreferrer\"><img decoding=\"async\" style=\"width: 30px;\" src=\"https:\/\/www.editions-libel.fr\/maison-edition\/picto-fablyo-rose.svg\" \/>Ebook disponible ici<\/a><br \/>\n<!-- \/ Bouton Ebook --><br \/>\n<strong>Les Dents Noires, vol. 1<br \/>\n<\/strong>12 juillet 1515. Dioneo, apprenti imprimeur de 15 ans, assiste \u00e0 l\u2019Entr\u00e9e Royale du nouveau roi Fran\u00e7ois 1er \u00e0 Lyon, ville fronti\u00e8re du Royaume de France. T\u00e9moin et h\u00e9ros inconscient et provocateur d\u2019un incident banal, il ne peut deviner que cette journ\u00e9e va sceller son destin. Premier tome d\u2019une trilogie librement inspir\u00e9e de l\u2019histoire de l\u2019imprimerie, \u201cLes Dents noires\u201d, ce roman fait \u00e9cho aux interrogations et d\u00e9bats actuels, et qui n\u2019est pas sans \u00e9voquer notre \u00e9poque en pleine mutation.<\/div>\n<div><\/div>\n<div><\/div>\n<p>&nbsp;<\/p>\n<div class=\"wpb_wrapper\"><em>Cet ouvrage a \u00e9t\u00e9 publi\u00e9 avec le soutien de la R\u00e9gion Auvergne-Rh\u00f4ne-Alpes<\/em><\/div>\n<p>&nbsp;<\/p>\n<div><\/div>\n<div class=\"wpb_wrapper\"><em><strong>Prix Sable Noir 2019,<\/strong> Salon du Polar 83<br \/>\n<strong>Prix Litt\u00e9rature 2020,<\/strong> Lions Clubs international, C\u00f4te d&rsquo;Azur-Corse<\/em><\/div>\n<div class=\"wpb_wrapper\"><em><br \/>\n<\/em><strong><span style=\"color: #eb8367;\"><b>\u00c9galement disponible :<\/b><\/span> <span style=\"text-decoration: underline;\"><a href=\"https:\/\/www.editions-libel.fr\/maison-edition\/boutique\/lhomme-au-gant\/\"><em>L&rsquo;Homme au gant<\/em><\/a><\/span>\u00a0<\/strong>(Les Dents Noires, vol. 2) <strong>&amp;<\/strong> <strong><span style=\"text-decoration: underline;\"><a href=\"https:\/\/www.editions-libel.fr\/maison-edition\/boutique\/lencre-et-le-feu\/\" target=\"_blank\" rel=\"noopener noreferrer\"><em>L&rsquo;Encre et le feu<\/em><\/a><\/span><\/strong>\u00a0(Les Dents Noires, vol. 3)<\/div>\n<\/div>\n<\/div>\n","protected":false},"featured_media":6254,"template":"","meta":[],"product_cat":[77,82,70,15,17,43,22],"product_tag":[],"class_list":["post-3936","product","type-product","status-publish","has-post-thumbnail","hentry","product_cat-histoire-2","product_cat-libel","product_cat-litterature","product_cat-histoire","product_cat-lyon","product_cat-patrimoines","product_cat-recit"],"_links":{"self":[{"href":"https:\/\/dev.editions-libel.fr\/2019\/wp-json\/wp\/v2\/product\/3936","targetHints":{"allow":["GET"]}}],"collection":[{"href":"https:\/\/dev.editions-libel.fr\/2019\/wp-json\/wp\/v2\/product"}],"about":[{"href":"https:\/\/dev.editions-libel.fr\/2019\/wp-json\/wp\/v2\/types\/product"}],"wp:featuredmedia":[{"embeddable":true,"href":"https:\/\/dev.editions-libel.fr\/2019\/wp-json\/wp\/v2\/media\/6254"}],"wp:attachment":[{"href":"https:\/\/dev.editions-libel.fr\/2019\/wp-json\/wp\/v2\/media?parent=3936"}],"wp:term":[{"taxonomy":"product_cat","embeddable":true,"href":"https:\/\/dev.editions-libel.fr\/2019\/wp-json\/wp\/v2\/product_cat?post=3936"},{"taxonomy":"product_tag","embeddable":true,"href":"https:\/\/dev.editions-libel.fr\/2019\/wp-json\/wp\/v2\/product_tag?post=3936"}],"curies":[{"name":"wp","href":"https:\/\/api.w.org\/{rel}","templated":true}]}}