{"id":3890,"date":"2018-06-04T09:49:06","date_gmt":"2018-06-04T08:49:06","guid":{"rendered":"http:\/\/www.editions-libel.fr\/maison-edition\/boutique\/histoire-de-la-lutte-contre-le-feu-copie\/"},"modified":"2024-01-15T12:07:45","modified_gmt":"2024-01-15T11:07:45","slug":"histoire-de-la-lutte-contre-le-feu-jacques-perier","status":"publish","type":"product","link":"https:\/\/dev.editions-libel.fr\/2019\/boutique\/histoire-de-la-lutte-contre-le-feu-jacques-perier\/","title":{"rendered":"Histoire de la lutte contre le feu"},"content":{"rendered":"[vc_row][vc_column][vc_column_text]<span style=\"text-decoration: underline;\"><a href=\"https:\/\/issuu.com\/libel\/docs\/histoire_de_la_lutte_contre_le_feu\" target=\"_blank\" rel=\"noopener noreferrer\">Feuilleter un extrait<\/a><br \/>\n<a href=\"https:\/\/www.editions-libel.fr\/maison-edition\/wp-content\/uploads\/POMPIERS-SOMMAIRE.pdf\" target=\"_blank\" rel=\"noopener noreferrer\">Voir le sommaire<\/a><\/span><br \/>\n<span style=\"text-decoration: underline;\"><a href=\"https:\/\/www.editions-libel.fr\/maison-edition\/wp-content\/uploads\/DP_pompiers-bdef.pdf\" target=\"_blank\" rel=\"noopener noreferrer\">Dossier de presse<\/a><\/span><br \/>\n<span style=\"text-decoration: underline;\"><a href=\"https:\/\/www.editions-libel.fr\/maison-edition\/wp-content\/uploads\/Notice_POMPIERS-bdef.pdf\" target=\"_blank\" rel=\"noopener noreferrer\">Notice libraire<\/a><\/span><\/p>\n<p>&nbsp;<\/p>\n<p><strong>On en parle :<\/strong>[\/vc_column_text][\/vc_column][\/vc_row][vc_row][vc_column][vc_tta_pageable no_fill_content_area=\u00a0\u00bb1&Prime; active_section=\u00a0\u00bb1&Prime; pagination_color=\u00a0\u00bborange\u00a0\u00bb][vc_tta_section title=\u00a0\u00bbSection 1&Prime; tab_id=\u00a0\u00bb1591088016982-2e45337f-e141&Prime;][vc_column_text]<em>C&rsquo;est l\u00e0 le fruit d&rsquo;une vie de recherches. F\u00e9licitons aussi l&rsquo;\u00e9diteur qui ne s&rsquo;est pas content\u00e9 d&rsquo;en faire un beau livre, mais qui lui a gard\u00e9 son caract\u00e8re d&rsquo;\u00e9rudition, avec toutes les r\u00e9f\u00e9rences d&rsquo;archives donn\u00e9es en notes.<\/em><br \/>\nSoci\u00e9t\u00e9 d&rsquo;histoire de Lyon[\/vc_column_text][\/vc_tta_section][vc_tta_section title=\u00a0\u00bbSection 1&Prime; tab_id=\u00a0\u00bb1591087824075-d9d5a9a0-5b0b\u00a0\u00bb][vc_column_text]<em>Une immense saga, un travail magnifique qui m\u00e9riterait une validation universitaire.<\/em><br \/>\nJean-Fran\u00e7ois Schmauch[\/vc_column_text][\/vc_tta_section][vc_tta_section title=\u00a0\u00bbSection 1&Prime; tab_id=\u00a0\u00bb1591087980528-6f68bf2b-6f8d\u00a0\u00bb][vc_column_text]<em>Une histoire qui devrait toucher tout le monde et notamment les lyonnais qui aiment leur ville et son histoire. Une belle d\u00e9couverte.<\/em><br \/>\nG\u00e9raldine P.[\/vc_column_text][\/vc_tta_section][\/vc_tta_pageable][\/vc_column][\/vc_row]\n","protected":false},"excerpt":{"rendered":"<p><strong>Et les autres calamit\u00e9s dans la ville de Lyon<br \/>\n<\/strong>Lyon a toujours eu \u00e0 son service des hommes pr\u00eats \u00e0 se d\u00e9vouer pour sauvegarder sa population. Comment\u00a0les lyonnais se sont-ils organis\u00e9s en leur temps pour faire face aux incendies et autres catastrophes naturelles ?\u00a0Si l\u2019on conna\u00eet relativement bien cette histoire \u00e0 partir du XIX<span class=\"s1\">e <\/span>si\u00e8cle, elle est en revanche totalement in\u00e9dite pour les p\u00e9riodes ant\u00e9rieures. C\u2019est cette histoire lyonnaise,\u00a0in\u00e9dite et inattendue, que nous vous proposons de d\u00e9couvrir, depuis l\u2019Antiquit\u00e9 jusqu\u2019\u00e0 l\u2019aube du XX<span class=\"s1\">e <\/span>si\u00e8cle.<\/p>\n<p>Ouvrage \u00e9dit\u00e9 en partenariat avec le <a href=\"http:\/\/museepompiers.com\/\" target=\"_blank\" rel=\"noopener noreferrer\"><strong>Mus\u00e9e des sapeurs pompiers de Lyon-Rh\u00f4ne<\/strong><\/a><\/p>\n","protected":false},"featured_media":5300,"template":"","meta":[],"product_cat":[77,82,15,17,43,22,23,25],"product_tag":[],"class_list":["post-3890","product","type-product","status-publish","has-post-thumbnail","hentry","product_cat-histoire-2","product_cat-libel","product_cat-histoire","product_cat-lyon","product_cat-patrimoines","product_cat-recit","product_cat-regionalisme","product_cat-societe"],"_links":{"self":[{"href":"https:\/\/dev.editions-libel.fr\/2019\/wp-json\/wp\/v2\/product\/3890","targetHints":{"allow":["GET"]}}],"collection":[{"href":"https:\/\/dev.editions-libel.fr\/2019\/wp-json\/wp\/v2\/product"}],"about":[{"href":"https:\/\/dev.editions-libel.fr\/2019\/wp-json\/wp\/v2\/types\/product"}],"wp:featuredmedia":[{"embeddable":true,"href":"https:\/\/dev.editions-libel.fr\/2019\/wp-json\/wp\/v2\/media\/5300"}],"wp:attachment":[{"href":"https:\/\/dev.editions-libel.fr\/2019\/wp-json\/wp\/v2\/media?parent=3890"}],"wp:term":[{"taxonomy":"product_cat","embeddable":true,"href":"https:\/\/dev.editions-libel.fr\/2019\/wp-json\/wp\/v2\/product_cat?post=3890"},{"taxonomy":"product_tag","embeddable":true,"href":"https:\/\/dev.editions-libel.fr\/2019\/wp-json\/wp\/v2\/product_tag?post=3890"}],"curies":[{"name":"wp","href":"https:\/\/api.w.org\/{rel}","templated":true}]}}