{"id":3407,"date":"2017-12-06T11:17:15","date_gmt":"2017-12-06T10:17:15","guid":{"rendered":"http:\/\/www.editions-libel.fr\/maison-edition\/boutique\/mes-fiches-en-anglais-le-soin-infirmier-2\/"},"modified":"2024-09-09T14:36:52","modified_gmt":"2024-09-09T12:36:52","slug":"mes-fiches-en-anglais-le-soin-infirmier-2","status":"publish","type":"product","link":"https:\/\/dev.editions-libel.fr\/2019\/boutique\/mes-fiches-en-anglais-le-soin-infirmier-2\/","title":{"rendered":"Mes fiches en anglais \u2013 Le soin infirmier"},"content":{"rendered":"[vc_row][vc_column][vc_column_text]<span style=\"text-decoration: underline;\"><a href=\"https:\/\/issuu.com\/libel\/docs\/libel_lsi_issuu\" target=\"_blank\" rel=\"noopener noreferrer\">Feuilleter un extrait<\/a><\/span><br \/>\n<span style=\"text-decoration: underline;\"><a href=\"https:\/\/www.editions-libel.fr\/maison-edition\/wp-content\/uploads\/NOTICE_soin-infirmier-2018.pdf\" target=\"_blank\" rel=\"noopener noreferrer\">Notice libraire<\/a><\/span><\/p>\n<p>&nbsp;<\/p>\n<p><strong>On en parle :\u00a0<\/strong>[\/vc_column_text][\/vc_column][\/vc_row][vc_row][vc_column][vc_tta_pageable no_fill_content_area=\u00a0\u00bb1&Prime; active_section=\u00a0\u00bb1&Prime; pagination_color=\u00a0\u00bborange\u00a0\u00bb][vc_tta_section title=\u00a0\u00bbSection 1&Prime; tab_id=\u00a0\u00bb1591100940665-6a967f6f-4181&Prime;][vc_column_text]<em>N&rsquo;h\u00e9sitez pas, juste l&rsquo;essentiel indispensable ! Concis, pr\u00e9cis, tient dans une poche&#8230;. L&rsquo;essentiel pour \u00eatre professionnelle en face d&rsquo;un patient ! Attitudes, r\u00e9confort, \u00e9valuation de la douleur&#8230;<\/em><br \/>\nClient\u00b7e AMAZON[\/vc_column_text][\/vc_tta_section][\/vc_tta_pageable][\/vc_column][\/vc_row]\n","protected":false},"excerpt":{"rendered":"<p><strong>Communiquer en anglais dans les situations de soin du quotidien<br \/>\n<\/strong>Le guide pratique de conversation propose des phrases-type en anglais, un lexique et des planches anatomiques pour retrouver rapidement le vocabulaire sp\u00e9cifique aux soins. Un outil indispensable pour am\u00e9liorer l\u2019accueil et la prise en charge des patients non francophones \u00e0 chaque \u00e9tape de leur pr\u00e9sence \u00e0 l\u2019h\u00f4pital. Tient dans la poche d\u2019une blouse.<\/p>\n","protected":false},"featured_media":5365,"template":"","meta":[],"product_cat":[77,82,8,18],"product_tag":[],"class_list":["post-3407","product","type-product","status-publish","has-post-thumbnail","hentry","product_cat-histoire-2","product_cat-libel","product_cat-epuises","product_cat-medical"],"_links":{"self":[{"href":"https:\/\/dev.editions-libel.fr\/2019\/wp-json\/wp\/v2\/product\/3407","targetHints":{"allow":["GET"]}}],"collection":[{"href":"https:\/\/dev.editions-libel.fr\/2019\/wp-json\/wp\/v2\/product"}],"about":[{"href":"https:\/\/dev.editions-libel.fr\/2019\/wp-json\/wp\/v2\/types\/product"}],"wp:featuredmedia":[{"embeddable":true,"href":"https:\/\/dev.editions-libel.fr\/2019\/wp-json\/wp\/v2\/media\/5365"}],"wp:attachment":[{"href":"https:\/\/dev.editions-libel.fr\/2019\/wp-json\/wp\/v2\/media?parent=3407"}],"wp:term":[{"taxonomy":"product_cat","embeddable":true,"href":"https:\/\/dev.editions-libel.fr\/2019\/wp-json\/wp\/v2\/product_cat?post=3407"},{"taxonomy":"product_tag","embeddable":true,"href":"https:\/\/dev.editions-libel.fr\/2019\/wp-json\/wp\/v2\/product_tag?post=3407"}],"curies":[{"name":"wp","href":"https:\/\/api.w.org\/{rel}","templated":true}]}}