{"id":3396,"date":"2017-12-05T09:06:59","date_gmt":"2017-12-05T08:06:59","guid":{"rendered":"http:\/\/www.editions-libel.fr\/maison-edition\/boutique\/linvasion-des-grains-davoine\/"},"modified":"2024-01-15T12:08:01","modified_gmt":"2024-01-15T11:08:01","slug":"linvasion-des-grains-davoine","status":"publish","type":"product","link":"https:\/\/dev.editions-libel.fr\/2019\/boutique\/linvasion-des-grains-davoine\/","title":{"rendered":"L&rsquo;invasion des grains d&rsquo;avoine"},"content":{"rendered":"[vc_row][vc_column][vc_column_text]<span style=\"text-decoration: underline;\"><a href=\"https:\/\/issuu.com\/libel\/docs\/libel_avoine_issuu\" target=\"_blank\" rel=\"noopener noreferrer\">Feuilleter un extrait<\/a><\/span><br \/>\n<span style=\"text-decoration: underline;\"><a href=\"https:\/\/www.editions-libel.fr\/maison-edition\/wp-content\/uploads\/DP_AVOINE-ok.pdf\" target=\"_blank\" rel=\"noopener noreferrer\">Dossier de presse<\/a><\/span><br \/>\n<span style=\"text-decoration: underline;\"><a href=\"https:\/\/www.editions-libel.fr\/maison-edition\/wp-content\/uploads\/Notice-AVOINE.pdf\" target=\"_blank\" rel=\"noopener noreferrer\">Notice libraire<\/a><\/span>[\/vc_column_text][\/vc_column][\/vc_row]\n","protected":false},"excerpt":{"rendered":"<div id=\"tab-2c94af60-a783-10\" class=\"wpb_tab ui-tabs-panel wpb_ui-tabs-hide vc_clearfix ui-widget-content ui-corner-bottom\" role=\"tabpanel\" aria-labelledby=\"ui-id-1\" aria-hidden=\"false\">\n<div class=\"wpb_text_column wpb_content_element \">\n<div class=\"wpb_wrapper\"><!-- Bouton Ebook --><br \/>\n<a class=\"ebook\" href=\"https:\/\/www.editions-fablyo.fr\/produit\/linvasion-des-grains-davoine\/\" target=\"_blank\" rel=\"noopener noreferrer\"><img decoding=\"async\" style=\"width: 30px;\" src=\"https:\/\/www.editions-libel.fr\/maison-edition\/picto-fablyo-rose.svg\" \/>Ebook disponible ici<\/a><br \/>\n<!-- \/ Bouton Ebook --><br \/>\n<strong>Am\u00e8re r\u00e9colte<br \/>\n<\/strong>Le tissu canc\u00e9reux \u00e0 petites cellules du poumon a, au microscope, un aspect dit \u00ab\u2009en grains d\u2019avoine\u2009\u00bb. L\u2019auteur, atteint de ce cancer, en d\u00e9crit au fil du temps l\u2019\u00e9volution serpentine entre acc\u00e9l\u00e9ration et r\u00e9mission. Le docteur Robert parle ici en m\u00e9decin et en malade. Conf\u00e9rencier exp\u00e9riment\u00e9, il exprime franchement, dans son style imag\u00e9 perl\u00e9 d\u2019humour, ce que parfois les patients n\u2019osent dire. Dans ce journal, Jacques Robert \u00e9voque aussi volontiers certains fragments de vie et des sujets de passion,\u00a0comme la p\u00e9diatrie bien s\u00fbr, mais aussi la montagne ou la cuisine\u2026<\/p>\n","protected":false},"featured_media":5361,"template":"","meta":[],"product_cat":[77,82,70,18,22,25],"product_tag":[],"class_list":["post-3396","product","type-product","status-publish","has-post-thumbnail","hentry","product_cat-histoire-2","product_cat-libel","product_cat-litterature","product_cat-medical","product_cat-recit","product_cat-societe"],"_links":{"self":[{"href":"https:\/\/dev.editions-libel.fr\/2019\/wp-json\/wp\/v2\/product\/3396","targetHints":{"allow":["GET"]}}],"collection":[{"href":"https:\/\/dev.editions-libel.fr\/2019\/wp-json\/wp\/v2\/product"}],"about":[{"href":"https:\/\/dev.editions-libel.fr\/2019\/wp-json\/wp\/v2\/types\/product"}],"wp:featuredmedia":[{"embeddable":true,"href":"https:\/\/dev.editions-libel.fr\/2019\/wp-json\/wp\/v2\/media\/5361"}],"wp:attachment":[{"href":"https:\/\/dev.editions-libel.fr\/2019\/wp-json\/wp\/v2\/media?parent=3396"}],"wp:term":[{"taxonomy":"product_cat","embeddable":true,"href":"https:\/\/dev.editions-libel.fr\/2019\/wp-json\/wp\/v2\/product_cat?post=3396"},{"taxonomy":"product_tag","embeddable":true,"href":"https:\/\/dev.editions-libel.fr\/2019\/wp-json\/wp\/v2\/product_tag?post=3396"}],"curies":[{"name":"wp","href":"https:\/\/api.w.org\/{rel}","templated":true}]}}