{"id":3333,"date":"2017-11-22T09:47:14","date_gmt":"2017-11-22T08:47:14","guid":{"rendered":"http:\/\/www.editions-libel.fr\/maison-edition\/boutique\/vieux-lyon-annees-60\/"},"modified":"2024-01-15T12:08:02","modified_gmt":"2024-01-15T11:08:02","slug":"vieux-lyon-annees-60","status":"publish","type":"product","link":"https:\/\/dev.editions-libel.fr\/2019\/boutique\/vieux-lyon-annees-60\/","title":{"rendered":"Vieux-Lyon, ann\u00e9es 1960"},"content":{"rendered":"[vc_row][vc_column][vc_column_text]<span style=\"text-decoration: underline;\"><a href=\"https:\/\/issuu.com\/libel\/docs\/libel_vxlyon_issuu\" target=\"_blank\" rel=\"noopener noreferrer\">Feuilleter un extrait<\/a><\/span><br \/>\n<span style=\"text-decoration: underline;\"><a href=\"https:\/\/www.editions-libel.fr\/maison-edition\/wp-content\/uploads\/DP_VIEUX-LYON.pdf\" target=\"_blank\" rel=\"noopener noreferrer\">Dossier de presse<\/a><\/span><br \/>\n<span style=\"text-decoration: underline;\"><a href=\"https:\/\/www.editions-libel.fr\/maison-edition\/wp-content\/uploads\/Notice_VIEUX-LYON.pdf\" target=\"_blank\" rel=\"noopener noreferrer\">Notice libraire<\/a><\/span>[\/vc_column_text][\/vc_column][\/vc_row]\n","protected":false},"excerpt":{"rendered":"<p><strong>Ann\u00e9es 1960<br \/>\n<\/strong>Fin des ann\u00e9es 1960. Bernard Agreil, \u00e9tudiant\u00a0en photographie, tombe sous le charme des trois\u00a0quartiers qui forment le Vieux-Lyon, et surtout, de\u00a0ses habitants. Muni de son appareil, il se pr\u00eate \u00e0 un\u00a0exercice pour lequel il n\u2019avait ni enseignement, ni\u00a0mod\u00e8les : fixer des sc\u00e8nes de la vie courante.\u00a0Places, ruelles, tourelles et traboules du Vieux-Lyon\u00a0ne sont alors pas le centre de l\u2019activit\u00e9 touristique lyonnaise. Bernard Agreil\u00a0nous offre en 96 pages et 50 images remarquables,\u00a0accompagn\u00e9es d\u2019un texte in\u00e9dit de Gilbert\u00a0Vaudey, longtemps professeur d\u2019histoire, passionn\u00e9 de\u00a0sa ville natale dont il se fait le m\u00e9morialiste \u00e9mu.<\/p>\n<p><em>Cet ouvrage a \u00e9t\u00e9 publi\u00e9 avec le soutien de la R\u00e9gion Auvergne-Rh\u00f4ne-Alpes<\/em><\/p>\n","protected":false},"featured_media":5738,"template":"","meta":[],"product_cat":[71,77,82,15,17,43,21,22,25],"product_tag":[],"class_list":["post-3333","product","type-product","status-publish","has-post-thumbnail","hentry","product_cat-arts","product_cat-histoire-2","product_cat-libel","product_cat-histoire","product_cat-lyon","product_cat-patrimoines","product_cat-photographie","product_cat-recit","product_cat-societe"],"_links":{"self":[{"href":"https:\/\/dev.editions-libel.fr\/2019\/wp-json\/wp\/v2\/product\/3333","targetHints":{"allow":["GET"]}}],"collection":[{"href":"https:\/\/dev.editions-libel.fr\/2019\/wp-json\/wp\/v2\/product"}],"about":[{"href":"https:\/\/dev.editions-libel.fr\/2019\/wp-json\/wp\/v2\/types\/product"}],"wp:featuredmedia":[{"embeddable":true,"href":"https:\/\/dev.editions-libel.fr\/2019\/wp-json\/wp\/v2\/media\/5738"}],"wp:attachment":[{"href":"https:\/\/dev.editions-libel.fr\/2019\/wp-json\/wp\/v2\/media?parent=3333"}],"wp:term":[{"taxonomy":"product_cat","embeddable":true,"href":"https:\/\/dev.editions-libel.fr\/2019\/wp-json\/wp\/v2\/product_cat?post=3333"},{"taxonomy":"product_tag","embeddable":true,"href":"https:\/\/dev.editions-libel.fr\/2019\/wp-json\/wp\/v2\/product_tag?post=3333"}],"curies":[{"name":"wp","href":"https:\/\/api.w.org\/{rel}","templated":true}]}}