{"id":2986,"date":"2017-06-05T13:46:36","date_gmt":"2017-06-05T12:46:36","guid":{"rendered":"http:\/\/www.editions-libel.fr\/maison-edition\/boutique\/edition-collector-le-grand-hotel-dieu-de-lyon\/"},"modified":"2024-01-15T12:08:02","modified_gmt":"2024-01-15T11:08:02","slug":"le-grand-hotel-dieu-de-lyon-carnet-de-l-avant","status":"publish","type":"product","link":"https:\/\/dev.editions-libel.fr\/2019\/boutique\/le-grand-hotel-dieu-de-lyon-carnet-de-l-avant\/","title":{"rendered":"Le Grand H\u00f4tel Dieu de Lyon"},"content":{"rendered":"[vc_row][vc_column][vc_column_text]<span style=\"text-decoration: underline;\"><a href=\"https:\/\/issuu.com\/libel\/docs\/libel_ghd_issuu\" target=\"_blank\" rel=\"noopener noreferrer\">Feuilleter un extrait<\/a><\/span><br \/>\n<span style=\"text-decoration: underline;\"><a href=\"https:\/\/www.editions-libel.fr\/maison-edition\/wp-content\/uploads\/Presse-GHD2bis.pdf\" target=\"_blank\" rel=\"noopener noreferrer\">Dossier de presse<\/a><\/span><br \/>\n<span style=\"text-decoration: underline;\"><a href=\"https:\/\/www.editions-libel.fr\/maison-edition\/wp-content\/uploads\/NOTICE_GHD2.pdf\" target=\"_blank\" rel=\"noopener noreferrer\">Notice libraire<\/a><\/span><\/p>\n<p>&nbsp;<\/p>\n<p><strong>On en parle :<\/strong>[\/vc_column_text][\/vc_column][\/vc_row][vc_row][vc_column][vc_tta_pageable no_fill_content_area=\u00a0\u00bb1&Prime; active_section=\u00a0\u00bb1&Prime; pagination_color=\u00a0\u00bborange\u00a0\u00bb][vc_tta_section title=\u00a0\u00bbSection 1&Prime; tab_id=\u00a0\u00bb1591090473433-21c67e20-c3b2&Prime;][vc_column_text]<em>Je viens de recevoir ce magnifique livre et je vous adresse tous mes compliments.<\/em><br \/>\nMariejo D.[\/vc_column_text][\/vc_tta_section][vc_tta_section title=\u00a0\u00bbSection 1&Prime; tab_id=\u00a0\u00bb1591091284449-3413c5c5-a844&Prime;][vc_column_text]<em>Superbe projet, et quel beau livre ! La couverture est magnifique !<\/em><br \/>\nMarie-Clotilde Meillerand, docteure en histoire contemporaine[\/vc_column_text][\/vc_tta_section][\/vc_tta_pageable][\/vc_column][\/vc_row]\n","protected":false},"excerpt":{"rendered":"<p><strong><span style=\"color: #cc0000;\"><b>\u00c9puis\u00e9<br \/>\n<\/b><\/span><\/strong><strong>Carnet de l&rsquo;avant<br \/>\n<\/strong>Class\u00e9 monument historique, le Grand H\u00f4tel Dieu de Lyon \u00e9tire sa fa\u00e7ade majestueuse le long du Rh\u00f4ne. Depuis sa cr\u00e9ation au XII<sup>e<\/sup>si\u00e8cle, il contribue au rayonnement de la ville. Lieu de recherche m\u00e9dicale mais aussi architecturale, cet \u00e9difice tire toute sa richesse de cette histoire multiple. V\u00e9ritable carnet de visite du b\u00e2timent, ce livre d\u2019exception dresse un \u00e9tat des lieux de ce chef-d\u2019\u0153uvre architectural peaufin\u00e9 par le temps.<\/p>\n<p><strong><span style=\"color: #f07c29;\"><b>\u00c9galement disponible : <\/b><\/span><a href=\"https:\/\/www.editions-libel.fr\/maison-edition\/boutique\/le-grand-hotel-dieu-de-lyon-collector\/\" target=\"_blank\" rel=\"noopener noreferrer\">L&rsquo;\u00e9dition limit\u00e9e <\/a><\/strong><a href=\"https:\/\/www.editions-libel.fr\/maison-edition\/boutique\/le-grand-hotel-dieu-de-lyon-collector\/\" target=\"_blank\" rel=\"noopener noreferrer\">accompagn\u00e9e d\u2019une reproduction d&rsquo;art<\/a><\/p>\n","protected":false},"featured_media":6770,"template":"","meta":[],"product_cat":[71,77,82,11,8,15,17,43,23,25],"product_tag":[],"class_list":["post-2986","product","type-product","status-publish","has-post-thumbnail","hentry","product_cat-arts","product_cat-histoire-2","product_cat-libel","product_cat-architecture","product_cat-epuises","product_cat-histoire","product_cat-lyon","product_cat-patrimoines","product_cat-regionalisme","product_cat-societe"],"_links":{"self":[{"href":"https:\/\/dev.editions-libel.fr\/2019\/wp-json\/wp\/v2\/product\/2986","targetHints":{"allow":["GET"]}}],"collection":[{"href":"https:\/\/dev.editions-libel.fr\/2019\/wp-json\/wp\/v2\/product"}],"about":[{"href":"https:\/\/dev.editions-libel.fr\/2019\/wp-json\/wp\/v2\/types\/product"}],"wp:featuredmedia":[{"embeddable":true,"href":"https:\/\/dev.editions-libel.fr\/2019\/wp-json\/wp\/v2\/media\/6770"}],"wp:attachment":[{"href":"https:\/\/dev.editions-libel.fr\/2019\/wp-json\/wp\/v2\/media?parent=2986"}],"wp:term":[{"taxonomy":"product_cat","embeddable":true,"href":"https:\/\/dev.editions-libel.fr\/2019\/wp-json\/wp\/v2\/product_cat?post=2986"},{"taxonomy":"product_tag","embeddable":true,"href":"https:\/\/dev.editions-libel.fr\/2019\/wp-json\/wp\/v2\/product_tag?post=2986"}],"curies":[{"name":"wp","href":"https:\/\/api.w.org\/{rel}","templated":true}]}}