{"id":2932,"date":"2017-04-27T10:36:28","date_gmt":"2017-04-27T09:36:28","guid":{"rendered":"http:\/\/www.editions-libel.fr\/maison-edition\/boutique\/sevigne\/"},"modified":"2024-01-15T12:08:02","modified_gmt":"2024-01-15T11:08:02","slug":"sevigne","status":"publish","type":"product","link":"https:\/\/dev.editions-libel.fr\/2019\/boutique\/sevigne\/","title":{"rendered":"S\u00e9vign\u00e9"},"content":{"rendered":"[vc_row][vc_column][vc_column_text]<span style=\"text-decoration: underline;\"><a href=\"https:\/\/issuu.com\/libel\/docs\/libel_sevigne_issuu\" target=\"_blank\" rel=\"noopener noreferrer\">Feuilleter un extrait<\/a><br \/>\n<a href=\"https:\/\/www.editions-libel.fr\/maison-edition\/wp-content\/uploads\/SEVIGNE-SOMMAIRE.pdf\" target=\"_blank\" rel=\"noopener noreferrer\">Voir le sommaire<\/a><\/span><br \/>\n<span style=\"text-decoration: underline;\"><a href=\"https:\/\/www.editions-libel.fr\/maison-edition\/wp-content\/uploads\/DP_SE%CC%81VIGNE%CC%81.pdf\" target=\"_blank\" rel=\"noopener noreferrer\">Dossier de presse<\/a><\/span><br \/>\n<span style=\"text-decoration: underline;\"><a href=\"https:\/\/www.editions-libel.fr\/maison-edition\/wp-content\/uploads\/NOTICE_SEVIGNE.pdf\" target=\"_blank\" rel=\"noopener noreferrer\">Notice libraire<\/a><\/span><\/p>\n<p>&nbsp;<\/p>\n<p><strong>On en parle :<\/strong>[\/vc_column_text][\/vc_column][\/vc_row][vc_row][vc_column][vc_tta_pageable no_fill_content_area=\u00a0\u00bb1&Prime; active_section=\u00a0\u00bb1&Prime; pagination_color=\u00a0\u00bborange\u00a0\u00bb][vc_tta_section title=\u00a0\u00bbSection 1&Prime; tab_id=\u00a0\u00bb1591091491047-071dccc4-1a8d\u00a0\u00bb][vc_column_text]<em>\u00c0 chaque fois que j&rsquo;ai ce livre entre les mains, je me dis qu&rsquo;il faut que je vous remercie encore et encore pour tout le soin que Libel sait apporter aux ouvrages pour qu&rsquo;ils soient encore plus beaux &#8211; c&rsquo;est vraiment top de bosser comme \u00e7a !<br \/>\n<\/em>Fr\u00e9d\u00e9ric Mille, graphiste[\/vc_column_text][\/vc_tta_section][\/vc_tta_pageable][\/vc_column][\/vc_row]\n","protected":false},"excerpt":{"rendered":"<p><span style=\"color: #ff0000;\"><strong>\u00c9puis\u00e9<br \/>\n<\/strong><\/span><strong>\u00c9pistoli\u00e8re du Grand Si\u00e8cle <\/strong>[Collectif]<strong><br \/>\n<\/strong>Femme d\u2019esprit, Madame de S\u00e9vign\u00e9 partage sa vie entre Paris, la Bretagne et la Provence. D\u00e9parts et s\u00e9parations incessantes ont nourrit sa correspondance. La publication posthume de ses lettres brossant le portrait de la soci\u00e9t\u00e9 du XVIIe si\u00e8cle lui apporte la reconnaissance de son talent de plume et contribue \u00e0 la renomm\u00e9e du ch\u00e2teau de Grignan. Richement illustr\u00e9, cet ouvrage permet d\u2019entrer dans l\u2019intimit\u00e9 d\u2019une femme de lettres devenue un mythe.<\/p>\n<p>Ouvrage dirig\u00e9 par <strong>Chryst\u00e8le Burgard<\/strong> et \u00e9dit\u00e9 en partenariat avec le <a href=\"https:\/\/www.chateaux-ladrome.fr\/fr\/chateau-de-grignan\"><strong>Ch\u00e2teau de Grignan<\/strong><\/a> \u00e0 l&rsquo;occasion de l&rsquo;exposition \u00e9ponyme pr\u00e9sent\u00e9e du 25 mai au 22 octobre 2017.<\/p>\n","protected":false},"featured_media":8961,"template":"","meta":[],"product_cat":[71,77,82,70,13,8,15,43,23],"product_tag":[],"class_list":["post-2932","product","type-product","status-publish","has-post-thumbnail","hentry","product_cat-arts","product_cat-histoire-2","product_cat-libel","product_cat-litterature","product_cat-beaux-arts","product_cat-epuises","product_cat-histoire","product_cat-patrimoines","product_cat-regionalisme"],"_links":{"self":[{"href":"https:\/\/dev.editions-libel.fr\/2019\/wp-json\/wp\/v2\/product\/2932","targetHints":{"allow":["GET"]}}],"collection":[{"href":"https:\/\/dev.editions-libel.fr\/2019\/wp-json\/wp\/v2\/product"}],"about":[{"href":"https:\/\/dev.editions-libel.fr\/2019\/wp-json\/wp\/v2\/types\/product"}],"wp:featuredmedia":[{"embeddable":true,"href":"https:\/\/dev.editions-libel.fr\/2019\/wp-json\/wp\/v2\/media\/8961"}],"wp:attachment":[{"href":"https:\/\/dev.editions-libel.fr\/2019\/wp-json\/wp\/v2\/media?parent=2932"}],"wp:term":[{"taxonomy":"product_cat","embeddable":true,"href":"https:\/\/dev.editions-libel.fr\/2019\/wp-json\/wp\/v2\/product_cat?post=2932"},{"taxonomy":"product_tag","embeddable":true,"href":"https:\/\/dev.editions-libel.fr\/2019\/wp-json\/wp\/v2\/product_tag?post=2932"}],"curies":[{"name":"wp","href":"https:\/\/api.w.org\/{rel}","templated":true}]}}