{"id":10413,"date":"2025-04-07T14:12:49","date_gmt":"2025-04-07T12:12:49","guid":{"rendered":"https:\/\/www.editions-libel.fr\/maison-edition\/?post_type=product&#038;p=10413"},"modified":"2025-06-18T15:57:41","modified_gmt":"2025-06-18T13:57:41","slug":"energie-citoyenne-synergie-locale","status":"publish","type":"product","link":"https:\/\/dev.editions-libel.fr\/2019\/boutique\/energie-citoyenne-synergie-locale\/","title":{"rendered":"\u00c9nergie citoyenne, synergie locale"},"content":{"rendered":"[vc_row][vc_column][vc_column_text]<a href=\"https:\/\/heyzine.com\/flip-book\/9d03832a31.html\"><span style=\"text-decoration: underline;\">Feuilleter un extrait<\/span><\/a><br \/>\n<a href=\"https:\/\/www.editions-libel.fr\/maison-edition\/wp-content\/uploads\/COMMUNIQUE-ENERGIE-CITOYENNE.pdf\"><span style=\"text-decoration: underline;\">Dossier de presse<\/span><\/a><br \/>\n<a href=\"https:\/\/www.editions-libel.fr\/maison-edition\/wp-content\/uploads\/NOTICE_LIBEL_ENERGIE-CITOYENNE.pdf\"><span style=\"text-decoration: underline;\">Notice libraire<\/span><\/a>[\/vc_column_text][\/vc_column][\/vc_row]\n","protected":false},"excerpt":{"rendered":"<div id=\"tab-2c94af60-a783-10\" class=\"wpb_tab ui-tabs-panel wpb_ui-tabs-hide vc_clearfix ui-widget-content ui-corner-bottom\" role=\"tabpanel\" aria-labelledby=\"ui-id-1\" aria-hidden=\"false\">\n<div class=\"wpb_text_column wpb_content_element \">\n<div class=\"wpb_wrapper\">\n<p><strong>Les communaut\u00e9s \u00e9nerg\u00e9tiques citoyennes dans la Dr\u00f4me : r\u00e9inventer le syst\u00e8me \u00e9nerg\u00e9tique entre ancrage local et participation citoyenne<\/strong><\/p>\n<p class=\"p1\">Cet ouvrage s\u2019int\u00e9resse \u00e0 la place de projets \u00e0 gouvernance majoritairement citoyenne dans le syst\u00e8me \u00e9nerg\u00e9tique fran\u00e7ais et aux perspectives d\u2019\u00e9volution de l\u2019\u00e9nergie citoyenne en France. En consid\u00e9rant les communaut\u00e9s \u00e9nerg\u00e9tiques citoyennes comme des niches d\u2019innovations dans la transition \u00e9nerg\u00e9tique, ce sont de v\u00e9ritables alternatives au mod\u00e8le dominant du syst\u00e8me \u00e9nerg\u00e9tique fran\u00e7ais qui \u00e9mergent petit \u00e0 petit, d\u2019abord \u00e0 l\u2019\u00e9chelle europ\u00e9enne, mais aussi en France o\u00f9 le pouvoir politique s\u2019en saisit de plus en plus. L\u2019\u00e9nergie citoyenne s\u2019appuie sur la construction d\u2019un imaginaire de r\u00e9silience territoriale et propose une solution participative aux d\u00e9fis engendr\u00e9s par la crise climatique que notre soci\u00e9t\u00e9 traverse. Cet imaginaire s\u2019appuie notamment sur la d\u00e9finition des communaut\u00e9s \u00e9nerg\u00e9tiques comme des acteurs ancr\u00e9s sur un territoire qu\u2019elles cherchent \u00e0 valoriser, bien que la diversit\u00e9 de ces communaut\u00e9s refl\u00e8te la vari\u00e9t\u00e9 d\u2019approches citoyennes de la transition \u00e9nerg\u00e9tique.<\/p>\n<p class=\"bodytext\"><strong>Prix du m\u00e9moire de Sciences Po Lyon 2023.\u00a0<\/strong><\/p>\n<p><strong><span style=\"color: #eb8367;\">\u00c9galement \u00e9dit\u00e9s dans la collection <\/span>: <em><a href=\"https:\/\/www.editions-libel.fr\/maison-edition\/boutique\/art-cloche-yonna-soltner\/\">Art-Cloche. Les oubli\u00e9s de l&rsquo;histoire ?<\/a>,\u00a0<a href=\"https:\/\/www.editions-libel.fr\/maison-edition\/boutique\/rwanda-1994-et-instrumentalisation-du-corps-des-femmes\/\">Rwanda 1994 et instrumentalisation du corps des femmes<\/a>,<\/em>\u00a0<em><a href=\"https:\/\/www.editions-libel.fr\/maison-edition\/boutique\/les-ecosystemes-ont-ils-des-droits\/\">Les \u00e9cosyst\u00e8mes ont-ils des droits ?<\/a> et <a href=\"https:\/\/www.editions-libel.fr\/maison-edition\/boutique\/dix-ans-de-reconstruction-du-tohoku-apres-la-triple-catastrophe-du-11-mars-2011\/\">Dix ans de reconstruction du T\u00f4hoku apr\u00e8s la triple catastrophe du 11 mars 2011<\/a><\/em><\/strong><\/p>\n<\/div>\n<\/div>\n<\/div>\n","protected":false},"featured_media":10419,"template":"","meta":[],"product_cat":[88,77,82,7,22,23,25],"product_tag":[],"class_list":["post-10413","product","type-product","status-publish","has-post-thumbnail","hentry","product_cat-collection-sciences-po","product_cat-histoire-2","product_cat-libel","product_cat-nouveautes","product_cat-recit","product_cat-regionalisme","product_cat-societe"],"_links":{"self":[{"href":"https:\/\/dev.editions-libel.fr\/2019\/wp-json\/wp\/v2\/product\/10413","targetHints":{"allow":["GET"]}}],"collection":[{"href":"https:\/\/dev.editions-libel.fr\/2019\/wp-json\/wp\/v2\/product"}],"about":[{"href":"https:\/\/dev.editions-libel.fr\/2019\/wp-json\/wp\/v2\/types\/product"}],"wp:featuredmedia":[{"embeddable":true,"href":"https:\/\/dev.editions-libel.fr\/2019\/wp-json\/wp\/v2\/media\/10419"}],"wp:attachment":[{"href":"https:\/\/dev.editions-libel.fr\/2019\/wp-json\/wp\/v2\/media?parent=10413"}],"wp:term":[{"taxonomy":"product_cat","embeddable":true,"href":"https:\/\/dev.editions-libel.fr\/2019\/wp-json\/wp\/v2\/product_cat?post=10413"},{"taxonomy":"product_tag","embeddable":true,"href":"https:\/\/dev.editions-libel.fr\/2019\/wp-json\/wp\/v2\/product_tag?post=10413"}],"curies":[{"name":"wp","href":"https:\/\/api.w.org\/{rel}","templated":true}]}}