{"id":10209,"date":"2025-01-13T10:21:17","date_gmt":"2025-01-13T09:21:17","guid":{"rendered":"https:\/\/www.editions-libel.fr\/maison-edition\/?post_type=product&#038;p=10209"},"modified":"2025-04-23T10:20:39","modified_gmt":"2025-04-23T08:20:39","slug":"les-365-aliments-de-la-culture-gastronomique","status":"publish","type":"product","link":"https:\/\/dev.editions-libel.fr\/2019\/boutique\/les-365-aliments-de-la-culture-gastronomique\/","title":{"rendered":"Les 365 aliments de la culture gastronomique"},"content":{"rendered":"[vc_row][vc_column][vc_column_text]<a href=\"https:\/\/heyzine.com\/flip-book\/5ab48d0cce.html\" target=\"_blank\" rel=\"noopener\"><span style=\"text-decoration: underline;\">Feuilleter un extrait<\/span><\/a><br \/>\n<span style=\"text-decoration: underline;\">Dossier de presse<\/span><br \/>\n<span style=\"text-decoration: underline;\">Notice libraire<\/span>[\/vc_column_text][\/vc_column][\/vc_row]\n","protected":false},"excerpt":{"rendered":"<p><strong><span style=\"color: red;\">En pr\u00e9-commande<\/span><\/strong><br \/>\n<strong>365 produits incontournables de la connaissance culinaire cont\u00e9s par Simon Verger, <i>Meilleur Ouvrier de France Ma\u00eetre d\u2019h\u00f4tel<\/i><span class=\"s2\">, <\/span><i>du Service et des Arts de la table<\/i><\/strong><\/p>\n<p class=\"p1\">\u00ab Une simple carotte n\u2019est pas qu\u2019une carotte ; elle poss\u00e8de une histoire, une vari\u00e9t\u00e9, un producteur, un go\u00fbt, une origine, une appellation, une saison, et bien plus encore&#8230; Parce que je crois visc\u00e9ralement en la valorisation des m\u00e9tiers de la salle par la connaissance des produits de la culture gastronomique, en la transmission, l\u2019apprentissage et la connaissance, j\u2019ai pens\u00e9 cet ouvrage \u00e0 la fois p\u00e9dagogique, complet et ludique. \u00bb<\/p>\n<p><em><strong>Jusqu&rsquo;au 23 mai, pr\u00e9-commandez votre exemplaire de l&rsquo;ouvrage et b\u00e9n\u00e9ficiez de frais de port offerts ! <span style=\"text-decoration: underline;\">Livraison estim\u00e9e : printemps 2025\u00a0<\/span><\/strong><\/em><\/p>\n","protected":false},"featured_media":10228,"template":"","meta":[],"product_cat":[76,77,82,84,39,9,7,43,25],"product_tag":[],"class_list":["post-10209","product","type-product","status-publish","has-post-thumbnail","hentry","product_cat-gastronomie","product_cat-histoire-2","product_cat-libel","product_cat-offres-speciales","product_cat-a-paraitre","product_cat-series-limitees","product_cat-nouveautes","product_cat-patrimoines","product_cat-societe","product_shipping_class-promo"],"_links":{"self":[{"href":"https:\/\/dev.editions-libel.fr\/2019\/wp-json\/wp\/v2\/product\/10209","targetHints":{"allow":["GET"]}}],"collection":[{"href":"https:\/\/dev.editions-libel.fr\/2019\/wp-json\/wp\/v2\/product"}],"about":[{"href":"https:\/\/dev.editions-libel.fr\/2019\/wp-json\/wp\/v2\/types\/product"}],"wp:featuredmedia":[{"embeddable":true,"href":"https:\/\/dev.editions-libel.fr\/2019\/wp-json\/wp\/v2\/media\/10228"}],"wp:attachment":[{"href":"https:\/\/dev.editions-libel.fr\/2019\/wp-json\/wp\/v2\/media?parent=10209"}],"wp:term":[{"taxonomy":"product_cat","embeddable":true,"href":"https:\/\/dev.editions-libel.fr\/2019\/wp-json\/wp\/v2\/product_cat?post=10209"},{"taxonomy":"product_tag","embeddable":true,"href":"https:\/\/dev.editions-libel.fr\/2019\/wp-json\/wp\/v2\/product_tag?post=10209"}],"curies":[{"name":"wp","href":"https:\/\/api.w.org\/{rel}","templated":true}]}}