{"id":895,"date":"2016-03-31T09:33:09","date_gmt":"2016-03-31T08:33:09","guid":{"rendered":"http:\/\/www.editions-libel.fr\/2016\/?page_id=895"},"modified":"2024-10-01T16:01:35","modified_gmt":"2024-10-01T14:01:35","slug":"nous-contacter","status":"publish","type":"page","link":"https:\/\/dev.editions-libel.fr\/2019\/nous-contacter\/","title":{"rendered":"Nous contacter"},"content":{"rendered":"[vc_row el_class=\u00a0\u00bbnous-contacter\u00a0\u00bb][vc_column width=\u00a0\u00bb1\/4&Prime;][vc_column_text]\n<p style=\"font-color: black;\"><span class=\"Texte\">T\u00e9l \/ Fax : 04 72 16 93 72<br \/>\n<\/span><a class=\"contact\" href=\"mailto:contact@editions-libel.fr\">contact@editions-libel.fr<\/a><\/p>\n<p><span style=\"font-family: Lato, serif; font-weight: bold;\">\u00c9DITEUR<br \/>\n<\/span>Beno\u00eet Roux<br \/>\n<a class=\"contact\" href=\"mailto:b.roux@editions-libel.fr\">b.roux@editions-libel.fr<\/a><\/p>\n<p><span style=\"font-family: Lato, serif; font-weight: bold;\">DIFFUSION \/ RELATIONS LIBRAIRES<\/span><br \/>\nElise Deguero<br \/>\n<a class=\"contact\" href=\"mailto:e.deguero@editions-libel.fr\">e.deguero@editions-libel.fr<\/a><\/p>\n<p>Paloma Didelot<br \/>\n<a class=\"contact\" href=\"mailto:p.didelot@editions-libel.fr\">p.didelot@editions-libel.fr<\/a><\/p>\n<p><span style=\"font-family: Lato, serif; font-weight: bold;\">GRAPHISTE<\/span><br \/>\nCecilia G\u00e9rard<br \/>\n<a class=\"contact\" href=\"mailto:c.gerard@editions-libel.fr\">c.gerard@editions-libel.fr<\/a>[\/vc_column_text][vc_separator css=\u00a0\u00bb.vc_custom_1562253955890{margin-top: 10px !important;margin-bottom: 10px !important;}\u00a0\u00bb][vc_column_text]<strong>Nous n\u2019assurons plus de r\u00e9ponse personnalis\u00e9e aux manuscrits qui nous sont envoy\u00e9s : une absence de r\u00e9ponse apr\u00e8s trois mois \u00e9quivaut \u00e0 un refus. Merci de privil\u00e9gier les envois par mail pour un premier contact (les manuscrits arriv\u00e9s par voie postale ne sont pas renvoy\u00e9s, sinon aux frais des exp\u00e9diteurs).<\/strong>[\/vc_column_text][\/vc_column][vc_column width=\u00a0\u00bb1\/4&Prime;][vc_column_text]<strong><span style=\"font-size: 24px;\">Venir nous voir<\/span><\/strong><\/p>\n<p><span class=\"Texte\"><a class=\"contact\" href=\"https:\/\/www.google.fr\/maps\/place\/9+Rue+Franklin,+69002+Lyon\/@45.7534145,4.8242714,17z\/data=!3m1!4b1!4m2!3m1!1s0x47f4ebb2c033f6eb:0x939715c537cd3782\" target=\"_blank\" rel=\"noopener noreferrer\">9, rue Franklin 69002 LYON<\/a><\/span><\/p>\n<p><span style=\"font-family: Lato, serif; font-weight: bold;\">\u00c0 PIED<br \/>\n<\/span>Les bureaux des \u00e9ditions Libel se situent \u00e0 5 mn de la gare de Perrache, \u00e0 deux pas de la mairie du 2e arrondissement de Lyon[\/vc_column_text][vc_separator css=\u00a0\u00bb.vc_custom_1562253948181{margin-top: 10px !important;margin-bottom: 10px !important;}\u00a0\u00bb][vc_column_text]<span style=\"font-family: Lato, serif; font-weight: bold;\">TRANSPORTS EN COMMUN<br \/>\n<\/span>M\u00e9tro : Ligne A, station Amp\u00e8re<br \/>\nBus : Navette Presqu&rsquo;\u00eele (91), arr\u00eat Ainay[\/vc_column_text][vc_separator css=\u00a0\u00bb.vc_custom_1562253955890{margin-top: 10px !important;margin-bottom: 10px !important;}\u00a0\u00bb][vc_column_text]<span style=\"font-family: Lato, serif; font-weight: bold;\">EN VOITURE<br \/>\n<\/span>Suivre les quais du Rh\u00f4ne depuis le centre ville en direction de l&rsquo;autoroute A7, prendre \u00e0 droite et remonter la rue Franklin.[\/vc_column_text][\/vc_column][vc_column width=\u00a0\u00bb1\/2&Prime;][vc_column_text]\n<p><iframe loading=\"lazy\" style=\"border: 0;\" src=\"https:\/\/www.google.com\/maps\/embed?pb=!1m18!1m12!1m3!1d2783.8868412131296!2d4.8242713516739295!3d45.75341447900285!2m3!1f0!2f0!3f0!3m2!1i1024!2i768!4f13.1!3m3!1m2!1s0x47f4ebb2c033f6eb%3A0x939715c537cd3782!2s9+Rue+Franklin%2C+69002+Lyon!5e0!3m2!1sfr!2sfr!4v1452762428012\" width=\"600\" height=\"450\" frameborder=\"0\" allowfullscreen=\"allowfullscreen\"><\/iframe><\/p>\n[\/vc_column_text][\/vc_column][\/vc_row]\n","protected":false},"excerpt":{"rendered":"<p>[vc_row el_class=\u00a0\u00bbnous-contacter\u00a0\u00bb][vc_column width=\u00a0\u00bb1\/4&Prime;][vc_column_text] T\u00e9l \/ Fax : 04 72 16 93 72 contact@editions-libel.fr \u00c9DITEUR Beno\u00eet Roux b.roux@editions-libel.fr DIFFUSION \/ RELATIONS LIBRAIRES Elise Deguero e.deguero@editions-libel.fr Paloma Didelot p.didelot@editions-libel.fr GRAPHISTE Cecilia G\u00e9rard c.gerard@editions-libel.fr[\/vc_column_text][vc_separator css=\u00a0\u00bb.vc_custom_1562253955890{margin-top: 10px !important;margin-bottom: 10px !important;}\u00a0\u00bb][vc_column_text]Nous n\u2019assurons plus de r\u00e9ponse personnalis\u00e9e aux manuscrits qui nous sont envoy\u00e9s : une absence de r\u00e9ponse apr\u00e8s trois mois [&hellip;]<\/p>\n","protected":false},"author":93,"featured_media":0,"parent":0,"menu_order":0,"comment_status":"closed","ping_status":"closed","template":"","meta":{"footnotes":""},"class_list":["post-895","page","type-page","status-publish","hentry"],"_links":{"self":[{"href":"https:\/\/dev.editions-libel.fr\/2019\/wp-json\/wp\/v2\/pages\/895","targetHints":{"allow":["GET"]}}],"collection":[{"href":"https:\/\/dev.editions-libel.fr\/2019\/wp-json\/wp\/v2\/pages"}],"about":[{"href":"https:\/\/dev.editions-libel.fr\/2019\/wp-json\/wp\/v2\/types\/page"}],"author":[{"embeddable":true,"href":"https:\/\/dev.editions-libel.fr\/2019\/wp-json\/wp\/v2\/users\/93"}],"replies":[{"embeddable":true,"href":"https:\/\/dev.editions-libel.fr\/2019\/wp-json\/wp\/v2\/comments?post=895"}],"version-history":[{"count":34,"href":"https:\/\/dev.editions-libel.fr\/2019\/wp-json\/wp\/v2\/pages\/895\/revisions"}],"predecessor-version":[{"id":9991,"href":"https:\/\/dev.editions-libel.fr\/2019\/wp-json\/wp\/v2\/pages\/895\/revisions\/9991"}],"wp:attachment":[{"href":"https:\/\/dev.editions-libel.fr\/2019\/wp-json\/wp\/v2\/media?parent=895"}],"curies":[{"name":"wp","href":"https:\/\/api.w.org\/{rel}","templated":true}]}}