{"id":7078,"date":"2020-09-25T17:08:48","date_gmt":"2020-09-25T15:08:48","guid":{"rendered":"https:\/\/www.editions-libel.fr\/maison-edition\/?page_id=7078"},"modified":"2020-10-13T11:57:44","modified_gmt":"2020-10-13T09:57:44","slug":"editeurs-diffuses","status":"publish","type":"page","link":"https:\/\/dev.editions-libel.fr\/2019\/editeurs-diffuses\/","title":{"rendered":"\u00c9diteurs diffus\u00e9s"},"content":{"rendered":"[vc_row full_width=\u00a0\u00bbstretch_row\u00a0\u00bb css=\u00a0\u00bb.vc_custom_1601059189781{padding-top: 50px !important;padding-bottom: 50px !important;background-color: #ede8de !important;}\u00a0\u00bb][vc_column][vc_row_inner css=\u00a0\u00bb.vc_custom_1601059197317{padding-left: 0px !important;}\u00a0\u00bb][vc_column_inner width=\u00a0\u00bb1\/4&Prime; css=\u00a0\u00bb.vc_custom_1601059122351{padding-left: 0px !important;}\u00a0\u00bb][vc_single_image image=\u00a0\u00bb7103&Prime; img_size=\u00a0\u00bbmedium\u00a0\u00bb onclick=\u00a0\u00bbcustom_link\u00a0\u00bb img_link_target=\u00a0\u00bb_blank\u00a0\u00bb css_animation=\u00a0\u00bbslideInRight\u00a0\u00bb link=\u00a0\u00bbhttp:\/\/www.caue69.fr\u00a0\u00bb][\/vc_column_inner][vc_column_inner width=\u00a0\u00bb3\/4&Prime;][vc_column_text]\n<h2>CAUE Rh\u00f4ne M\u00e9tropole<\/h2>\n<p>Le CAUE Rh\u00f4ne M\u00e9tropole, acteur associatif, institutionnel et ind\u00e9pendant, s\u2019est engag\u00e9 depuis 40 ans en faveur de la qualit\u00e9 du cadre de vie et de la pr\u00e9servation des paysages naturels et urbains.<br \/>\nIl conseille, forme, informe et sensibilise tous les publics dans le cadre de ses missions d\u2019int\u00e9r\u00eat g\u00e9n\u00e9ral confi\u00e9es par la loi sur l\u2019Architecture du 3 janvier 1977.<br \/>\nSon approche est p\u00e9dagogique et r\u00e9pond aux enjeux de notre soci\u00e9t\u00e9.[\/vc_column_text][\/vc_column_inner][\/vc_row_inner][\/vc_column][\/vc_row][vc_row css=\u00a0\u00bb.vc_custom_1601112454141{padding-top: 30px !important;}\u00a0\u00bb][vc_column][vc_column_text css=\u00a0\u00bb.vc_custom_1602509686616{padding-bottom: 30px !important;}\u00a0\u00bb]\n<h5>LIVRES DU CAUE RH\u00d4NE M\u00c9TROPOLE<\/h5>\n[\/vc_column_text]<div class=\"woocommerce columns-4 \"><ul class=\"products columns-4\">\n<li class=\"post-7143 product type-product status-publish has-post-thumbnail hentry product_cat-caue\">\n\t<div class=\"book-item-shop\">\n\t\t\n\t\t<div class=\"book-item \" >\n\t\t\t<!-- TDE : Ajout du lien sur le visuel -->\n\t\t\t<a href=\"https:\/\/dev.editions-libel.fr\/2019\/boutique\/le-beaujolais\/\" title=\"\">\n\n\n\t\t\t\t<div class=\"book-image\">\n\t\t\t\t\t\t\t\t\t<\/div>\n\t\t\t\t<div class=\"book-actions\">\n\t\t\t\t\t<div class=\"list-action\">\n\t\t\t\t\t\t\n\t\t\t\t\t\t\n\t\t\t\t\t<\/div><!--End list-action-->\n\t\t\t\t<\/div>\n\t\t\t<\/a>\n\t\t<\/div>\n\t\t<div class=\"book-info\">\n\t\t\t\t\t\t<span class=\"book-name\"><a href=\"https:\/\/dev.editions-libel.fr\/2019\/boutique\/le-beaujolais\/\">Le Beaujolais<\/a><\/span>\n\t\t\t<span class=\"book-author\">\n\t\t\t\t                                        \t\t\t<\/span>\n\t\t\t\t\t\t\t<span class=\"book-price\">\n\t<span class=\"price\"><span class=\"woocommerce-Price-amount amount\"><bdi>8,00&nbsp;<span class=\"woocommerce-Price-currencySymbol\">&euro;<\/span><\/bdi><\/span><\/span>\n<\/span>\n\t\t\t\t\t<\/div>\n\t<\/div>\n<\/li>\n<li class=\"post-7119 product type-product status-publish has-post-thumbnail hentry product_cat-caue\">\n\t<div class=\"book-item-shop\">\n\t\t\n\t\t<div class=\"book-item \" >\n\t\t\t<!-- TDE : Ajout du lien sur le visuel -->\n\t\t\t<a href=\"https:\/\/dev.editions-libel.fr\/2019\/boutique\/carnet-de-territoire\/\" title=\"\">\n\n\n\t\t\t\t<div class=\"book-image\">\n\t\t\t\t\t\t\t\t\t<\/div>\n\t\t\t\t<div class=\"book-actions\">\n\t\t\t\t\t<div class=\"list-action\">\n\t\t\t\t\t\t\n\t\t\t\t\t\t\n\t\t\t\t\t<\/div><!--End list-action-->\n\t\t\t\t<\/div>\n\t\t\t<\/a>\n\t\t<\/div>\n\t\t<div class=\"book-info\">\n\t\t\t\t\t\t<span class=\"book-name\"><a href=\"https:\/\/dev.editions-libel.fr\/2019\/boutique\/carnet-de-territoire\/\">Le Lyonnais, monts et coteaux<\/a><\/span>\n\t\t\t<span class=\"book-author\">\n\t\t\t\t                                        \t\t\t<\/span>\n\t\t\t\t\t\t\t<span class=\"book-price\">\n\t<span class=\"price\"><span class=\"woocommerce-Price-amount amount\"><bdi>15,00&nbsp;<span class=\"woocommerce-Price-currencySymbol\">&euro;<\/span><\/bdi><\/span><\/span>\n<\/span>\n\t\t\t\t\t<\/div>\n\t<\/div>\n<\/li>\n<\/ul>\n<\/div>[\/vc_column][\/vc_row][vc_row full_width=\u00a0\u00bbstretch_row\u00a0\u00bb css=\u00a0\u00bb.vc_custom_1602504058108{padding-top: 50px !important;padding-bottom: 50px !important;background-color: #ede8de !important;}\u00a0\u00bb el_class=\u00a0\u00bbain\u00a0\u00bb][vc_column][vc_row_inner css=\u00a0\u00bb.vc_custom_1601059197317{padding-left: 0px !important;}\u00a0\u00bb][vc_column_inner width=\u00a0\u00bb1\/4&Prime; css=\u00a0\u00bb.vc_custom_1601059122351{padding-left: 0px !important;}\u00a0\u00bb][vc_single_image image=\u00a0\u00bb7102&Prime; img_size=\u00a0\u00bbmedium\u00a0\u00bb onclick=\u00a0\u00bbcustom_link\u00a0\u00bb img_link_target=\u00a0\u00bb_blank\u00a0\u00bb css_animation=\u00a0\u00bbslideInRight\u00a0\u00bb link=\u00a0\u00bbhttps:\/\/www.ain.fr\u00a0\u00bb][\/vc_column_inner][vc_column_inner width=\u00a0\u00bb3\/4&Prime;][vc_column_text]\n<h2>D\u00e9partement de l&rsquo;Ain<\/h2>\n<p>Lorem ipsum dolor sit amet, consectetur adipiscing elit, sed do eiusmod tempor incididunt ut labore et dolore magna aliqua. Ut enim ad minim veniam, quis nostrud exercitation ullamco laboris nisi ut aliquip ex ea commodo consequat. Duis aute irure dolor in reprehenderit in voluptate velit esse cillum dolore eu fugiat nulla pariatur. Excepteur sint occaecat cupidatat non proident, sunt in culpa qui officia deserunt mollit anim id est laborum.[\/vc_column_text][\/vc_column_inner][\/vc_row_inner][\/vc_column][\/vc_row][vc_row css=\u00a0\u00bb.vc_custom_1602504069759{padding-top: 30px !important;}\u00a0\u00bb el_class=\u00a0\u00bbain\u00a0\u00bb][vc_column][vc_column_text css=\u00a0\u00bb.vc_custom_1601112339465{padding-bottom: 30px !important;}\u00a0\u00bb]\n<h5>LIVRES DU D\u00c9PARTEMENT DE L&rsquo;AIN<\/h5>\n[\/vc_column_text]<div class=\"woocommerce columns-6 \"><ul class=\"products columns-6\">\n<li class=\"post-3994 product type-product status-publish has-post-thumbnail hentry product_cat-art-contemporain product_cat-arts product_cat-beaux-arts product_cat-derniers-exemplaires product_cat-histoire-2 product_cat-libel product_cat-patrimoines product_cat-recit\">\n\t<div class=\"book-item-shop\">\n\t\t\n\t\t<div class=\"book-item \" >\n\t\t\t<!-- TDE : Ajout du lien sur le visuel -->\n\t\t\t<a href=\"https:\/\/dev.editions-libel.fr\/2019\/boutique\/eaux-fortes-limaginaire-du-fleuve\/\" title=\"\">\n\n\n\t\t\t\t<div class=\"book-image\">\n\t\t\t\t\t\t\t\t\t<\/div>\n\t\t\t\t<div class=\"book-actions\">\n\t\t\t\t\t<div class=\"list-action\">\n\t\t\t\t\t\t\n\t\t\t\t\t\t\n\t\t\t\t\t<\/div><!--End list-action-->\n\t\t\t\t<\/div>\n\t\t\t<\/a>\n\t\t<\/div>\n\t\t<div class=\"book-info\">\n\t\t\t\t\t\t<span class=\"book-name\"><a href=\"https:\/\/dev.editions-libel.fr\/2019\/boutique\/eaux-fortes-limaginaire-du-fleuve\/\">Eaux fortes<\/a><\/span>\n\t\t\t<span class=\"book-author\">\n\t\t\t\t                                                            \t                                                    <a href=\"https:\/\/dev.editions-libel.fr\/2019\/author-book\/pierre-gras\/\" target=\"blank\">Pierre Gras<\/a>,\n                                                    <a href=\"https:\/\/dev.editions-libel.fr\/2019\/author-book\/philippe-tardy\/\" target=\"blank\">Philippe Tardy<\/a>,\n                                                                    \t\t\t<\/span>\n\t\t\t\t\t\t\t<span class=\"book-price\">\n\t<span class=\"price\"><span class=\"woocommerce-Price-amount amount\"><bdi>29,00&nbsp;<span class=\"woocommerce-Price-currencySymbol\">&euro;<\/span><\/bdi><\/span><\/span>\n<\/span>\n\t\t\t\t\t<\/div>\n\t<\/div>\n<\/li>\n<li class=\"post-4020 product type-product status-publish has-post-thumbnail hentry product_cat-art-contemporain product_cat-arts product_cat-beaux-arts product_cat-editions-limitees product_cat-histoire-2 product_cat-libel product_cat-recit product_cat-series-limitees\">\n\t<div class=\"book-item-shop\">\n\t\t\n\t\t<div class=\"book-item \" >\n\t\t\t<!-- TDE : Ajout du lien sur le visuel -->\n\t\t\t<a href=\"https:\/\/dev.editions-libel.fr\/2019\/boutique\/eaux-fortes-limaginaire-du-fleuve-collector\/\" title=\"\">\n\n\n\t\t\t\t<div class=\"book-image\">\n\t\t\t\t\t\t\t\t\t<\/div>\n\t\t\t\t<div class=\"book-actions\">\n\t\t\t\t\t<div class=\"list-action\">\n\t\t\t\t\t\t\n\t\t\t\t\t\t\n\t\t\t\t\t<\/div><!--End list-action-->\n\t\t\t\t<\/div>\n\t\t\t<\/a>\n\t\t<\/div>\n\t\t<div class=\"book-info\">\n\t\t\t\t\t\t<span class=\"book-name\"><a href=\"https:\/\/dev.editions-libel.fr\/2019\/boutique\/eaux-fortes-limaginaire-du-fleuve-collector\/\">Eaux fortes &#8211; \u00c9dition limit\u00e9e<\/a><\/span>\n\t\t\t<span class=\"book-author\">\n\t\t\t\t                                                            \t                                                    <a href=\"https:\/\/dev.editions-libel.fr\/2019\/author-book\/philippe-tardy\/\" target=\"blank\">Philippe Tardy<\/a>,\n                                                    <a href=\"https:\/\/dev.editions-libel.fr\/2019\/author-book\/pierre-gras\/\" target=\"blank\">Pierre Gras<\/a>,\n                                                                    \t\t\t<\/span>\n\t\t\t\t\t\t\t<span class=\"book-price\">\n\t<span class=\"price\"><span class=\"woocommerce-Price-amount amount\"><bdi>250,00&nbsp;<span class=\"woocommerce-Price-currencySymbol\">&euro;<\/span><\/bdi><\/span><\/span>\n<\/span>\n\t\t\t\t\t<\/div>\n\t<\/div>\n<\/li>\n<li class=\"post-9652 product type-product status-publish has-post-thumbnail hentry product_cat-arts product_cat-beaux-arts product_cat-libel product_cat-lyon product_cat-patrimoines\">\n\t<div class=\"book-item-shop\">\n\t\t\n\t\t<div class=\"book-item \" >\n\t\t\t<!-- TDE : Ajout du lien sur le visuel -->\n\t\t\t<a href=\"https:\/\/dev.editions-libel.fr\/2019\/boutique\/bas-arts-lyonnais\/\" title=\"\">\n\n\n\t\t\t\t<div class=\"book-image\">\n\t\t\t\t\t\t\t\t\t<\/div>\n\t\t\t\t<div class=\"book-actions\">\n\t\t\t\t\t<div class=\"list-action\">\n\t\t\t\t\t\t\n\t\t\t\t\t\t\n\t\t\t\t\t<\/div><!--End list-action-->\n\t\t\t\t<\/div>\n\t\t\t<\/a>\n\t\t<\/div>\n\t\t<div class=\"book-info\">\n\t\t\t\t\t\t<span class=\"book-name\"><a href=\"https:\/\/dev.editions-libel.fr\/2019\/boutique\/bas-arts-lyonnais\/\">Bas arts lyonnais<\/a><\/span>\n\t\t\t<span class=\"book-author\">\n\t\t\t\t                                                            \t                                                    <a href=\"https:\/\/dev.editions-libel.fr\/2019\/author-book\/philippe-brunel\/\" target=\"blank\">Philippe Brunel<\/a>,\n                                                    <a href=\"https:\/\/dev.editions-libel.fr\/2019\/author-book\/joel-daire\/\" target=\"blank\">Jo\u00ebl Daire<\/a>,\n                                                    <a href=\"https:\/\/dev.editions-libel.fr\/2019\/author-book\/jerome-dorival\/\" target=\"blank\">J\u00e9r\u00f4me Dorival<\/a>,\n                                                    <a href=\"https:\/\/dev.editions-libel.fr\/2019\/author-book\/jean-christophe-stuccilli\/\" target=\"blank\">Jean-Christophe Stuccilli<\/a>,\n                                                    <a href=\"https:\/\/dev.editions-libel.fr\/2019\/author-book\/denis-vaginay\/\" target=\"blank\">Denis Vaginay<\/a>,\n                                                                    \t\t\t<\/span>\n\t\t\t\t\t\t\t<span class=\"book-price\">\n\t<span class=\"price\"><span class=\"woocommerce-Price-amount amount\"><bdi>38,00&nbsp;<span class=\"woocommerce-Price-currencySymbol\">&euro;<\/span><\/bdi><\/span><\/span>\n<\/span>\n\t\t\t\t\t<\/div>\n\t<\/div>\n<\/li>\n<\/ul>\n<\/div>[\/vc_column][\/vc_row]\n","protected":false},"excerpt":{"rendered":"<p>[vc_row full_width=\u00a0\u00bbstretch_row\u00a0\u00bb css=\u00a0\u00bb.vc_custom_1601059189781{padding-top: 50px !important;padding-bottom: 50px !important;background-color: #ede8de !important;}\u00a0\u00bb][vc_column][vc_row_inner css=\u00a0\u00bb.vc_custom_1601059197317{padding-left: 0px !important;}\u00a0\u00bb][vc_column_inner width=\u00a0\u00bb1\/4&Prime; css=\u00a0\u00bb.vc_custom_1601059122351{padding-left: 0px !important;}\u00a0\u00bb][vc_single_image image=\u00a0\u00bb7103&Prime; img_size=\u00a0\u00bbmedium\u00a0\u00bb onclick=\u00a0\u00bbcustom_link\u00a0\u00bb img_link_target=\u00a0\u00bb_blank\u00a0\u00bb css_animation=\u00a0\u00bbslideInRight\u00a0\u00bb link=\u00a0\u00bbhttp:\/\/www.caue69.fr\u00a0\u00bb][\/vc_column_inner][vc_column_inner width=\u00a0\u00bb3\/4&Prime;][vc_column_text] CAUE Rh\u00f4ne M\u00e9tropole Le CAUE Rh\u00f4ne M\u00e9tropole, acteur associatif, institutionnel et ind\u00e9pendant, s\u2019est engag\u00e9 depuis 40 ans en faveur de la qualit\u00e9 du cadre de vie et de la pr\u00e9servation des paysages [&hellip;]<\/p>\n","protected":false},"author":93,"featured_media":0,"parent":0,"menu_order":0,"comment_status":"closed","ping_status":"closed","template":"","meta":{"footnotes":""},"class_list":["post-7078","page","type-page","status-publish","hentry"],"_links":{"self":[{"href":"https:\/\/dev.editions-libel.fr\/2019\/wp-json\/wp\/v2\/pages\/7078","targetHints":{"allow":["GET"]}}],"collection":[{"href":"https:\/\/dev.editions-libel.fr\/2019\/wp-json\/wp\/v2\/pages"}],"about":[{"href":"https:\/\/dev.editions-libel.fr\/2019\/wp-json\/wp\/v2\/types\/page"}],"author":[{"embeddable":true,"href":"https:\/\/dev.editions-libel.fr\/2019\/wp-json\/wp\/v2\/users\/93"}],"replies":[{"embeddable":true,"href":"https:\/\/dev.editions-libel.fr\/2019\/wp-json\/wp\/v2\/comments?post=7078"}],"version-history":[{"count":38,"href":"https:\/\/dev.editions-libel.fr\/2019\/wp-json\/wp\/v2\/pages\/7078\/revisions"}],"predecessor-version":[{"id":7141,"href":"https:\/\/dev.editions-libel.fr\/2019\/wp-json\/wp\/v2\/pages\/7078\/revisions\/7141"}],"wp:attachment":[{"href":"https:\/\/dev.editions-libel.fr\/2019\/wp-json\/wp\/v2\/media?parent=7078"}],"curies":[{"name":"wp","href":"https:\/\/api.w.org\/{rel}","templated":true}]}}